{"id":2379,"date":"2020-04-14T13:54:37","date_gmt":"2020-04-14T11:54:37","guid":{"rendered":"https:\/\/dmimmobrokers.com\/contacto\/"},"modified":"2020-04-28T08:09:06","modified_gmt":"2020-04-28T06:09:06","slug":"contact","status":"publish","type":"page","link":"https:\/\/dmimmobrokers.com\/ru\/contact\/","title":{"rendered":"Contact"},"content":{"rendered":"<div class=\"wpb-content-wrapper\"><p>[vc_row css_animation=&#187;&#187; row_type=&#187;row&#187; use_row_as_full_screen_section=&#187;no&#187; type=&#187;grid&#187; angled_section=&#187;no&#187; text_align=&#187;left&#187; background_image_as_pattern=&#187;without_pattern&#187; css=&#187;.vc_custom_1518091430901{padding-top: 50px !important;padding-bottom: 50px !important;}&#187;][vc_column width=&#187;2\/3&#8243; css=&#187;.vc_custom_1518690714531{padding-top: 10px !important;padding-bottom: 10px !important;}&#187;][vc_row_inner row_type=&#187;row&#187; type=&#187;full_width&#187; text_align=&#187;left&#187; css_animation=&#187;&#187;][vc_column_inner][vc_column_text el_class=&#187;justify&#187;]<\/p>\n<h2><span lang=\"RU\">\u0415\u0441\u043b\u0438<\/span> <span lang=\"RU\">\u0432\u0430\u043c<\/span> <span lang=\"RU\">\u043d\u0443\u0436\u043d\u0430<\/span><span lang=\"RU\">\u043a\u043e\u043d\u0441\u0443\u043b\u044c\u0442\u0430\u0446\u0438\u044f<\/span> <span lang=\"RU\">\u0438\u043b\u0438<\/span> <span lang=\"RU\">\u0434\u043e\u043f\u043e\u043b\u043d\u0438\u0442\u0435\u043b\u044c\u043d\u0430\u044f<\/span> <span lang=\"RU\">\u0438\u043d\u0444\u043e\u0440\u043c\u0430\u0446\u0438\u044f<\/span> <span lang=\"RU\">\u043e<\/span> <span lang=\"RU\">\u043d\u0430\u0448\u0438\u0445<\/span> <span lang=\"RU\">\u0443\u0441\u043b\u0443\u0433\u0430\u0445<\/span><\/h2>\n<p>[\/vc_column_text][vc_empty_space height=&#187;15px&#187;][vc_column_text el_class=&#187;justify&#187;]<\/p>\n<h2><span lang=\"RU\">\u0412\u044b \u043c\u043e\u0436\u0435\u0442\u0435 \u043d\u0430\u043f\u0438\u0441\u0430\u0442\u044c \u043d\u0430\u043c \u043f\u043e \u043b\u044e\u0431\u043e\u043c\u0443 \u0432\u043e\u043f\u0440\u043e\u0441\u0443 \u043d\u0430 \u0435\u043c\u0435\u0439\u043b : <\/span>info<span lang=\"RU\">@<\/span>dmimmobrokers<span lang=\"RU\">.<\/span>com<\/h2>\n<p>[\/vc_column_text][\/vc_column_inner][\/vc_row_inner][vc_separator type=&#187;transparent&#187;][vc_single_image image=&#187;277&#8243; img_size=&#187;large&#187; alignment=&#187;center&#187; qode_css_animation=&#187;&#187;][\/vc_column][vc_column width=&#187;1\/3&#8243;][vc_column_text]<\/p>\n<h2 style=\"text-align: center;\">\u0421\u0432\u044f\u0436\u0438\u0442\u0435\u0441\u044c \u0441 \u043d\u0430\u0448\u0438\u043c \u043e\u0444\u0438\u0441\u043e\u043c<\/h2>\n<p>[\/vc_column_text][vc_empty_space height=&#187;23px&#187;]\n<div class=\"wpcf7 no-js\" id=\"wpcf7-f1533-o1\" lang=\"\" dir=\"ltr\" data-wpcf7-id=\"1533\">\n<div class=\"screen-reader-response\"><p role=\"status\" aria-live=\"polite\" aria-atomic=\"true\"><\/p> <ul><\/ul><\/div>\n<form action=\"\/ru\/wp-json\/wp\/v2\/pages\/2379#wpcf7-f1533-o1\" method=\"post\" class=\"wpcf7-form init default\" aria-label=\"\u041a\u043e\u043d\u0442\u0430\u043a\u0442\u043d\u0430\u044f \u0444\u043e\u0440\u043c\u0430\" novalidate=\"novalidate\" data-status=\"init\">\n<fieldset class=\"hidden-fields-container\"><input type=\"hidden\" name=\"_wpcf7\" value=\"1533\" \/><input type=\"hidden\" name=\"_wpcf7_version\" value=\"6.1.5\" \/><input type=\"hidden\" name=\"_wpcf7_locale\" value=\"\" \/><input type=\"hidden\" name=\"_wpcf7_unit_tag\" value=\"wpcf7-f1533-o1\" \/><input type=\"hidden\" name=\"_wpcf7_container_post\" value=\"0\" \/><input type=\"hidden\" name=\"_wpcf7_posted_data_hash\" value=\"\" \/>\n<\/fieldset>\n<p><label> Name (*)<br \/>\n<span class=\"wpcf7-form-control-wrap\" data-name=\"your-name\"><input size=\"40\" maxlength=\"400\" class=\"wpcf7-form-control wpcf7-text wpcf7-validates-as-required\" aria-required=\"true\" aria-invalid=\"false\" value=\"\" type=\"text\" name=\"your-name\" \/><\/span> <\/label>\n<\/p>\n<p><label> Your email (*)<br \/>\n<span class=\"wpcf7-form-control-wrap\" data-name=\"your-email\"><input size=\"40\" maxlength=\"400\" class=\"wpcf7-form-control wpcf7-email wpcf7-validates-as-required wpcf7-text wpcf7-validates-as-email\" aria-required=\"true\" aria-invalid=\"false\" value=\"\" type=\"email\" name=\"your-email\" \/><\/span> <\/label>\n<\/p>\n<p><label> In which language do you want to be addressed?<br \/>\n<span class=\"wpcf7-form-control-wrap\" data-name=\"menu-lenguajes-espanol\"><select class=\"wpcf7-form-control wpcf7-select\" aria-invalid=\"false\" name=\"menu-lenguajes-espanol\"><option value=\"Spanish\">Spanish<\/option><option value=\"English\">English<\/option><option value=\"French\">French<\/option><\/select><\/span> <\/label>\n<\/p>\n<p><label> Phone number<br \/>\n<span class=\"wpcf7-form-control-wrap\" data-name=\"tel-299\"><input size=\"40\" maxlength=\"400\" class=\"wpcf7-form-control wpcf7-tel wpcf7-text wpcf7-validates-as-tel\" aria-invalid=\"false\" value=\"\" type=\"tel\" name=\"tel-299\" \/><\/span> <\/label>\n<\/p>\n<p><label> Message<br \/>\n<span class=\"wpcf7-form-control-wrap\" data-name=\"your-message\"><textarea cols=\"40\" rows=\"10\" maxlength=\"2000\" class=\"wpcf7-form-control wpcf7-textarea\" aria-invalid=\"false\" name=\"your-message\"><\/textarea><\/span> <\/label>\n<\/p>\n<p>I have read and accept the <a href=\"https:\/\/www.dmimmobrokers.com\/en\/database-protection\/\">privacy policy<\/a><span class=\"wpcf7-form-control-wrap\" data-name=\"acceptance-244\"><span class=\"wpcf7-form-control wpcf7-acceptance\"><span class=\"wpcf7-list-item\"><input type=\"checkbox\" name=\"acceptance-244\" value=\"1\" aria-invalid=\"false\" \/><\/span><\/span><\/span><br \/>\nI would like to receive information<span class=\"wpcf7-form-control-wrap\" data-name=\"acceptance-123\"><span class=\"wpcf7-form-control wpcf7-acceptance optional\"><span class=\"wpcf7-list-item\"><input type=\"checkbox\" name=\"acceptance-123\" value=\"1\" aria-invalid=\"false\" \/><\/span><\/span><\/span>\n<\/p>\n<p><input class=\"wpcf7-form-control wpcf7-submit has-spinner\" type=\"submit\" value=\"Send\" \/>\n<\/p><p style=\"display: none !important;\" class=\"akismet-fields-container\" data-prefix=\"_wpcf7_ak_\"><label>&#916;<textarea name=\"_wpcf7_ak_hp_textarea\" cols=\"45\" rows=\"8\" maxlength=\"100\"><\/textarea><\/label><input type=\"hidden\" id=\"ak_js_1\" name=\"_wpcf7_ak_js\" value=\"20\"\/><script>document.getElementById( \"ak_js_1\" ).setAttribute( \"value\", ( new Date() ).getTime() );<\/script><\/p><div class=\"wpcf7-response-output\" aria-hidden=\"true\"><\/div>\n<\/form>\n<\/div>\n[\/vc_column][\/vc_row][vc_row css_animation=&#187;&#187; row_type=&#187;row&#187; use_row_as_full_screen_section=&#187;no&#187; type=&#187;full_width&#187; angled_section=&#187;no&#187; text_align=&#187;left&#187; background_image_as_pattern=&#187;without_pattern&#187;][vc_column][vc_gmaps link=&#187;#E-8_JTNDaWZyYW1lJTIwc3JjJTNEJTIyaHR0cHMlM0ElMkYlMkZ3d3cuZ29vZ2xlLmNvbSUyRm1hcHMlMkZlbWJlZCUzRnBiJTNEJTIxMW0xNCUyMTFtOCUyMTFtMyUyMTFkMTI1MDcuNzYyMzU4MzUwNjc0JTIxMmQtMC40MzQwNTU5JTIxM2QzOC4zOTY2MjI3JTIxM20yJTIxMWkxMDI0JTIxMmk3NjglMjE0ZjEzLjElMjEzbTMlMjExbTIlMjExczB4MCUyNTNBMHhiNGJhZDU2ZTQ1ZDFiODJiJTIxMnNETSUyQkxlZ2FsJTJCJTI1MjYlMkJJbW1vYnJva2VycyUyMTVlMCUyMTNtMiUyMTFzZXMlMjEyc2VzJTIxNHYxNTQwMzg4MzgxMjMyJTIyJTIwd2lkdGglM0QlMjI2MDAlMjIlMjBoZWlnaHQlM0QlMjI0NTAlMjIlMjBmcmFtZWJvcmRlciUzRCUyMjAlMjIlMjBzdHlsZSUzRCUyMmJvcmRlciUzQTAlMjIlMjBhbGxvd2Z1bGxzY3JlZW4lM0UlM0MlMkZpZnJhbWUlM0U=&#187;][\/vc_column][\/vc_row]<\/p>\n<\/div>","protected":false},"excerpt":{"rendered":"<p>[vc_row css_animation=&#187;&#187; row_type=&#187;row&#187; use_row_as_full_screen_section=&#187;no&#187; type=&#187;grid&#187; angled_section=&#187;no&#187; text_align=&#187;left&#187; background_image_as_pattern=&#187;without_pattern&#187; css=&#187;.vc_custom_1518091430901{padding-top: 50px !important;padding-bottom: 50px !important;}&#187;][vc_column width=&#187;2\/3&#8243; css=&#187;.vc_custom_1518690714531{padding-top: 10px !important;padding-bottom: 10px !important;}&#187;][vc_row_inner row_type=&#187;row&#187; type=&#187;full_width&#187; text_align=&#187;left&#187; css_animation=&#187;&#187;][vc_column_inner][vc_column_text el_class=&#187;justify&#187;] \u0415\u0441\u043b\u0438 \u0432\u0430\u043c \u043d\u0443\u0436\u043d\u0430\u043a\u043e\u043d\u0441\u0443\u043b\u044c\u0442\u0430\u0446\u0438\u044f \u0438\u043b\u0438 \u0434\u043e\u043f\u043e\u043b\u043d\u0438\u0442\u0435\u043b\u044c\u043d\u0430\u044f \u0438\u043d\u0444\u043e\u0440\u043c\u0430\u0446\u0438\u044f \u043e \u043d\u0430\u0448\u0438\u0445 \u0443\u0441\u043b\u0443\u0433\u0430\u0445 [\/vc_column_text][vc_empty_space height=&#187;15px&#187;][vc_column_text el_class=&#187;justify&#187;] \u0412\u044b \u043c\u043e\u0436\u0435\u0442\u0435 \u043d\u0430\u043f\u0438\u0441\u0430\u0442\u044c \u043d\u0430\u043c \u043f\u043e \u043b\u044e\u0431\u043e\u043c\u0443 \u0432\u043e\u043f\u0440\u043e\u0441\u0443 \u043d\u0430 \u0435\u043c\u0435\u0439\u043b&#8230;<\/p>\n","protected":false},"author":1,"featured_media":0,"parent":0,"menu_order":0,"comment_status":"closed","ping_status":"closed","template":"full_width.php","meta":{"footnotes":""},"class_list":["post-2379","page","type-page","status-publish","hentry"],"yoast_head":"<!-- This site is optimized with the Yoast SEO plugin v27.1.1 - https:\/\/yoast.com\/product\/yoast-seo-wordpress\/ -->\n<title>Cont\u00e1ctanos - Asesoramiento Legal - DM Legal &amp; Immobrokers<\/title>\n<meta name=\"description\" content=\"Necesita asesoramiento Legal - Nos puede contactar en Franc\u00e9s, Ingl\u00e9s o Espa\u00f1ol, le atenderemos en su idioma. Estamos en Alicante pero tenemos clientes en toda Espa\u00f1a. Nos puede enviar un email: info@dmimmobrokers.com o por tel\u00e9fono 674-75-18-13.\" \/>\n<meta name=\"robots\" content=\"index, follow, max-snippet:-1, max-image-preview:large, max-video-preview:-1\" \/>\n<link rel=\"canonical\" href=\"https:\/\/dmimmobrokers.com\/ru\/contact\/\" \/>\n<meta property=\"og:locale\" content=\"ru_RU\" \/>\n<meta property=\"og:type\" content=\"article\" \/>\n<meta property=\"og:title\" content=\"Cont\u00e1ctanos - Asesoramiento Legal - DM Legal &amp; Immobrokers\" \/>\n<meta property=\"og:description\" content=\"Necesita asesoramiento Legal - Nos puede contactar en Franc\u00e9s, Ingl\u00e9s o Espa\u00f1ol, le atenderemos en su idioma. Estamos en Alicante pero tenemos clientes en toda Espa\u00f1a. Nos puede enviar un email: info@dmimmobrokers.com o por tel\u00e9fono 674-75-18-13.\" \/>\n<meta property=\"og:url\" content=\"https:\/\/dmimmobrokers.com\/ru\/contact\/\" \/>\n<meta property=\"og:site_name\" content=\"dmimmobrokers\" \/>\n<meta property=\"article:publisher\" content=\"https:\/\/www.facebook.com\/DM-Legal-Immobrokers-181574149126257\/\" \/>\n<meta property=\"article:modified_time\" content=\"2020-04-28T06:09:06+00:00\" \/>\n<meta name=\"twitter:card\" content=\"summary_large_image\" \/>\n<meta name=\"twitter:label1\" content=\"\u041f\u0440\u0438\u043c\u0435\u0440\u043d\u043e\u0435 \u0432\u0440\u0435\u043c\u044f \u0434\u043b\u044f \u0447\u0442\u0435\u043d\u0438\u044f\" \/>\n\t<meta name=\"twitter:data1\" content=\"1 \u043c\u0438\u043d\u0443\u0442\u0430\" \/>\n<script type=\"application\/ld+json\" class=\"yoast-schema-graph\">{\"@context\":\"https:\/\/schema.org\",\"@graph\":[{\"@type\":\"WebPage\",\"@id\":\"https:\/\/dmimmobrokers.com\/ru\/contact\/\",\"url\":\"https:\/\/dmimmobrokers.com\/ru\/contact\/\",\"name\":\"Cont\u00e1ctanos - Asesoramiento Legal - DM Legal & Immobrokers\",\"isPartOf\":{\"@id\":\"https:\/\/dmimmobrokers.com\/ru\/#website\"},\"datePublished\":\"2020-04-14T11:54:37+00:00\",\"dateModified\":\"2020-04-28T06:09:06+00:00\",\"description\":\"Necesita asesoramiento Legal - Nos puede contactar en Franc\u00e9s, Ingl\u00e9s o Espa\u00f1ol, le atenderemos en su idioma. Estamos en Alicante pero tenemos clientes en toda Espa\u00f1a. Nos puede enviar un email: info@dmimmobrokers.com o por tel\u00e9fono 674-75-18-13.\",\"breadcrumb\":{\"@id\":\"https:\/\/dmimmobrokers.com\/ru\/contact\/#breadcrumb\"},\"inLanguage\":\"ru-RU\",\"potentialAction\":[{\"@type\":\"ReadAction\",\"target\":[\"https:\/\/dmimmobrokers.com\/ru\/contact\/\"]}]},{\"@type\":\"BreadcrumbList\",\"@id\":\"https:\/\/dmimmobrokers.com\/ru\/contact\/#breadcrumb\",\"itemListElement\":[{\"@type\":\"ListItem\",\"position\":1,\"name\":\"Portada\",\"item\":\"https:\/\/dmimmobrokers.com\/ru\/\"},{\"@type\":\"ListItem\",\"position\":2,\"name\":\"Contact\"}]},{\"@type\":\"WebSite\",\"@id\":\"https:\/\/dmimmobrokers.com\/ru\/#website\",\"url\":\"https:\/\/dmimmobrokers.com\/ru\/\",\"name\":\"dmimmobrokers\",\"description\":\"Servicios legales inmobiliarios\",\"potentialAction\":[{\"@type\":\"SearchAction\",\"target\":{\"@type\":\"EntryPoint\",\"urlTemplate\":\"https:\/\/dmimmobrokers.com\/ru\/?s={search_term_string}\"},\"query-input\":{\"@type\":\"PropertyValueSpecification\",\"valueRequired\":true,\"valueName\":\"search_term_string\"}}],\"inLanguage\":\"ru-RU\"}]}<\/script>\n<!-- \/ Yoast SEO plugin. -->","yoast_head_json":{"title":"Cont\u00e1ctanos - Asesoramiento Legal - DM Legal & Immobrokers","description":"Necesita asesoramiento Legal - Nos puede contactar en Franc\u00e9s, Ingl\u00e9s o Espa\u00f1ol, le atenderemos en su idioma. Estamos en Alicante pero tenemos clientes en toda Espa\u00f1a. Nos puede enviar un email: info@dmimmobrokers.com o por tel\u00e9fono 674-75-18-13.","robots":{"index":"index","follow":"follow","max-snippet":"max-snippet:-1","max-image-preview":"max-image-preview:large","max-video-preview":"max-video-preview:-1"},"canonical":"https:\/\/dmimmobrokers.com\/ru\/contact\/","og_locale":"ru_RU","og_type":"article","og_title":"Cont\u00e1ctanos - Asesoramiento Legal - DM Legal & Immobrokers","og_description":"Necesita asesoramiento Legal - Nos puede contactar en Franc\u00e9s, Ingl\u00e9s o Espa\u00f1ol, le atenderemos en su idioma. Estamos en Alicante pero tenemos clientes en toda Espa\u00f1a. Nos puede enviar un email: info@dmimmobrokers.com o por tel\u00e9fono 674-75-18-13.","og_url":"https:\/\/dmimmobrokers.com\/ru\/contact\/","og_site_name":"dmimmobrokers","article_publisher":"https:\/\/www.facebook.com\/DM-Legal-Immobrokers-181574149126257\/","article_modified_time":"2020-04-28T06:09:06+00:00","twitter_card":"summary_large_image","twitter_misc":{"\u041f\u0440\u0438\u043c\u0435\u0440\u043d\u043e\u0435 \u0432\u0440\u0435\u043c\u044f \u0434\u043b\u044f \u0447\u0442\u0435\u043d\u0438\u044f":"1 \u043c\u0438\u043d\u0443\u0442\u0430"},"schema":{"@context":"https:\/\/schema.org","@graph":[{"@type":"WebPage","@id":"https:\/\/dmimmobrokers.com\/ru\/contact\/","url":"https:\/\/dmimmobrokers.com\/ru\/contact\/","name":"Cont\u00e1ctanos - Asesoramiento Legal - DM Legal & Immobrokers","isPartOf":{"@id":"https:\/\/dmimmobrokers.com\/ru\/#website"},"datePublished":"2020-04-14T11:54:37+00:00","dateModified":"2020-04-28T06:09:06+00:00","description":"Necesita asesoramiento Legal - Nos puede contactar en Franc\u00e9s, Ingl\u00e9s o Espa\u00f1ol, le atenderemos en su idioma. Estamos en Alicante pero tenemos clientes en toda Espa\u00f1a. Nos puede enviar un email: info@dmimmobrokers.com o por tel\u00e9fono 674-75-18-13.","breadcrumb":{"@id":"https:\/\/dmimmobrokers.com\/ru\/contact\/#breadcrumb"},"inLanguage":"ru-RU","potentialAction":[{"@type":"ReadAction","target":["https:\/\/dmimmobrokers.com\/ru\/contact\/"]}]},{"@type":"BreadcrumbList","@id":"https:\/\/dmimmobrokers.com\/ru\/contact\/#breadcrumb","itemListElement":[{"@type":"ListItem","position":1,"name":"Portada","item":"https:\/\/dmimmobrokers.com\/ru\/"},{"@type":"ListItem","position":2,"name":"Contact"}]},{"@type":"WebSite","@id":"https:\/\/dmimmobrokers.com\/ru\/#website","url":"https:\/\/dmimmobrokers.com\/ru\/","name":"dmimmobrokers","description":"Servicios legales inmobiliarios","potentialAction":[{"@type":"SearchAction","target":{"@type":"EntryPoint","urlTemplate":"https:\/\/dmimmobrokers.com\/ru\/?s={search_term_string}"},"query-input":{"@type":"PropertyValueSpecification","valueRequired":true,"valueName":"search_term_string"}}],"inLanguage":"ru-RU"}]}},"_links":{"self":[{"href":"https:\/\/dmimmobrokers.com\/ru\/wp-json\/wp\/v2\/pages\/2379","targetHints":{"allow":["GET"]}}],"collection":[{"href":"https:\/\/dmimmobrokers.com\/ru\/wp-json\/wp\/v2\/pages"}],"about":[{"href":"https:\/\/dmimmobrokers.com\/ru\/wp-json\/wp\/v2\/types\/page"}],"author":[{"embeddable":true,"href":"https:\/\/dmimmobrokers.com\/ru\/wp-json\/wp\/v2\/users\/1"}],"replies":[{"embeddable":true,"href":"https:\/\/dmimmobrokers.com\/ru\/wp-json\/wp\/v2\/comments?post=2379"}],"version-history":[{"count":7,"href":"https:\/\/dmimmobrokers.com\/ru\/wp-json\/wp\/v2\/pages\/2379\/revisions"}],"predecessor-version":[{"id":2732,"href":"https:\/\/dmimmobrokers.com\/ru\/wp-json\/wp\/v2\/pages\/2379\/revisions\/2732"}],"wp:attachment":[{"href":"https:\/\/dmimmobrokers.com\/ru\/wp-json\/wp\/v2\/media?parent=2379"}],"curies":[{"name":"wp","href":"https:\/\/api.w.org\/{rel}","templated":true}]}}