{"id":290,"date":"2016-07-19T15:03:33","date_gmt":"2016-07-19T15:03:33","guid":{"rendered":"http:\/\/dmimmobrokers.com\/about\/"},"modified":"2020-04-21T16:42:23","modified_gmt":"2020-04-21T14:42:23","slug":"notre-cabinet","status":"publish","type":"page","link":"https:\/\/dmimmobrokers.com\/fr\/notre-cabinet\/","title":{"rendered":"Notre Cabinet"},"content":{"rendered":"<div class=\"wpb-content-wrapper\"><p>[vc_row css_animation=\u00a0\u00bb\u00a0\u00bb row_type=\u00a0\u00bbrow\u00a0\u00bb use_row_as_full_screen_section=\u00a0\u00bbno\u00a0\u00bb type=\u00a0\u00bbgrid\u00a0\u00bb angled_section=\u00a0\u00bbno\u00a0\u00bb text_align=\u00a0\u00bbleft\u00a0\u00bb background_image_as_pattern=\u00a0\u00bbwithout_pattern\u00a0\u00bb css=\u00a0\u00bb.vc_custom_1518434806919{padding-top: 50px !important;padding-bottom: 50px !important;background-color: #ffffff !important;}\u00a0\u00bb][vc_column][vc_column_text el_class=\u00a0\u00bbjustify\u00a0\u00bb]<\/p>\n<h2 style=\"text-align: center;\">Notre Cabinet, DM Legal &amp; Immobrokers trouve ses fondements dans son exp\u00e9rience de conseil juridique en droit international.<\/h2>\n<p>[\/vc_column_text][vc_empty_space height=\u00a0\u00bb35px\u00a0\u00bb][vc_column_text el_class=\u00a0\u00bbjustify\u00a0\u00bb]Son fondateur, Nicolas Duru, Avocat espagnol (Alicante) et Britannique (Londres), mais aussi titulaire d\u2019une ma\u00eetrise de droit des affaires en France, a fait ses \u00e9tudes de Droit en France et au Royaume Uni puis a travaill\u00e9 durant ces 10 derni\u00e8res ann\u00e9es comme avocat en Espagne.[\/vc_column_text][vc_empty_space height=\u00a0\u00bb15px\u00a0\u00bb][vc_column_text el_class=\u00a0\u00bbjustify\u00a0\u00bb]Gr\u00e2ce \u00e0 cette diversit\u00e9 culturelle, notre cabinet s\u2019est sp\u00e9cialis\u00e9 dans le conseil juridique pour des clients tr\u00e8s h\u00e9t\u00e9rog\u00e8nes, francophones, anglophones culminant ces derni\u00e8res ann\u00e9es avec une client\u00e8le scandinave.[\/vc_column_text][vc_empty_space height=\u00a0\u00bb15px\u00a0\u00bb][vc_column_text el_class=\u00a0\u00bbjustify\u00a0\u00bb]De ce fait, nos services d\u00e9passent les notions de fronti\u00e8re ou territoire, et sont toujours focalis\u00e9s sur la d\u00e9fense des int\u00e9r\u00eats de nos clients qui ne connaissent pas le syst\u00e8me l\u00e9gal local o\u00f9, en g\u00e9n\u00e9ral, ils ont d\u00e9cid\u00e9 de placer leur futur et leur bien \u00eatre.[\/vc_column_text][vc_empty_space height=\u00a0\u00bb15px\u00a0\u00bb][vc_column_text el_class=\u00a0\u00bbjustify\u00a0\u00bb]Notre vision globalis\u00e9e du monde, suppose flexibilit\u00e9 et disponibilit\u00e9, nous obligeant \u00e0 une adaptation constante quant aux n\u00e9cessit\u00e9s de notre client\u00e8le afin que toutes ces barri\u00e8res mat\u00e9rielles disparaissent et que chacun puisse finalement se sentir comme chez lui en Espagne.[\/vc_column_text][vc_empty_space height=\u00a0\u00bb15px\u00a0\u00bb][vc_column_text el_class=\u00a0\u00bbjustify\u00a0\u00bb]Chez DM Legal &amp; Immobrokers nous comptons sur des professionnels qui, de part leur formation internationale, donnent \u00e0 nos clients le meilleur service aussi bien au niveau l\u00e9gal que linguistique.[\/vc_column_text][\/vc_column][\/vc_row][vc_row css_animation=\u00a0\u00bb\u00a0\u00bb row_type=\u00a0\u00bbrow\u00a0\u00bb use_row_as_full_screen_section=\u00a0\u00bbno\u00a0\u00bb type=\u00a0\u00bbfull_width\u00a0\u00bb angled_section=\u00a0\u00bbno\u00a0\u00bb text_align=\u00a0\u00bbleft\u00a0\u00bb background_image_as_pattern=\u00a0\u00bbwithout_pattern\u00a0\u00bb css=\u00a0\u00bb.vc_custom_1518434823206{padding-top: 50px !important;padding-bottom: 50px !important;}\u00a0\u00bb][vc_column][vc_single_image image=\u00a0\u00bb1642&Prime; img_size=\u00a0\u00bbfull\u00a0\u00bb alignment=\u00a0\u00bbcenter\u00a0\u00bb qode_css_animation=\u00a0\u00bb\u00a0\u00bb][\/vc_column][\/vc_row][vc_row css_animation=\u00a0\u00bb\u00a0\u00bb row_type=\u00a0\u00bbrow\u00a0\u00bb use_row_as_full_screen_section=\u00a0\u00bbno\u00a0\u00bb type=\u00a0\u00bbgrid\u00a0\u00bb angled_section=\u00a0\u00bbno\u00a0\u00bb text_align=\u00a0\u00bbleft\u00a0\u00bb background_image_as_pattern=\u00a0\u00bbwithout_pattern\u00a0\u00bb css=\u00a0\u00bb.vc_custom_1518434856767{padding-top: 50px !important;padding-bottom: 50px !important;background-color: #ffffff !important;}\u00a0\u00bb][vc_column width=\u00a0\u00bb1\/3&Prime;]<blockquote class=' with_quote_icon' style=''><i class='fa fa-quote-right' style=''><\/i><h5 class='blockquote-text' style=''>Notre mission est de fournir un service juridique professionnel, excellent et proche, avec une dimension internationale.<\/h5><\/blockquote>[\/vc_column][vc_column width=\u00a0\u00bb1\/3&Prime;]<blockquote class=' with_quote_icon' style=''><i class='fa fa-quote-right' style=''><\/i><h5 class='blockquote-text' style=''>Nous voulons \u00eatre le bureau de r\u00e9f\u00e9rence pour les entreprises ou les citoyens qui ont besoin de d\u00e9fendre leurs int\u00e9r\u00eats dans l'une des juridictions dans lesquelles nous op\u00e9rons.<\/h5><\/blockquote>[\/vc_column][vc_column width=\u00a0\u00bb1\/3&Prime;]<blockquote class=' with_quote_icon' style=''><i class='fa fa-quote-right' style=''><\/i><h5 class='blockquote-text' style=''>Nos engagements sont ind\u00e9pendance et \u00e9thique, une capacit\u00e9 technique et une sp\u00e9cialisation avec flexibilit\u00e9 et adaptation sans sous-estimer la rapidit\u00e9 de r\u00e9ponse et d'anticipation.<\/h5><\/blockquote>[\/vc_column][\/vc_row][vc_row css_animation=\u00a0\u00bb\u00a0\u00bb row_type=\u00a0\u00bbrow\u00a0\u00bb use_row_as_full_screen_section=\u00a0\u00bbno\u00a0\u00bb type=\u00a0\u00bbgrid\u00a0\u00bb angled_section=\u00a0\u00bbno\u00a0\u00bb text_align=\u00a0\u00bbleft\u00a0\u00bb background_image_as_pattern=\u00a0\u00bbwithout_pattern\u00a0\u00bb css=\u00a0\u00bb.vc_custom_1518614902310{padding-top: 4% !important;padding-bottom: 4% !important;background-image: url(https:\/\/dmimmobrokers.com\/wp-content\/uploads\/2018\/02\/Nuestro-Bufete-Servicios.jpg?id=971) !important;}\u00a0\u00bb][vc_column css=\u00a0\u00bb.vc_custom_1519210303474{background-position: 0 0 !important;background-repeat: no-repeat !important;}\u00a0\u00bb]<div class='qode_carousels_holder clearfix'><div class='qode_carousels' data-number-of-visible-items=''><ul class='slides'>Sorry, no posts matched your criteria.<\/ul><\/div><\/div>[\/vc_column][\/vc_row][vc_row css_animation=\u00a0\u00bb\u00a0\u00bb row_type=\u00a0\u00bbrow\u00a0\u00bb use_row_as_full_screen_section=\u00a0\u00bbyes\u00a0\u00bb type=\u00a0\u00bbfull_width\u00a0\u00bb angled_section=\u00a0\u00bbno\u00a0\u00bb text_align=\u00a0\u00bbleft\u00a0\u00bb background_image_as_pattern=\u00a0\u00bbwithout_pattern\u00a0\u00bb background_color=\u00a0\u00bb#ffffff\u00a0\u00bb css=\u00a0\u00bb.vc_custom_1518614679557{padding-top: 50px !important;padding-bottom: 50px !important;}\u00a0\u00bb][vc_column]<div class=\"call_to_action simple\" style=\"background-color: #f5f5f5;padding-top: 39px;padding-bottom: 40px;\"><div class=\"container_inner\"><div class=\"text_wrapper column1\"><div class=\"call_to_action_text  font_size_inherit font_weight_inherit letter_spacing_inherit\" style=\"font-size:21px;font-weight: 300;letter-spacing: 0px;\"><em><span style=\"color: #000000;font-size: 18pt;font-family: 'book antiqua', palatino, serif\">Notre \u00e9quipe de professionnels est \u00e0 votre enti\u00e8re disposition pour vous offrir les meilleurs conseils juridiques\u00a0<\/span><\/em><\/div><a itemprop=\"url\" href=\"http:\/\/dmimmobrokers.com\/fr\/contact\/\" class=\"qbutton white \" target=\"_blank\" style=\"\" data-hover-background-color=#465175 data-hover-color=#ffffff>Contactez-nous<\/a><\/div><\/div><\/div>[\/vc_column][\/vc_row]<\/p>\n<\/div>","protected":false},"excerpt":{"rendered":"<p>[vc_row css_animation=\u00a0\u00bb\u00a0\u00bb row_type=\u00a0\u00bbrow\u00a0\u00bb use_row_as_full_screen_section=\u00a0\u00bbno\u00a0\u00bb type=\u00a0\u00bbgrid\u00a0\u00bb angled_section=\u00a0\u00bbno\u00a0\u00bb text_align=\u00a0\u00bbleft\u00a0\u00bb background_image_as_pattern=\u00a0\u00bbwithout_pattern\u00a0\u00bb css=\u00a0\u00bb.vc_custom_1518434806919{padding-top: 50px !important;padding-bottom: 50px !important;background-color: #ffffff !important;}\u00a0\u00bb][vc_column][vc_column_text el_class=\u00a0\u00bbjustify\u00a0\u00bb] Notre Cabinet, DM Legal &amp; Immobrokers trouve ses fondements dans son exp\u00e9rience de conseil juridique en droit international. [\/vc_column_text][vc_empty_space height=\u00a0\u00bb35px\u00a0\u00bb][vc_column_text el_class=\u00a0\u00bbjustify\u00a0\u00bb]Son fondateur, Nicolas Duru, Avocat espagnol (Alicante) et Britannique&#8230;<\/p>\n","protected":false},"author":1,"featured_media":0,"parent":0,"menu_order":0,"comment_status":"closed","ping_status":"closed","template":"full_width.php","meta":{"footnotes":""},"class_list":["post-290","page","type-page","status-publish","hentry"],"yoast_head":"<!-- This site is optimized with the Yoast SEO plugin v27.1.1 - https:\/\/yoast.com\/product\/yoast-seo-wordpress\/ -->\n<title>Notre Cabinet | Qui sommes nous? - DM Legal &amp; Immobrokers<\/title>\n<meta name=\"description\" content=\"DM Legal &amp; Immobrokers est notre cabinet d&#039;avocats sp\u00e9cialis\u00e9 dans plusieurs branches du droit pour les clients francophones. Nous conseillons \u00e0 la fois les particuliers et les entreprises. Nous nous concentrons sur l&#039;\u00e9coute de nos clients et la compr\u00e9hension de leur culture. 674 75 18 13 ou info@dmimmobrokers.com.\" \/>\n<meta name=\"robots\" content=\"index, follow, max-snippet:-1, max-image-preview:large, max-video-preview:-1\" \/>\n<link rel=\"canonical\" href=\"https:\/\/dmimmobrokers.com\/fr\/notre-cabinet\/\" \/>\n<meta property=\"og:locale\" content=\"fr_FR\" \/>\n<meta property=\"og:type\" content=\"article\" \/>\n<meta property=\"og:title\" content=\"Notre Cabinet | Qui sommes nous? - DM Legal &amp; Immobrokers\" \/>\n<meta property=\"og:description\" content=\"DM Legal &amp; Immobrokers est notre cabinet d&#039;avocats sp\u00e9cialis\u00e9 dans plusieurs branches du droit pour les clients francophones. Nous conseillons \u00e0 la fois les particuliers et les entreprises. Nous nous concentrons sur l&#039;\u00e9coute de nos clients et la compr\u00e9hension de leur culture. 674 75 18 13 ou info@dmimmobrokers.com.\" \/>\n<meta property=\"og:url\" content=\"https:\/\/dmimmobrokers.com\/fr\/notre-cabinet\/\" \/>\n<meta property=\"og:site_name\" content=\"dmimmobrokers\" \/>\n<meta property=\"article:publisher\" content=\"https:\/\/www.facebook.com\/DM-Legal-Immobrokers-181574149126257\/\" \/>\n<meta property=\"article:modified_time\" content=\"2020-04-21T14:42:23+00:00\" \/>\n<meta name=\"twitter:card\" content=\"summary_large_image\" \/>\n<meta name=\"twitter:label1\" content=\"Dur\u00e9e de lecture estim\u00e9e\" \/>\n\t<meta name=\"twitter:data1\" content=\"4 minutes\" \/>\n<script type=\"application\/ld+json\" class=\"yoast-schema-graph\">{\"@context\":\"https:\/\/schema.org\",\"@graph\":[{\"@type\":\"WebPage\",\"@id\":\"https:\/\/dmimmobrokers.com\/fr\/notre-cabinet\/\",\"url\":\"https:\/\/dmimmobrokers.com\/fr\/notre-cabinet\/\",\"name\":\"Notre Cabinet | Qui sommes nous? - DM Legal & Immobrokers\",\"isPartOf\":{\"@id\":\"https:\/\/dmimmobrokers.com\/fr\/#website\"},\"datePublished\":\"2016-07-19T15:03:33+00:00\",\"dateModified\":\"2020-04-21T14:42:23+00:00\",\"description\":\"DM Legal & Immobrokers est notre cabinet d'avocats sp\u00e9cialis\u00e9 dans plusieurs branches du droit pour les clients francophones. Nous conseillons \u00e0 la fois les particuliers et les entreprises. Nous nous concentrons sur l'\u00e9coute de nos clients et la compr\u00e9hension de leur culture. 674 75 18 13 ou info@dmimmobrokers.com.\",\"breadcrumb\":{\"@id\":\"https:\/\/dmimmobrokers.com\/fr\/notre-cabinet\/#breadcrumb\"},\"inLanguage\":\"fr-FR\",\"potentialAction\":[{\"@type\":\"ReadAction\",\"target\":[\"https:\/\/dmimmobrokers.com\/fr\/notre-cabinet\/\"]}]},{\"@type\":\"BreadcrumbList\",\"@id\":\"https:\/\/dmimmobrokers.com\/fr\/notre-cabinet\/#breadcrumb\",\"itemListElement\":[{\"@type\":\"ListItem\",\"position\":1,\"name\":\"Portada\",\"item\":\"https:\/\/dmimmobrokers.com\/fr\/\"},{\"@type\":\"ListItem\",\"position\":2,\"name\":\"Notre Cabinet\"}]},{\"@type\":\"WebSite\",\"@id\":\"https:\/\/dmimmobrokers.com\/fr\/#website\",\"url\":\"https:\/\/dmimmobrokers.com\/fr\/\",\"name\":\"dmimmobrokers\",\"description\":\"Servicios legales inmobiliarios\",\"potentialAction\":[{\"@type\":\"SearchAction\",\"target\":{\"@type\":\"EntryPoint\",\"urlTemplate\":\"https:\/\/dmimmobrokers.com\/fr\/?s={search_term_string}\"},\"query-input\":{\"@type\":\"PropertyValueSpecification\",\"valueRequired\":true,\"valueName\":\"search_term_string\"}}],\"inLanguage\":\"fr-FR\"}]}<\/script>\n<!-- \/ Yoast SEO plugin. -->","yoast_head_json":{"title":"Notre Cabinet | Qui sommes nous? - DM Legal & Immobrokers","description":"DM Legal & Immobrokers est notre cabinet d'avocats sp\u00e9cialis\u00e9 dans plusieurs branches du droit pour les clients francophones. Nous conseillons \u00e0 la fois les particuliers et les entreprises. Nous nous concentrons sur l'\u00e9coute de nos clients et la compr\u00e9hension de leur culture. 674 75 18 13 ou info@dmimmobrokers.com.","robots":{"index":"index","follow":"follow","max-snippet":"max-snippet:-1","max-image-preview":"max-image-preview:large","max-video-preview":"max-video-preview:-1"},"canonical":"https:\/\/dmimmobrokers.com\/fr\/notre-cabinet\/","og_locale":"fr_FR","og_type":"article","og_title":"Notre Cabinet | Qui sommes nous? - DM Legal & Immobrokers","og_description":"DM Legal & Immobrokers est notre cabinet d'avocats sp\u00e9cialis\u00e9 dans plusieurs branches du droit pour les clients francophones. Nous conseillons \u00e0 la fois les particuliers et les entreprises. Nous nous concentrons sur l'\u00e9coute de nos clients et la compr\u00e9hension de leur culture. 674 75 18 13 ou info@dmimmobrokers.com.","og_url":"https:\/\/dmimmobrokers.com\/fr\/notre-cabinet\/","og_site_name":"dmimmobrokers","article_publisher":"https:\/\/www.facebook.com\/DM-Legal-Immobrokers-181574149126257\/","article_modified_time":"2020-04-21T14:42:23+00:00","twitter_card":"summary_large_image","twitter_misc":{"Dur\u00e9e de lecture estim\u00e9e":"4 minutes"},"schema":{"@context":"https:\/\/schema.org","@graph":[{"@type":"WebPage","@id":"https:\/\/dmimmobrokers.com\/fr\/notre-cabinet\/","url":"https:\/\/dmimmobrokers.com\/fr\/notre-cabinet\/","name":"Notre Cabinet | Qui sommes nous? - DM Legal & Immobrokers","isPartOf":{"@id":"https:\/\/dmimmobrokers.com\/fr\/#website"},"datePublished":"2016-07-19T15:03:33+00:00","dateModified":"2020-04-21T14:42:23+00:00","description":"DM Legal & Immobrokers est notre cabinet d'avocats sp\u00e9cialis\u00e9 dans plusieurs branches du droit pour les clients francophones. Nous conseillons \u00e0 la fois les particuliers et les entreprises. Nous nous concentrons sur l'\u00e9coute de nos clients et la compr\u00e9hension de leur culture. 674 75 18 13 ou info@dmimmobrokers.com.","breadcrumb":{"@id":"https:\/\/dmimmobrokers.com\/fr\/notre-cabinet\/#breadcrumb"},"inLanguage":"fr-FR","potentialAction":[{"@type":"ReadAction","target":["https:\/\/dmimmobrokers.com\/fr\/notre-cabinet\/"]}]},{"@type":"BreadcrumbList","@id":"https:\/\/dmimmobrokers.com\/fr\/notre-cabinet\/#breadcrumb","itemListElement":[{"@type":"ListItem","position":1,"name":"Portada","item":"https:\/\/dmimmobrokers.com\/fr\/"},{"@type":"ListItem","position":2,"name":"Notre Cabinet"}]},{"@type":"WebSite","@id":"https:\/\/dmimmobrokers.com\/fr\/#website","url":"https:\/\/dmimmobrokers.com\/fr\/","name":"dmimmobrokers","description":"Servicios legales inmobiliarios","potentialAction":[{"@type":"SearchAction","target":{"@type":"EntryPoint","urlTemplate":"https:\/\/dmimmobrokers.com\/fr\/?s={search_term_string}"},"query-input":{"@type":"PropertyValueSpecification","valueRequired":true,"valueName":"search_term_string"}}],"inLanguage":"fr-FR"}]}},"_links":{"self":[{"href":"https:\/\/dmimmobrokers.com\/fr\/wp-json\/wp\/v2\/pages\/290","targetHints":{"allow":["GET"]}}],"collection":[{"href":"https:\/\/dmimmobrokers.com\/fr\/wp-json\/wp\/v2\/pages"}],"about":[{"href":"https:\/\/dmimmobrokers.com\/fr\/wp-json\/wp\/v2\/types\/page"}],"author":[{"embeddable":true,"href":"https:\/\/dmimmobrokers.com\/fr\/wp-json\/wp\/v2\/users\/1"}],"replies":[{"embeddable":true,"href":"https:\/\/dmimmobrokers.com\/fr\/wp-json\/wp\/v2\/comments?post=290"}],"version-history":[{"count":15,"href":"https:\/\/dmimmobrokers.com\/fr\/wp-json\/wp\/v2\/pages\/290\/revisions"}],"predecessor-version":[{"id":2725,"href":"https:\/\/dmimmobrokers.com\/fr\/wp-json\/wp\/v2\/pages\/290\/revisions\/2725"}],"wp:attachment":[{"href":"https:\/\/dmimmobrokers.com\/fr\/wp-json\/wp\/v2\/media?parent=290"}],"curies":[{"name":"wp","href":"https:\/\/api.w.org\/{rel}","templated":true}]}}