{"id":1406,"date":"2018-01-09T09:43:07","date_gmt":"2018-01-09T09:43:07","guid":{"rendered":"http:\/\/dmimmobrokers.com\/sci-y-compraventa-en-espana\/"},"modified":"2020-04-21T16:50:19","modified_gmt":"2020-04-21T14:50:19","slug":"sci-et-achat-immobilier-en-espagne","status":"publish","type":"page","link":"https:\/\/dmimmobrokers.com\/fr\/sci-et-achat-immobilier-en-espagne\/","title":{"rendered":"SCI et achat immobilier en Espagne"},"content":{"rendered":"<div class=\"wpb-content-wrapper\"><p>[vc_row css_animation=\u00a0\u00bb\u00a0\u00bb row_type=\u00a0\u00bbrow\u00a0\u00bb use_row_as_full_screen_section=\u00a0\u00bbno\u00a0\u00bb type=\u00a0\u00bbgrid\u00a0\u00bb angled_section=\u00a0\u00bbno\u00a0\u00bb text_align=\u00a0\u00bbleft\u00a0\u00bb background_image_as_pattern=\u00a0\u00bbwithout_pattern\u00a0\u00bb css=\u00a0\u00bb.vc_custom_1519232457480{padding-top: 50px !important;padding-bottom: 50px !important;background-color: #ffffff !important;}\u00a0\u00bb][vc_column][vc_column_text]<\/p>\n<h2 style=\"text-align: center;\">DM Legal &amp; Immobrokers a une grande exp\u00e9rience dans les achats d&rsquo;immeubles en Espagne \u00e0 travers une Soci\u00e9t\u00e9 Civile Immobili\u00e8re connue aussi comme SCI<\/h2>\n<p>[\/vc_column_text][\/vc_column][\/vc_row][vc_row css_animation=\u00a0\u00bb\u00a0\u00bb row_type=\u00a0\u00bbrow\u00a0\u00bb use_row_as_full_screen_section=\u00a0\u00bbno\u00a0\u00bb type=\u00a0\u00bbgrid\u00a0\u00bb angled_section=\u00a0\u00bbno\u00a0\u00bb text_align=\u00a0\u00bbleft\u00a0\u00bb background_image_as_pattern=\u00a0\u00bbwithout_pattern\u00a0\u00bb css=\u00a0\u00bb.vc_custom_1516876889417{padding-top: 50px !important;padding-bottom: 50px !important;}\u00a0\u00bb][vc_column width=\u00a0\u00bb3\/4&Prime;][vc_empty_space height=\u00a0\u00bb40px\u00a0\u00bb][vc_column_text el_class=\u00a0\u00bbjustify\u00a0\u00bb]<\/p>\n<h3>La SCI est l&rsquo;un des outils juridiques les plus utilis\u00e9s en France pour la gestion et la transmission d&rsquo;actifs immobiliers.<\/h3>\n<p>[\/vc_column_text][vc_empty_space height=\u00a0\u00bb40px\u00a0\u00bb][vc_column_text el_class=\u00a0\u00bbjustify\u00a0\u00bb]<\/p>\n<h3>Chez DM Legal &amp; Immobrokers, nous avons une longue exp\u00e9rience dans la constitution, le fonctionnement et le d\u00e9veloppement de la SCI.<\/h3>\n<p>[\/vc_column_text][\/vc_column][vc_column width=\u00a0\u00bb1\/4&Prime;][vc_empty_space height=\u00a0\u00bb15px\u00a0\u00bb][vc_single_image image=\u00a0\u00bb368&Prime; img_size=\u00a0\u00bbfull\u00a0\u00bb alignment=\u00a0\u00bbcenter\u00a0\u00bb qode_css_animation=\u00a0\u00bb\u00a0\u00bb][\/vc_column][\/vc_row][vc_row css_animation=\u00a0\u00bb\u00a0\u00bb row_type=\u00a0\u00bbrow\u00a0\u00bb use_row_as_full_screen_section=\u00a0\u00bbno\u00a0\u00bb type=\u00a0\u00bbgrid\u00a0\u00bb angled_section=\u00a0\u00bbno\u00a0\u00bb text_align=\u00a0\u00bbleft\u00a0\u00bb background_image_as_pattern=\u00a0\u00bbwithout_pattern\u00a0\u00bb css=\u00a0\u00bb.vc_custom_1519232650767{padding-top: 50px !important;padding-bottom: 50px !important;background-color: #ffffff !important;}\u00a0\u00bb][vc_column width=\u00a0\u00bb1\/2&Prime;][vc_column_text el_class=\u00a0\u00bbjustify\u00a0\u00bb]<\/p>\n<h3>Nos points forts<\/h3>\n<p>[\/vc_column_text][vc_empty_space height=\u00a0\u00bb15px\u00a0\u00bb][vc_column_text el_class=\u00a0\u00bbjustify\u00a0\u00bb]Le fait d&rsquo;avoir des avocats fran\u00e7ais qui ont \u00e9galement \u00e9tudi\u00e9 le droit en France nous permet de comprendre les bases juridiques du fonctionnement de la SCI et de l&rsquo;appliquer en droit espagnol.[\/vc_column_text][\/vc_column][vc_column width=\u00a0\u00bb1\/2&Prime;][vc_column_text el_class=\u00a0\u00bbjustify\u00a0\u00bb]<\/p>\n<h3>Nos services<\/h3>\n<p>[\/vc_column_text][vc_empty_space height=\u00a0\u00bb15px\u00a0\u00bb][vc_column_text el_class=\u00a0\u00bbjustify\u00a0\u00bb]<\/p>\n<ul>\n<li>Aide dans la Constitution de la SCI<\/li>\n<li>Enregistrement de la SCI en Espagne<\/li>\n<li>Acquisition de biens espagnols par le biais de la SCI<\/li>\n<li>Imposition de la SCI en Espagne<\/li>\n<\/ul>\n<p>[\/vc_column_text][\/vc_column][\/vc_row][vc_row css_animation=\u00a0\u00bb\u00a0\u00bb row_type=\u00a0\u00bbrow\u00a0\u00bb use_row_as_full_screen_section=\u00a0\u00bbno\u00a0\u00bb type=\u00a0\u00bbgrid\u00a0\u00bb angled_section=\u00a0\u00bbno\u00a0\u00bb text_align=\u00a0\u00bbleft\u00a0\u00bb background_image_as_pattern=\u00a0\u00bbwithout_pattern\u00a0\u00bb css=\u00a0\u00bb.vc_custom_1519233202840{padding-top: 50px !important;padding-bottom: 50px !important;}\u00a0\u00bb][vc_column]<blockquote class=' with_quote_icon' style=''><i class='fa fa-quote-right' style=''><\/i><h5 class='blockquote-text' style=''>Les hommes oublient plus facilement la mort de leur p\u00e8re que la perte de leur patrimoine. (Machiavel)<\/h5><\/blockquote>[\/vc_column][\/vc_row]<\/p>\n<\/div>","protected":false},"excerpt":{"rendered":"<p>[vc_row css_animation=\u00a0\u00bb\u00a0\u00bb row_type=\u00a0\u00bbrow\u00a0\u00bb use_row_as_full_screen_section=\u00a0\u00bbno\u00a0\u00bb type=\u00a0\u00bbgrid\u00a0\u00bb angled_section=\u00a0\u00bbno\u00a0\u00bb text_align=\u00a0\u00bbleft\u00a0\u00bb background_image_as_pattern=\u00a0\u00bbwithout_pattern\u00a0\u00bb css=\u00a0\u00bb.vc_custom_1519232457480{padding-top: 50px !important;padding-bottom: 50px !important;background-color: #ffffff !important;}\u00a0\u00bb][vc_column][vc_column_text] DM Legal &amp; Immobrokers a une grande exp\u00e9rience dans les achats d&rsquo;immeubles en Espagne \u00e0 travers une Soci\u00e9t\u00e9 Civile Immobili\u00e8re connue aussi comme SCI [\/vc_column_text][\/vc_column][\/vc_row][vc_row css_animation=\u00a0\u00bb\u00a0\u00bb row_type=\u00a0\u00bbrow\u00a0\u00bb use_row_as_full_screen_section=\u00a0\u00bbno\u00a0\u00bb type=\u00a0\u00bbgrid\u00a0\u00bb angled_section=\u00a0\u00bbno\u00a0\u00bb&#8230;<\/p>\n","protected":false},"author":1,"featured_media":0,"parent":0,"menu_order":0,"comment_status":"closed","ping_status":"closed","template":"full_width.php","meta":{"footnotes":""},"class_list":["post-1406","page","type-page","status-publish","hentry"],"yoast_head":"<!-- This site is optimized with the Yoast SEO plugin v27.1.1 - https:\/\/yoast.com\/product\/yoast-seo-wordpress\/ -->\n<title>SCI et achat immobilier en Espagne - DM Legal &amp; Immobrokers<\/title>\n<meta name=\"description\" content=\"DM Legal &amp; Immobrokers est un cabinet d&#039;avocats sp\u00e9cialis\u00e9 dans la soci\u00e9t\u00e9 civile immobili\u00e8re. Nous vous aidons dans la constitution de la SCI et achat immobilier en Espagne. De plus, nous organisons votre planification successorale et patrimoniale. T\u00e9l: 674 75 18 13 ou par courriel: info@dmimmobrokers.com.\" \/>\n<meta name=\"robots\" content=\"index, follow, max-snippet:-1, max-image-preview:large, max-video-preview:-1\" \/>\n<link rel=\"canonical\" href=\"https:\/\/dmimmobrokers.com\/fr\/sci-et-achat-immobilier-en-espagne\/\" \/>\n<meta property=\"og:locale\" content=\"fr_FR\" \/>\n<meta property=\"og:type\" content=\"article\" \/>\n<meta property=\"og:title\" content=\"SCI et achat immobilier en Espagne - DM Legal &amp; Immobrokers\" \/>\n<meta property=\"og:description\" content=\"DM Legal &amp; Immobrokers est un cabinet d&#039;avocats sp\u00e9cialis\u00e9 dans la soci\u00e9t\u00e9 civile immobili\u00e8re. Nous vous aidons dans la constitution de la SCI et achat immobilier en Espagne. De plus, nous organisons votre planification successorale et patrimoniale. T\u00e9l: 674 75 18 13 ou par courriel: info@dmimmobrokers.com.\" \/>\n<meta property=\"og:url\" content=\"https:\/\/dmimmobrokers.com\/fr\/sci-et-achat-immobilier-en-espagne\/\" \/>\n<meta property=\"og:site_name\" content=\"dmimmobrokers\" \/>\n<meta property=\"article:publisher\" content=\"https:\/\/www.facebook.com\/DM-Legal-Immobrokers-181574149126257\/\" \/>\n<meta property=\"article:modified_time\" content=\"2020-04-21T14:50:19+00:00\" \/>\n<meta name=\"twitter:card\" content=\"summary_large_image\" \/>\n<meta name=\"twitter:label1\" content=\"Dur\u00e9e de lecture estim\u00e9e\" \/>\n\t<meta name=\"twitter:data1\" content=\"2 minutes\" \/>\n<script type=\"application\/ld+json\" class=\"yoast-schema-graph\">{\"@context\":\"https:\/\/schema.org\",\"@graph\":[{\"@type\":\"WebPage\",\"@id\":\"https:\/\/dmimmobrokers.com\/fr\/sci-et-achat-immobilier-en-espagne\/\",\"url\":\"https:\/\/dmimmobrokers.com\/fr\/sci-et-achat-immobilier-en-espagne\/\",\"name\":\"SCI et achat immobilier en Espagne - DM Legal & Immobrokers\",\"isPartOf\":{\"@id\":\"https:\/\/dmimmobrokers.com\/fr\/#website\"},\"datePublished\":\"2018-01-09T09:43:07+00:00\",\"dateModified\":\"2020-04-21T14:50:19+00:00\",\"description\":\"DM Legal & Immobrokers est un cabinet d'avocats sp\u00e9cialis\u00e9 dans la soci\u00e9t\u00e9 civile immobili\u00e8re. Nous vous aidons dans la constitution de la SCI et achat immobilier en Espagne. De plus, nous organisons votre planification successorale et patrimoniale. T\u00e9l: 674 75 18 13 ou par courriel: info@dmimmobrokers.com.\",\"breadcrumb\":{\"@id\":\"https:\/\/dmimmobrokers.com\/fr\/sci-et-achat-immobilier-en-espagne\/#breadcrumb\"},\"inLanguage\":\"fr-FR\",\"potentialAction\":[{\"@type\":\"ReadAction\",\"target\":[\"https:\/\/dmimmobrokers.com\/fr\/sci-et-achat-immobilier-en-espagne\/\"]}]},{\"@type\":\"BreadcrumbList\",\"@id\":\"https:\/\/dmimmobrokers.com\/fr\/sci-et-achat-immobilier-en-espagne\/#breadcrumb\",\"itemListElement\":[{\"@type\":\"ListItem\",\"position\":1,\"name\":\"Portada\",\"item\":\"https:\/\/dmimmobrokers.com\/fr\/\"},{\"@type\":\"ListItem\",\"position\":2,\"name\":\"SCI et achat immobilier en Espagne\"}]},{\"@type\":\"WebSite\",\"@id\":\"https:\/\/dmimmobrokers.com\/fr\/#website\",\"url\":\"https:\/\/dmimmobrokers.com\/fr\/\",\"name\":\"dmimmobrokers\",\"description\":\"Servicios legales inmobiliarios\",\"potentialAction\":[{\"@type\":\"SearchAction\",\"target\":{\"@type\":\"EntryPoint\",\"urlTemplate\":\"https:\/\/dmimmobrokers.com\/fr\/?s={search_term_string}\"},\"query-input\":{\"@type\":\"PropertyValueSpecification\",\"valueRequired\":true,\"valueName\":\"search_term_string\"}}],\"inLanguage\":\"fr-FR\"}]}<\/script>\n<!-- \/ Yoast SEO plugin. -->","yoast_head_json":{"title":"SCI et achat immobilier en Espagne - DM Legal & Immobrokers","description":"DM Legal & Immobrokers est un cabinet d'avocats sp\u00e9cialis\u00e9 dans la soci\u00e9t\u00e9 civile immobili\u00e8re. Nous vous aidons dans la constitution de la SCI et achat immobilier en Espagne. De plus, nous organisons votre planification successorale et patrimoniale. T\u00e9l: 674 75 18 13 ou par courriel: info@dmimmobrokers.com.","robots":{"index":"index","follow":"follow","max-snippet":"max-snippet:-1","max-image-preview":"max-image-preview:large","max-video-preview":"max-video-preview:-1"},"canonical":"https:\/\/dmimmobrokers.com\/fr\/sci-et-achat-immobilier-en-espagne\/","og_locale":"fr_FR","og_type":"article","og_title":"SCI et achat immobilier en Espagne - DM Legal & Immobrokers","og_description":"DM Legal & Immobrokers est un cabinet d'avocats sp\u00e9cialis\u00e9 dans la soci\u00e9t\u00e9 civile immobili\u00e8re. Nous vous aidons dans la constitution de la SCI et achat immobilier en Espagne. De plus, nous organisons votre planification successorale et patrimoniale. T\u00e9l: 674 75 18 13 ou par courriel: info@dmimmobrokers.com.","og_url":"https:\/\/dmimmobrokers.com\/fr\/sci-et-achat-immobilier-en-espagne\/","og_site_name":"dmimmobrokers","article_publisher":"https:\/\/www.facebook.com\/DM-Legal-Immobrokers-181574149126257\/","article_modified_time":"2020-04-21T14:50:19+00:00","twitter_card":"summary_large_image","twitter_misc":{"Dur\u00e9e de lecture estim\u00e9e":"2 minutes"},"schema":{"@context":"https:\/\/schema.org","@graph":[{"@type":"WebPage","@id":"https:\/\/dmimmobrokers.com\/fr\/sci-et-achat-immobilier-en-espagne\/","url":"https:\/\/dmimmobrokers.com\/fr\/sci-et-achat-immobilier-en-espagne\/","name":"SCI et achat immobilier en Espagne - DM Legal & Immobrokers","isPartOf":{"@id":"https:\/\/dmimmobrokers.com\/fr\/#website"},"datePublished":"2018-01-09T09:43:07+00:00","dateModified":"2020-04-21T14:50:19+00:00","description":"DM Legal & Immobrokers est un cabinet d'avocats sp\u00e9cialis\u00e9 dans la soci\u00e9t\u00e9 civile immobili\u00e8re. Nous vous aidons dans la constitution de la SCI et achat immobilier en Espagne. De plus, nous organisons votre planification successorale et patrimoniale. T\u00e9l: 674 75 18 13 ou par courriel: info@dmimmobrokers.com.","breadcrumb":{"@id":"https:\/\/dmimmobrokers.com\/fr\/sci-et-achat-immobilier-en-espagne\/#breadcrumb"},"inLanguage":"fr-FR","potentialAction":[{"@type":"ReadAction","target":["https:\/\/dmimmobrokers.com\/fr\/sci-et-achat-immobilier-en-espagne\/"]}]},{"@type":"BreadcrumbList","@id":"https:\/\/dmimmobrokers.com\/fr\/sci-et-achat-immobilier-en-espagne\/#breadcrumb","itemListElement":[{"@type":"ListItem","position":1,"name":"Portada","item":"https:\/\/dmimmobrokers.com\/fr\/"},{"@type":"ListItem","position":2,"name":"SCI et achat immobilier en Espagne"}]},{"@type":"WebSite","@id":"https:\/\/dmimmobrokers.com\/fr\/#website","url":"https:\/\/dmimmobrokers.com\/fr\/","name":"dmimmobrokers","description":"Servicios legales inmobiliarios","potentialAction":[{"@type":"SearchAction","target":{"@type":"EntryPoint","urlTemplate":"https:\/\/dmimmobrokers.com\/fr\/?s={search_term_string}"},"query-input":{"@type":"PropertyValueSpecification","valueRequired":true,"valueName":"search_term_string"}}],"inLanguage":"fr-FR"}]}},"_links":{"self":[{"href":"https:\/\/dmimmobrokers.com\/fr\/wp-json\/wp\/v2\/pages\/1406","targetHints":{"allow":["GET"]}}],"collection":[{"href":"https:\/\/dmimmobrokers.com\/fr\/wp-json\/wp\/v2\/pages"}],"about":[{"href":"https:\/\/dmimmobrokers.com\/fr\/wp-json\/wp\/v2\/types\/page"}],"author":[{"embeddable":true,"href":"https:\/\/dmimmobrokers.com\/fr\/wp-json\/wp\/v2\/users\/1"}],"replies":[{"embeddable":true,"href":"https:\/\/dmimmobrokers.com\/fr\/wp-json\/wp\/v2\/comments?post=1406"}],"version-history":[{"count":4,"href":"https:\/\/dmimmobrokers.com\/fr\/wp-json\/wp\/v2\/pages\/1406\/revisions"}],"predecessor-version":[{"id":2729,"href":"https:\/\/dmimmobrokers.com\/fr\/wp-json\/wp\/v2\/pages\/1406\/revisions\/2729"}],"wp:attachment":[{"href":"https:\/\/dmimmobrokers.com\/fr\/wp-json\/wp\/v2\/media?parent=1406"}],"curies":[{"name":"wp","href":"https:\/\/api.w.org\/{rel}","templated":true}]}}