{"id":1401,"date":"2018-02-04T07:18:04","date_gmt":"2018-02-04T07:18:04","guid":{"rendered":"http:\/\/dmimmobrokers.com\/proteccion-de-datos\/"},"modified":"2020-04-21T16:44:05","modified_gmt":"2020-04-21T14:44:05","slug":"protection-des-donnees-personnelles","status":"publish","type":"page","link":"https:\/\/dmimmobrokers.com\/fr\/protection-des-donnees-personnelles\/","title":{"rendered":"Protection des donn\u00e9es personnelles"},"content":{"rendered":"<div class=\"wpb-content-wrapper\"><p>[vc_row css_animation=\u00a0\u00bb\u00a0\u00bb row_type=\u00a0\u00bbrow\u00a0\u00bb use_row_as_full_screen_section=\u00a0\u00bbno\u00a0\u00bb type=\u00a0\u00bbgrid\u00a0\u00bb angled_section=\u00a0\u00bbno\u00a0\u00bb text_align=\u00a0\u00bbleft\u00a0\u00bb background_image_as_pattern=\u00a0\u00bbwithout_pattern\u00a0\u00bb css=\u00a0\u00bb.vc_custom_1519920727257{padding-top: 50px !important;padding-bottom: 50px !important;}\u00a0\u00bb][vc_column][vc_column_text el_class=\u00a0\u00bbjustify\u00a0\u00bb]DM Legal &amp; Immobrokers SL, informe tous les utilisateurs que, conform\u00e9ment aux dispositions de l&rsquo;article 5 de la loi organique 15\/1999, du 13 D\u00e9cembre, la protection des donn\u00e9es personnelles (ci-apr\u00e8s LOPD), les donn\u00e9es personnelles fournies volontairement par toute forme \u00e9lectronique sur notre site Web seront incluses dans un fichier client dont le responsable est DM Legal &amp; Immobrokers SL, CIF B42527630, situ\u00e9 Avenida Benidorm 18, app 10-40, 03540 Alicante (Alicante). Vous pouvez exercer votre droit d&rsquo;acc\u00e8s, de rectification, d&rsquo;annulation et d&rsquo;opposition au traitement de vos donn\u00e9es personnelles, selon les termes et conditions pr\u00e9vus dans la LOPD elle-m\u00eame.<\/p>\n<p>&nbsp;<\/p>\n<p>Toutes les donn\u00e9es personnelles que vous nous fournissez seront utilis\u00e9es pour r\u00e9pondre \u00e0 vos demandes de services, utilis\u00e9es uniquement pour maintenir la relation commerciale et contractuelle avec nos clients, ainsi que pour envoyer des communications \u00e9lectroniques pour vous informer de nouveaux services, promotions et toute autre activit\u00e9 de DM Legal &amp; Immobrokers SL. Aux fins des dispositions des articles 11 et 34.e) LOPD, vous acceptez express\u00e9ment que vos donn\u00e9es puissent \u00eatre communiqu\u00e9es par DM Legal &amp; Immobrokers SL, \u00e0 des entreprises ou des partenaires associ\u00e9s, aux fins ci-dessus.<\/p>\n<p>&nbsp;<\/p>\n<p>Le consentement pour la communication de donn\u00e9es personnelles est r\u00e9vocable \u00e0 tout moment, bien qu&rsquo;il n&rsquo;ait pas d&rsquo;effets r\u00e9troactifs. Si en compl\u00e9tant vos informations dans le formulaire correspondant, vous avez indiqu\u00e9 votre volont\u00e9 de recevoir des informations par courrier \u00e9lectronique, vous consentez \u00e9galement \u00e0 ce que nous vous envoyions des communications commerciales par voie \u00e9lectronique conform\u00e9ment \u00e0 la loi sur les services de la soci\u00e9t\u00e9 d&rsquo;information \u00c9lectronique.<\/p>\n<p>&nbsp;<\/p>\n<p>Donn\u00e9es tierces personnes<\/p>\n<p>&nbsp;<\/p>\n<p>Dans le cas o\u00f9 l&rsquo;utilisateur nous fournit des donn\u00e9es personnelles de tiers, conform\u00e9ment aux dispositions de l&rsquo;article 5.4. LOPD, il d\u00e9clare avoir le consentement de ladite personne et avoir pr\u00e9alablement inform\u00e9 ces personnes du contenu des donn\u00e9es fournies, de l&rsquo;origine des m\u00eames, de l&rsquo;existence et du but du fichier contenant leurs donn\u00e9es, des destinataires de ces informations, la possibilit\u00e9 d&rsquo;exercer les droits d&rsquo;acc\u00e8s, de rectification, d&rsquo;annulation et d&rsquo;opposition, ainsi que les conditions \u00e9tablies dans cette politique de protection des donn\u00e9es.<\/p>\n<p>&nbsp;<\/p>\n<p>Exactitude des donn\u00e9es<\/p>\n<p>&nbsp;<\/p>\n<p>L&rsquo;envoi de donn\u00e9es personnelles implique que l&rsquo;Utilisateur reconnaisse que les informations et donn\u00e9es personnelles fournies sont v\u00e9ridiques, exactes et s&rsquo;engage \u00e0 ne pas introduire de fausses donn\u00e9es et \u00e0 proc\u00e9der \u00e0 leur modification si n\u00e9cessaire.<\/p>\n<p>&nbsp;<\/p>\n<p>S\u00e9curit\u00e9<\/p>\n<p>&nbsp;<\/p>\n<p>DM Legal &amp; Immobrokers SL, vous informe qu&rsquo;il a mis en \u0153uvre les mesures de s\u00e9curit\u00e9 de nature technique et organisationnelle n\u00e9cessaires pour assurer la confidentialit\u00e9 totale de vos donn\u00e9es personnelles. Il a \u00e9galement pris des mesures de s\u00e9curit\u00e9 pour emp\u00eacher l&rsquo;alt\u00e9ration, la perte, le traitement et \/ ou l&rsquo;acc\u00e8s non autoris\u00e9, compte tenu de l&rsquo;\u00e9tat de la technologie, la nature des donn\u00e9es stock\u00e9es et les risques auxquels ils sont expos\u00e9s, que ce soit de l&rsquo;action humaine ou l&rsquo;environnement physique ou naturel. Tout cela en conformit\u00e9 avec les dispositions de l&rsquo;article 9 LOPD et le d\u00e9cret royal 1720\/07, du 11 Juin, qui approuve la r\u00e9glementation des mesures de s\u00e9curit\u00e9 pour les fichiers automatis\u00e9s contenant des donn\u00e9es personnelles.[\/vc_column_text][\/vc_column][\/vc_row]<\/p>\n<\/div>","protected":false},"excerpt":{"rendered":"<p>[vc_row css_animation=\u00a0\u00bb\u00a0\u00bb row_type=\u00a0\u00bbrow\u00a0\u00bb use_row_as_full_screen_section=\u00a0\u00bbno\u00a0\u00bb type=\u00a0\u00bbgrid\u00a0\u00bb angled_section=\u00a0\u00bbno\u00a0\u00bb text_align=\u00a0\u00bbleft\u00a0\u00bb background_image_as_pattern=\u00a0\u00bbwithout_pattern\u00a0\u00bb css=\u00a0\u00bb.vc_custom_1519920727257{padding-top: 50px !important;padding-bottom: 50px !important;}\u00a0\u00bb][vc_column][vc_column_text el_class=\u00a0\u00bbjustify\u00a0\u00bb]DM Legal &amp; Immobrokers SL, informe tous les utilisateurs que, conform\u00e9ment aux dispositions de l&rsquo;article 5 de la loi organique 15\/1999, du 13 D\u00e9cembre, la protection des donn\u00e9es personnelles (ci-apr\u00e8s LOPD), les&#8230;<\/p>\n","protected":false},"author":1,"featured_media":0,"parent":0,"menu_order":0,"comment_status":"closed","ping_status":"closed","template":"full_width.php","meta":{"footnotes":""},"class_list":["post-1401","page","type-page","status-publish","hentry"],"yoast_head":"<!-- This site is optimized with the Yoast SEO plugin v27.1.1 - https:\/\/yoast.com\/product\/yoast-seo-wordpress\/ -->\n<title>Protection des donn\u00e9es personnelles - DM Legal &amp; Immobrokers<\/title>\n<meta name=\"description\" content=\"DM Legal &amp; Immobrokers est un cabinet d&#039;avocats sp\u00e9cialis\u00e9 dans plusieurs branches du droit. Nous vous conseillons sur la fa\u00e7on d&#039;organiser vos testaments, vos achats immobiliers ou vos litiges. Nous repr\u00e9sentons les personnes physiques et morales Tel: 674 75 18 13 ou email: info@dmimmobrokers.com.\" \/>\n<meta name=\"robots\" content=\"index, follow, max-snippet:-1, max-image-preview:large, max-video-preview:-1\" \/>\n<link rel=\"canonical\" href=\"https:\/\/dmimmobrokers.com\/fr\/protection-des-donnees-personnelles\/\" \/>\n<meta property=\"og:locale\" content=\"fr_FR\" \/>\n<meta property=\"og:type\" content=\"article\" \/>\n<meta property=\"og:title\" content=\"Protection des donn\u00e9es personnelles - DM Legal &amp; Immobrokers\" \/>\n<meta property=\"og:description\" content=\"DM Legal &amp; Immobrokers est un cabinet d&#039;avocats sp\u00e9cialis\u00e9 dans plusieurs branches du droit. Nous vous conseillons sur la fa\u00e7on d&#039;organiser vos testaments, vos achats immobiliers ou vos litiges. Nous repr\u00e9sentons les personnes physiques et morales Tel: 674 75 18 13 ou email: info@dmimmobrokers.com.\" \/>\n<meta property=\"og:url\" content=\"https:\/\/dmimmobrokers.com\/fr\/protection-des-donnees-personnelles\/\" \/>\n<meta property=\"og:site_name\" content=\"dmimmobrokers\" \/>\n<meta property=\"article:publisher\" content=\"https:\/\/www.facebook.com\/DM-Legal-Immobrokers-181574149126257\/\" \/>\n<meta property=\"article:modified_time\" content=\"2020-04-21T14:44:05+00:00\" \/>\n<meta name=\"twitter:card\" content=\"summary_large_image\" \/>\n<meta name=\"twitter:label1\" content=\"Dur\u00e9e de lecture estim\u00e9e\" \/>\n\t<meta name=\"twitter:data1\" content=\"3 minutes\" \/>\n<script type=\"application\/ld+json\" class=\"yoast-schema-graph\">{\"@context\":\"https:\/\/schema.org\",\"@graph\":[{\"@type\":\"WebPage\",\"@id\":\"https:\/\/dmimmobrokers.com\/fr\/protection-des-donnees-personnelles\/\",\"url\":\"https:\/\/dmimmobrokers.com\/fr\/protection-des-donnees-personnelles\/\",\"name\":\"Protection des donn\u00e9es personnelles - DM Legal & Immobrokers\",\"isPartOf\":{\"@id\":\"https:\/\/dmimmobrokers.com\/fr\/#website\"},\"datePublished\":\"2018-02-04T07:18:04+00:00\",\"dateModified\":\"2020-04-21T14:44:05+00:00\",\"description\":\"DM Legal & Immobrokers est un cabinet d'avocats sp\u00e9cialis\u00e9 dans plusieurs branches du droit. Nous vous conseillons sur la fa\u00e7on d'organiser vos testaments, vos achats immobiliers ou vos litiges. Nous repr\u00e9sentons les personnes physiques et morales Tel: 674 75 18 13 ou email: info@dmimmobrokers.com.\",\"breadcrumb\":{\"@id\":\"https:\/\/dmimmobrokers.com\/fr\/protection-des-donnees-personnelles\/#breadcrumb\"},\"inLanguage\":\"fr-FR\",\"potentialAction\":[{\"@type\":\"ReadAction\",\"target\":[\"https:\/\/dmimmobrokers.com\/fr\/protection-des-donnees-personnelles\/\"]}]},{\"@type\":\"BreadcrumbList\",\"@id\":\"https:\/\/dmimmobrokers.com\/fr\/protection-des-donnees-personnelles\/#breadcrumb\",\"itemListElement\":[{\"@type\":\"ListItem\",\"position\":1,\"name\":\"Portada\",\"item\":\"https:\/\/dmimmobrokers.com\/fr\/\"},{\"@type\":\"ListItem\",\"position\":2,\"name\":\"Protection des donn\u00e9es personnelles\"}]},{\"@type\":\"WebSite\",\"@id\":\"https:\/\/dmimmobrokers.com\/fr\/#website\",\"url\":\"https:\/\/dmimmobrokers.com\/fr\/\",\"name\":\"dmimmobrokers\",\"description\":\"Servicios legales inmobiliarios\",\"potentialAction\":[{\"@type\":\"SearchAction\",\"target\":{\"@type\":\"EntryPoint\",\"urlTemplate\":\"https:\/\/dmimmobrokers.com\/fr\/?s={search_term_string}\"},\"query-input\":{\"@type\":\"PropertyValueSpecification\",\"valueRequired\":true,\"valueName\":\"search_term_string\"}}],\"inLanguage\":\"fr-FR\"}]}<\/script>\n<!-- \/ Yoast SEO plugin. -->","yoast_head_json":{"title":"Protection des donn\u00e9es personnelles - DM Legal & Immobrokers","description":"DM Legal & Immobrokers est un cabinet d'avocats sp\u00e9cialis\u00e9 dans plusieurs branches du droit. Nous vous conseillons sur la fa\u00e7on d'organiser vos testaments, vos achats immobiliers ou vos litiges. Nous repr\u00e9sentons les personnes physiques et morales Tel: 674 75 18 13 ou email: info@dmimmobrokers.com.","robots":{"index":"index","follow":"follow","max-snippet":"max-snippet:-1","max-image-preview":"max-image-preview:large","max-video-preview":"max-video-preview:-1"},"canonical":"https:\/\/dmimmobrokers.com\/fr\/protection-des-donnees-personnelles\/","og_locale":"fr_FR","og_type":"article","og_title":"Protection des donn\u00e9es personnelles - DM Legal & Immobrokers","og_description":"DM Legal & Immobrokers est un cabinet d'avocats sp\u00e9cialis\u00e9 dans plusieurs branches du droit. Nous vous conseillons sur la fa\u00e7on d'organiser vos testaments, vos achats immobiliers ou vos litiges. Nous repr\u00e9sentons les personnes physiques et morales Tel: 674 75 18 13 ou email: info@dmimmobrokers.com.","og_url":"https:\/\/dmimmobrokers.com\/fr\/protection-des-donnees-personnelles\/","og_site_name":"dmimmobrokers","article_publisher":"https:\/\/www.facebook.com\/DM-Legal-Immobrokers-181574149126257\/","article_modified_time":"2020-04-21T14:44:05+00:00","twitter_card":"summary_large_image","twitter_misc":{"Dur\u00e9e de lecture estim\u00e9e":"3 minutes"},"schema":{"@context":"https:\/\/schema.org","@graph":[{"@type":"WebPage","@id":"https:\/\/dmimmobrokers.com\/fr\/protection-des-donnees-personnelles\/","url":"https:\/\/dmimmobrokers.com\/fr\/protection-des-donnees-personnelles\/","name":"Protection des donn\u00e9es personnelles - DM Legal & Immobrokers","isPartOf":{"@id":"https:\/\/dmimmobrokers.com\/fr\/#website"},"datePublished":"2018-02-04T07:18:04+00:00","dateModified":"2020-04-21T14:44:05+00:00","description":"DM Legal & Immobrokers est un cabinet d'avocats sp\u00e9cialis\u00e9 dans plusieurs branches du droit. Nous vous conseillons sur la fa\u00e7on d'organiser vos testaments, vos achats immobiliers ou vos litiges. Nous repr\u00e9sentons les personnes physiques et morales Tel: 674 75 18 13 ou email: info@dmimmobrokers.com.","breadcrumb":{"@id":"https:\/\/dmimmobrokers.com\/fr\/protection-des-donnees-personnelles\/#breadcrumb"},"inLanguage":"fr-FR","potentialAction":[{"@type":"ReadAction","target":["https:\/\/dmimmobrokers.com\/fr\/protection-des-donnees-personnelles\/"]}]},{"@type":"BreadcrumbList","@id":"https:\/\/dmimmobrokers.com\/fr\/protection-des-donnees-personnelles\/#breadcrumb","itemListElement":[{"@type":"ListItem","position":1,"name":"Portada","item":"https:\/\/dmimmobrokers.com\/fr\/"},{"@type":"ListItem","position":2,"name":"Protection des donn\u00e9es personnelles"}]},{"@type":"WebSite","@id":"https:\/\/dmimmobrokers.com\/fr\/#website","url":"https:\/\/dmimmobrokers.com\/fr\/","name":"dmimmobrokers","description":"Servicios legales inmobiliarios","potentialAction":[{"@type":"SearchAction","target":{"@type":"EntryPoint","urlTemplate":"https:\/\/dmimmobrokers.com\/fr\/?s={search_term_string}"},"query-input":{"@type":"PropertyValueSpecification","valueRequired":true,"valueName":"search_term_string"}}],"inLanguage":"fr-FR"}]}},"_links":{"self":[{"href":"https:\/\/dmimmobrokers.com\/fr\/wp-json\/wp\/v2\/pages\/1401","targetHints":{"allow":["GET"]}}],"collection":[{"href":"https:\/\/dmimmobrokers.com\/fr\/wp-json\/wp\/v2\/pages"}],"about":[{"href":"https:\/\/dmimmobrokers.com\/fr\/wp-json\/wp\/v2\/types\/page"}],"author":[{"embeddable":true,"href":"https:\/\/dmimmobrokers.com\/fr\/wp-json\/wp\/v2\/users\/1"}],"replies":[{"embeddable":true,"href":"https:\/\/dmimmobrokers.com\/fr\/wp-json\/wp\/v2\/comments?post=1401"}],"version-history":[{"count":4,"href":"https:\/\/dmimmobrokers.com\/fr\/wp-json\/wp\/v2\/pages\/1401\/revisions"}],"predecessor-version":[{"id":2727,"href":"https:\/\/dmimmobrokers.com\/fr\/wp-json\/wp\/v2\/pages\/1401\/revisions\/2727"}],"wp:attachment":[{"href":"https:\/\/dmimmobrokers.com\/fr\/wp-json\/wp\/v2\/media?parent=1401"}],"curies":[{"name":"wp","href":"https:\/\/api.w.org\/{rel}","templated":true}]}}