{"id":1395,"date":"2018-02-04T07:14:53","date_gmt":"2018-02-04T07:14:53","guid":{"rendered":"http:\/\/dmimmobrokers.com\/politica-de-cookies\/"},"modified":"2020-04-21T16:43:20","modified_gmt":"2020-04-21T14:43:20","slug":"politique-des-cookies","status":"publish","type":"page","link":"https:\/\/dmimmobrokers.com\/fr\/politique-des-cookies\/","title":{"rendered":"Politique des cookies"},"content":{"rendered":"<div class=\"wpb-content-wrapper\"><p>[vc_row css_animation=\u00a0\u00bb\u00a0\u00bb row_type=\u00a0\u00bbrow\u00a0\u00bb use_row_as_full_screen_section=\u00a0\u00bbno\u00a0\u00bb type=\u00a0\u00bbgrid\u00a0\u00bb angled_section=\u00a0\u00bbno\u00a0\u00bb text_align=\u00a0\u00bbleft\u00a0\u00bb background_image_as_pattern=\u00a0\u00bbwithout_pattern\u00a0\u00bb css=\u00a0\u00bb.vc_custom_1519920337057{padding-top: 50px !important;padding-bottom: 50px !important;}\u00a0\u00bb][vc_column][vc_column_text el_class=\u00a0\u00bbjustify\u00a0\u00bb]Politique des cookies<\/p>\n<p>&nbsp;<\/p>\n<p>Les cookies sont de petits fichiers texte g\u00e9n\u00e9r\u00e9s par les pages Web que vous visitez et qui contiennent des donn\u00e9es de session susceptibles d&rsquo;\u00eatre utiles plus tard dans la page Web. Les donn\u00e9es permettent \u00e0 la page Web de conserver ses informations entre les pages, ainsi que d&rsquo;analyser la mani\u00e8re d&rsquo;interagir avec le site.<\/p>\n<p>&nbsp;<\/p>\n<p>Les cookies sont s\u00e9curis\u00e9s car ils ne peuvent stocker que les informations mises en place par le navigateur, c&rsquo;est-\u00e0-dire les informations que l&rsquo;utilisateur a saisies dans le navigateur ou qui sont incluses dans la demande de page. Ils ne peuvent pas ex\u00e9cuter de code et ne peuvent pas \u00eatre utilis\u00e9s pour acc\u00e9der \u00e0 votre ordinateur.<\/p>\n<p>&nbsp;<\/p>\n<p>Les cookies sont essentiels pour le fonctionnement d&rsquo;Internet, offrant d&rsquo;innombrables avantages dans la fourniture de services interactifs, facilitant la navigation et la convivialit\u00e9 du Web. Les cookies ne peuvent pas endommager votre ordinateur et l&rsquo;activation permet d&rsquo;identifier et de r\u00e9soudre les erreurs.<\/p>\n<p>&nbsp;<\/p>\n<p>Ci-dessous, nous fournissons plus d&rsquo;informations afin que vous puissiez mieux comprendre les diff\u00e9rents types de cookies qui peuvent \u00eatre utilis\u00e9s:<\/p>\n<p>&nbsp;<\/p>\n<p>&#8211; Cookies de session: ce sont des cookies temporaires qui restent dans le fichier cookie du navigateur jusqu&rsquo;\u00e0 ce que la page web soit laiss\u00e9e, de sorte qu&rsquo;aucun n&rsquo;est enregistr\u00e9 sur le disque dur de l&rsquo;utilisateur. Les informations obtenues gr\u00e2ce \u00e0 ces cookies sont utilis\u00e9es pour analyser les mod\u00e8les de trafic sur le web. \u00c0 long terme, cela permet de fournir une meilleure exp\u00e9rience pour am\u00e9liorer le contenu et faciliter son utilisation.<\/p>\n<p>&nbsp;<\/p>\n<p>&#8211; Les cookies permanents: ils sont stock\u00e9s sur le disque dur et la page web les lit chaque fois qu&rsquo;une nouvelle visite est faite. Malgr\u00e9 son nom, un site Web permanent a une date d&rsquo;expiration sp\u00e9cifique. Le cookie cessera de fonctionner apr\u00e8s cette date. Ils sont g\u00e9n\u00e9ralement utilis\u00e9s pour faciliter les diff\u00e9rents services offerts par les pages Web. Ensuite, nous publions une liste des cookies principaux utilis\u00e9s sur nos sites Web, en distinguant:<\/p>\n<p>&nbsp;<\/p>\n<p>&#8211; Les cookies strictement n\u00e9cessaires tels que, par exemple, ceux qui servent \u00e0 une navigation correcte ou ceux qui permettent le paiement de biens ou services demand\u00e9s par l&rsquo;utilisateur ou les cookies qui servent \u00e0 assurer que le contenu du site est effectivement charg\u00e9.<\/p>\n<p>&nbsp;<\/p>\n<p>Les cookies tiers, tels que ceux utilis\u00e9s par les r\u00e9seaux sociaux, ou des suppl\u00e9ments de contenu externe.<\/p>\n<p>&nbsp;<\/p>\n<p>&#8211; Cookies analytiques \u00e0 des fins de maintenance p\u00e9riodique et, afin de garantir le meilleur service possible \u00e0 l&rsquo;utilisateur, avec lesquels les sites Web recueillent des donn\u00e9es statistiques de l&rsquo;activit\u00e9.<\/p>\n<p>&nbsp;<\/p>\n<p>Gestion des cookies:<\/p>\n<p>&nbsp;<\/p>\n<p>Tous les navigateurs Internet vous permettent de limiter le comportement d&rsquo;un cookie ou de d\u00e9sactiver les cookies dans les param\u00e8tres ou les options du navigateur. Les \u00e9tapes pour le faire sont diff\u00e9rentes pour chaque navigateur, \u00e9tant capable de trouver des instructions dans le menu d&rsquo;aide de votre navigateur.De nombreux navigateurs vous permettent d&rsquo;activer un mode priv\u00e9 par lequel les cookies sont toujours supprim\u00e9s apr\u00e8s la visite. Selon chaque navigateur, ce mode priv\u00e9 peut avoir des noms diff\u00e9rents.[\/vc_column_text][\/vc_column][\/vc_row]<\/p>\n<\/div>","protected":false},"excerpt":{"rendered":"<p>[vc_row css_animation=\u00a0\u00bb\u00a0\u00bb row_type=\u00a0\u00bbrow\u00a0\u00bb use_row_as_full_screen_section=\u00a0\u00bbno\u00a0\u00bb type=\u00a0\u00bbgrid\u00a0\u00bb angled_section=\u00a0\u00bbno\u00a0\u00bb text_align=\u00a0\u00bbleft\u00a0\u00bb background_image_as_pattern=\u00a0\u00bbwithout_pattern\u00a0\u00bb css=\u00a0\u00bb.vc_custom_1519920337057{padding-top: 50px !important;padding-bottom: 50px !important;}\u00a0\u00bb][vc_column][vc_column_text el_class=\u00a0\u00bbjustify\u00a0\u00bb]Politique des cookies &nbsp; Les cookies sont de petits fichiers texte g\u00e9n\u00e9r\u00e9s par les pages Web que vous visitez et qui contiennent des donn\u00e9es de session susceptibles d&rsquo;\u00eatre utiles plus tard dans&#8230;<\/p>\n","protected":false},"author":1,"featured_media":0,"parent":0,"menu_order":0,"comment_status":"closed","ping_status":"closed","template":"full_width.php","meta":{"footnotes":""},"class_list":["post-1395","page","type-page","status-publish","hentry"],"yoast_head":"<!-- This site is optimized with the Yoast SEO plugin v27.1.1 - https:\/\/yoast.com\/product\/yoast-seo-wordpress\/ -->\n<title>Politique des cookies | Avocat Franco-Espagnol -DM Legal &amp; Immobrokers<\/title>\n<meta name=\"description\" content=\"DM Legal &amp; Immobrokers est un cabinet d&#039;avocats sp\u00e9cialis\u00e9 dans plusieurs branches du droit pour francophones. Nous vous conseillons sur la fa\u00e7on d&#039;organiser vos testaments, vos achats immobiliers ou vos litiges. Nous repr\u00e9sentons les personnes physiques et morales Tel: 674 75 18 13 ou email: info@dmimmobrokers.com.\" \/>\n<meta name=\"robots\" content=\"index, follow, max-snippet:-1, max-image-preview:large, max-video-preview:-1\" \/>\n<link rel=\"canonical\" href=\"https:\/\/dmimmobrokers.com\/fr\/politique-des-cookies\/\" \/>\n<meta property=\"og:locale\" content=\"fr_FR\" \/>\n<meta property=\"og:type\" content=\"article\" \/>\n<meta property=\"og:title\" content=\"Politique des cookies | Avocat Franco-Espagnol -DM Legal &amp; Immobrokers\" \/>\n<meta property=\"og:description\" content=\"DM Legal &amp; Immobrokers est un cabinet d&#039;avocats sp\u00e9cialis\u00e9 dans plusieurs branches du droit pour francophones. Nous vous conseillons sur la fa\u00e7on d&#039;organiser vos testaments, vos achats immobiliers ou vos litiges. Nous repr\u00e9sentons les personnes physiques et morales Tel: 674 75 18 13 ou email: info@dmimmobrokers.com.\" \/>\n<meta property=\"og:url\" content=\"https:\/\/dmimmobrokers.com\/fr\/politique-des-cookies\/\" \/>\n<meta property=\"og:site_name\" content=\"dmimmobrokers\" \/>\n<meta property=\"article:publisher\" content=\"https:\/\/www.facebook.com\/DM-Legal-Immobrokers-181574149126257\/\" \/>\n<meta property=\"article:modified_time\" content=\"2020-04-21T14:43:20+00:00\" \/>\n<meta name=\"twitter:card\" content=\"summary_large_image\" \/>\n<meta name=\"twitter:label1\" content=\"Dur\u00e9e de lecture estim\u00e9e\" \/>\n\t<meta name=\"twitter:data1\" content=\"3 minutes\" \/>\n<script type=\"application\/ld+json\" class=\"yoast-schema-graph\">{\"@context\":\"https:\/\/schema.org\",\"@graph\":[{\"@type\":\"WebPage\",\"@id\":\"https:\/\/dmimmobrokers.com\/fr\/politique-des-cookies\/\",\"url\":\"https:\/\/dmimmobrokers.com\/fr\/politique-des-cookies\/\",\"name\":\"Politique des cookies | Avocat Franco-Espagnol -DM Legal & Immobrokers\",\"isPartOf\":{\"@id\":\"https:\/\/dmimmobrokers.com\/fr\/#website\"},\"datePublished\":\"2018-02-04T07:14:53+00:00\",\"dateModified\":\"2020-04-21T14:43:20+00:00\",\"description\":\"DM Legal & Immobrokers est un cabinet d'avocats sp\u00e9cialis\u00e9 dans plusieurs branches du droit pour francophones. Nous vous conseillons sur la fa\u00e7on d'organiser vos testaments, vos achats immobiliers ou vos litiges. Nous repr\u00e9sentons les personnes physiques et morales Tel: 674 75 18 13 ou email: info@dmimmobrokers.com.\",\"breadcrumb\":{\"@id\":\"https:\/\/dmimmobrokers.com\/fr\/politique-des-cookies\/#breadcrumb\"},\"inLanguage\":\"fr-FR\",\"potentialAction\":[{\"@type\":\"ReadAction\",\"target\":[\"https:\/\/dmimmobrokers.com\/fr\/politique-des-cookies\/\"]}]},{\"@type\":\"BreadcrumbList\",\"@id\":\"https:\/\/dmimmobrokers.com\/fr\/politique-des-cookies\/#breadcrumb\",\"itemListElement\":[{\"@type\":\"ListItem\",\"position\":1,\"name\":\"Portada\",\"item\":\"https:\/\/dmimmobrokers.com\/fr\/\"},{\"@type\":\"ListItem\",\"position\":2,\"name\":\"Politique des cookies\"}]},{\"@type\":\"WebSite\",\"@id\":\"https:\/\/dmimmobrokers.com\/fr\/#website\",\"url\":\"https:\/\/dmimmobrokers.com\/fr\/\",\"name\":\"dmimmobrokers\",\"description\":\"Servicios legales inmobiliarios\",\"potentialAction\":[{\"@type\":\"SearchAction\",\"target\":{\"@type\":\"EntryPoint\",\"urlTemplate\":\"https:\/\/dmimmobrokers.com\/fr\/?s={search_term_string}\"},\"query-input\":{\"@type\":\"PropertyValueSpecification\",\"valueRequired\":true,\"valueName\":\"search_term_string\"}}],\"inLanguage\":\"fr-FR\"}]}<\/script>\n<!-- \/ Yoast SEO plugin. -->","yoast_head_json":{"title":"Politique des cookies | Avocat Franco-Espagnol -DM Legal & Immobrokers","description":"DM Legal & Immobrokers est un cabinet d'avocats sp\u00e9cialis\u00e9 dans plusieurs branches du droit pour francophones. Nous vous conseillons sur la fa\u00e7on d'organiser vos testaments, vos achats immobiliers ou vos litiges. Nous repr\u00e9sentons les personnes physiques et morales Tel: 674 75 18 13 ou email: info@dmimmobrokers.com.","robots":{"index":"index","follow":"follow","max-snippet":"max-snippet:-1","max-image-preview":"max-image-preview:large","max-video-preview":"max-video-preview:-1"},"canonical":"https:\/\/dmimmobrokers.com\/fr\/politique-des-cookies\/","og_locale":"fr_FR","og_type":"article","og_title":"Politique des cookies | Avocat Franco-Espagnol -DM Legal & Immobrokers","og_description":"DM Legal & Immobrokers est un cabinet d'avocats sp\u00e9cialis\u00e9 dans plusieurs branches du droit pour francophones. Nous vous conseillons sur la fa\u00e7on d'organiser vos testaments, vos achats immobiliers ou vos litiges. Nous repr\u00e9sentons les personnes physiques et morales Tel: 674 75 18 13 ou email: info@dmimmobrokers.com.","og_url":"https:\/\/dmimmobrokers.com\/fr\/politique-des-cookies\/","og_site_name":"dmimmobrokers","article_publisher":"https:\/\/www.facebook.com\/DM-Legal-Immobrokers-181574149126257\/","article_modified_time":"2020-04-21T14:43:20+00:00","twitter_card":"summary_large_image","twitter_misc":{"Dur\u00e9e de lecture estim\u00e9e":"3 minutes"},"schema":{"@context":"https:\/\/schema.org","@graph":[{"@type":"WebPage","@id":"https:\/\/dmimmobrokers.com\/fr\/politique-des-cookies\/","url":"https:\/\/dmimmobrokers.com\/fr\/politique-des-cookies\/","name":"Politique des cookies | Avocat Franco-Espagnol -DM Legal & Immobrokers","isPartOf":{"@id":"https:\/\/dmimmobrokers.com\/fr\/#website"},"datePublished":"2018-02-04T07:14:53+00:00","dateModified":"2020-04-21T14:43:20+00:00","description":"DM Legal & Immobrokers est un cabinet d'avocats sp\u00e9cialis\u00e9 dans plusieurs branches du droit pour francophones. Nous vous conseillons sur la fa\u00e7on d'organiser vos testaments, vos achats immobiliers ou vos litiges. Nous repr\u00e9sentons les personnes physiques et morales Tel: 674 75 18 13 ou email: info@dmimmobrokers.com.","breadcrumb":{"@id":"https:\/\/dmimmobrokers.com\/fr\/politique-des-cookies\/#breadcrumb"},"inLanguage":"fr-FR","potentialAction":[{"@type":"ReadAction","target":["https:\/\/dmimmobrokers.com\/fr\/politique-des-cookies\/"]}]},{"@type":"BreadcrumbList","@id":"https:\/\/dmimmobrokers.com\/fr\/politique-des-cookies\/#breadcrumb","itemListElement":[{"@type":"ListItem","position":1,"name":"Portada","item":"https:\/\/dmimmobrokers.com\/fr\/"},{"@type":"ListItem","position":2,"name":"Politique des cookies"}]},{"@type":"WebSite","@id":"https:\/\/dmimmobrokers.com\/fr\/#website","url":"https:\/\/dmimmobrokers.com\/fr\/","name":"dmimmobrokers","description":"Servicios legales inmobiliarios","potentialAction":[{"@type":"SearchAction","target":{"@type":"EntryPoint","urlTemplate":"https:\/\/dmimmobrokers.com\/fr\/?s={search_term_string}"},"query-input":{"@type":"PropertyValueSpecification","valueRequired":true,"valueName":"search_term_string"}}],"inLanguage":"fr-FR"}]}},"_links":{"self":[{"href":"https:\/\/dmimmobrokers.com\/fr\/wp-json\/wp\/v2\/pages\/1395","targetHints":{"allow":["GET"]}}],"collection":[{"href":"https:\/\/dmimmobrokers.com\/fr\/wp-json\/wp\/v2\/pages"}],"about":[{"href":"https:\/\/dmimmobrokers.com\/fr\/wp-json\/wp\/v2\/types\/page"}],"author":[{"embeddable":true,"href":"https:\/\/dmimmobrokers.com\/fr\/wp-json\/wp\/v2\/users\/1"}],"replies":[{"embeddable":true,"href":"https:\/\/dmimmobrokers.com\/fr\/wp-json\/wp\/v2\/comments?post=1395"}],"version-history":[{"count":4,"href":"https:\/\/dmimmobrokers.com\/fr\/wp-json\/wp\/v2\/pages\/1395\/revisions"}],"predecessor-version":[{"id":2726,"href":"https:\/\/dmimmobrokers.com\/fr\/wp-json\/wp\/v2\/pages\/1395\/revisions\/2726"}],"wp:attachment":[{"href":"https:\/\/dmimmobrokers.com\/fr\/wp-json\/wp\/v2\/media?parent=1395"}],"curies":[{"name":"wp","href":"https:\/\/api.w.org\/{rel}","templated":true}]}}