{"id":1385,"date":"2018-01-25T11:14:14","date_gmt":"2018-01-25T11:14:14","guid":{"rendered":"http:\/\/dmimmobrokers.com\/herencia\/"},"modified":"2020-04-21T16:33:32","modified_gmt":"2020-04-21T14:33:32","slug":"les-successions","status":"publish","type":"page","link":"https:\/\/dmimmobrokers.com\/fr\/les-successions\/","title":{"rendered":"Les Successions"},"content":{"rendered":"<div class=\"wpb-content-wrapper\"><p>[vc_row css_animation=\u00a0\u00bb\u00a0\u00bb row_type=\u00a0\u00bbrow\u00a0\u00bb use_row_as_full_screen_section=\u00a0\u00bbno\u00a0\u00bb type=\u00a0\u00bbgrid\u00a0\u00bb angled_section=\u00a0\u00bbno\u00a0\u00bb text_align=\u00a0\u00bbleft\u00a0\u00bb background_image_as_pattern=\u00a0\u00bbwithout_pattern\u00a0\u00bb css=\u00a0\u00bb.vc_custom_1519227400641{padding-top: 50px !important;padding-bottom: 50px !important;background-color: #ffffff !important;}\u00a0\u00bb][vc_column][vc_column_text]<\/p>\n<h2 style=\"text-align: center;\">Les successions, en droit, sont les actes juridiques par lesquels une personne qui d\u00e9c\u00e8de transmet ses biens, droits et obligations (dettes) \u00e0 une autre personne ou \u00e0 d&rsquo;autres personnes, qui sont appel\u00e9s h\u00e9ritiers.<\/h2>\n<p>[\/vc_column_text][\/vc_column][\/vc_row][vc_row css_animation=\u00a0\u00bb\u00a0\u00bb row_type=\u00a0\u00bbrow\u00a0\u00bb use_row_as_full_screen_section=\u00a0\u00bbno\u00a0\u00bb type=\u00a0\u00bbgrid\u00a0\u00bb angled_section=\u00a0\u00bbno\u00a0\u00bb text_align=\u00a0\u00bbleft\u00a0\u00bb background_image_as_pattern=\u00a0\u00bbwithout_pattern\u00a0\u00bb css=\u00a0\u00bb.vc_custom_1519227593784{padding-top: 50px !important;padding-bottom: 50px !important;}\u00a0\u00bb][vc_column width=\u00a0\u00bb2\/3&Prime;][vc_single_image image=\u00a0\u00bb242&Prime; img_size=\u00a0\u00bbfull\u00a0\u00bb alignment=\u00a0\u00bbcenter\u00a0\u00bb qode_css_animation=\u00a0\u00bb\u00a0\u00bb][vc_separator type=\u00a0\u00bbnormal\u00a0\u00bb][vc_column_text el_class=\u00a0\u00bbjustify\u00a0\u00bb]<\/p>\n<h3>Principaux acteurs de la succession<\/h3>\n<p>[\/vc_column_text][vc_empty_space height=\u00a0\u00bb15px\u00a0\u00bb][vc_column_text el_class=\u00a0\u00bbjustify\u00a0\u00bb]<\/p>\n<ul>\n<li><strong>D\u00e9funt:<\/strong> personne qui transmet sa succession en raison de sa mort.<\/li>\n<li><strong>Testateur:<\/strong> est la personne qui dicte testament.<\/li>\n<li><strong>H\u00e9ritiers ou successeurs:<\/strong> personne ou groupe de personnes recevant la succession du d\u00e9funt.<\/li>\n<li><strong>L\u00e9gataire:<\/strong> personne qui re\u00e7oit certains biens individuels du d\u00e9funt mais pas une part de l&rsquo;h\u00e9ritage.<\/li>\n<li><strong>Ex\u00e9cuteur testamentaire:<\/strong> est la personne nomm\u00e9e par un testateur ou un juge pour faire appliquer le testament du d\u00e9funt et la conservations de ses biens.<\/li>\n<\/ul>\n<p>[\/vc_column_text][\/vc_column][vc_column width=\u00a0\u00bb1\/3&Prime;][vc_column_text el_class=\u00a0\u00bbjustify\u00a0\u00bb]<\/p>\n<h3>Types de successions<\/h3>\n<p>[\/vc_column_text][vc_empty_space height=\u00a0\u00bb15px\u00a0\u00bb][vc_column_text el_class=\u00a0\u00bbjustify\u00a0\u00bb]Dans les successions mortis causa, on distingue deux classes de successions selon que le d\u00e9funt a \u00e9tabli sa volont\u00e9 sous la forme d&rsquo;un testament ou non:[\/vc_column_text][vc_empty_space height=\u00a0\u00bb15px\u00a0\u00bb][vc_column_text el_class=\u00a0\u00bbjustify\u00a0\u00bb]<strong>Succession intestada:<\/strong> C&rsquo;est la succession h\u00e9r\u00e9ditaire qui a sa cause dans la volont\u00e9 du d\u00e9funt manifest\u00e9e dans un testament valide. Le d\u00e9funt peut librement disposer de ses biens apr\u00e8s sa mort, avec certaines limitations, attribuant la propri\u00e9t\u00e9 de ses biens aux personnes qu&rsquo;il d\u00e9sire, pour lesquelles il doit fixer sa derni\u00e8re volont\u00e9 \u00e0 travers son testament.<\/p>\n<p>[\/vc_column_text][vc_empty_space height=\u00a0\u00bb15px\u00a0\u00bb][vc_column_text el_class=\u00a0\u00bbjustify\u00a0\u00bb]<strong>R\u00e9serve h\u00e9r\u00e9ditaire<\/strong>\u00a0: est une limitation impos\u00e9e par la loi \u00e0 la capacit\u00e9 du testateur de distribuer l&rsquo;h\u00e9ritage lorsqu\u2019une partie de la succession doit \u00eatre r\u00e9serv\u00e9e \u00e0 certains h\u00e9ritiers appel\u00e9s h\u00e9ritiers r\u00e9servataires.[\/vc_column_text][vc_empty_space height=\u00a0\u00bb15px\u00a0\u00bb][vc_column_text el_class=\u00a0\u00bbjustify\u00a0\u00bb]<strong>La succession ab intestata<\/strong>\u00a0: est la succession qui se produit lorsque le testament du d\u00e9funt est manquant \u00e0 l&rsquo;\u00e9gard de tout ou partie des biens. L&rsquo;ordre de succession pour ce type d&rsquo;h\u00e9ritage est pr\u00e9vu dans la loi. L&rsquo;ordre habituel de la succession dans de nombreux pays inclus dans cet ordre, aux enfants, aux parents, conjoint, garantie et l&rsquo;Etat dernier.[\/vc_column_text][\/vc_column][\/vc_row][vc_row css_animation=\u00a0\u00bb\u00a0\u00bb row_type=\u00a0\u00bbrow\u00a0\u00bb use_row_as_full_screen_section=\u00a0\u00bbno\u00a0\u00bb type=\u00a0\u00bbgrid\u00a0\u00bb angled_section=\u00a0\u00bbno\u00a0\u00bb text_align=\u00a0\u00bbleft\u00a0\u00bb background_image_as_pattern=\u00a0\u00bbwithout_pattern\u00a0\u00bb css=\u00a0\u00bb.vc_custom_1519228081858{padding-top: 50px !important;padding-bottom: 50px !important;background-color: #ffffff !important;}\u00a0\u00bb][vc_column]<blockquote class=' with_quote_icon' style=''><i class='fa fa-quote-right' style=''><\/i><h5 class='blockquote-text' style=''>La succession, en tant qu'acte juridique, implique \u00e9galement la liquidation d'un imp\u00f4t de succession. Les r\u00e8gles qui r\u00e9gissent les successions proviennent \u00e0 la fois de l'Union europ\u00e9enne et du pays dans lequel la succession sera r\u00e9alis\u00e9e.<\/h5><\/blockquote>[\/vc_column][\/vc_row]<\/p>\n<\/div>","protected":false},"excerpt":{"rendered":"<p>[vc_row css_animation=\u00a0\u00bb\u00a0\u00bb row_type=\u00a0\u00bbrow\u00a0\u00bb use_row_as_full_screen_section=\u00a0\u00bbno\u00a0\u00bb type=\u00a0\u00bbgrid\u00a0\u00bb angled_section=\u00a0\u00bbno\u00a0\u00bb text_align=\u00a0\u00bbleft\u00a0\u00bb background_image_as_pattern=\u00a0\u00bbwithout_pattern\u00a0\u00bb css=\u00a0\u00bb.vc_custom_1519227400641{padding-top: 50px !important;padding-bottom: 50px !important;background-color: #ffffff !important;}\u00a0\u00bb][vc_column][vc_column_text] Les successions, en droit, sont les actes juridiques par lesquels une personne qui d\u00e9c\u00e8de transmet ses biens, droits et obligations (dettes) \u00e0 une autre personne ou \u00e0 d&rsquo;autres personnes, qui&#8230;<\/p>\n","protected":false},"author":1,"featured_media":0,"parent":0,"menu_order":0,"comment_status":"closed","ping_status":"closed","template":"full_width.php","meta":{"footnotes":""},"class_list":["post-1385","page","type-page","status-publish","hentry"],"yoast_head":"<!-- This site is optimized with the Yoast SEO plugin v27.1.1 - https:\/\/yoast.com\/product\/yoast-seo-wordpress\/ -->\n<title>Les successions | Avocat Franco - Espagnol - DM Legal &amp; Immobrokers<\/title>\n<meta name=\"description\" content=\"DM Legal &amp; Immobrokers est un cabinet d&#039;avocats sp\u00e9cialis\u00e9s dans le droit successoral pour les clients francophones. Comment fonctionnent les successions internationales? Nous vous conseillons sur tous les aspects qui affectent vos successions. T\u00e9l: 674 75 18 13 ou info@dmimmobrokers.com.\" \/>\n<meta name=\"robots\" content=\"index, follow, max-snippet:-1, max-image-preview:large, max-video-preview:-1\" \/>\n<link rel=\"canonical\" href=\"https:\/\/dmimmobrokers.com\/fr\/les-successions\/\" \/>\n<meta property=\"og:locale\" content=\"fr_FR\" \/>\n<meta property=\"og:type\" content=\"article\" \/>\n<meta property=\"og:title\" content=\"Les successions | Avocat Franco - Espagnol - DM Legal &amp; Immobrokers\" \/>\n<meta property=\"og:description\" content=\"DM Legal &amp; Immobrokers est un cabinet d&#039;avocats sp\u00e9cialis\u00e9s dans le droit successoral pour les clients francophones. Comment fonctionnent les successions internationales? Nous vous conseillons sur tous les aspects qui affectent vos successions. T\u00e9l: 674 75 18 13 ou info@dmimmobrokers.com.\" \/>\n<meta property=\"og:url\" content=\"https:\/\/dmimmobrokers.com\/fr\/les-successions\/\" \/>\n<meta property=\"og:site_name\" content=\"dmimmobrokers\" \/>\n<meta property=\"article:publisher\" content=\"https:\/\/www.facebook.com\/DM-Legal-Immobrokers-181574149126257\/\" \/>\n<meta property=\"article:modified_time\" content=\"2020-04-21T14:33:32+00:00\" \/>\n<meta name=\"twitter:card\" content=\"summary_large_image\" \/>\n<meta name=\"twitter:label1\" content=\"Dur\u00e9e de lecture estim\u00e9e\" \/>\n\t<meta name=\"twitter:data1\" content=\"3 minutes\" \/>\n<script type=\"application\/ld+json\" class=\"yoast-schema-graph\">{\"@context\":\"https:\/\/schema.org\",\"@graph\":[{\"@type\":\"WebPage\",\"@id\":\"https:\/\/dmimmobrokers.com\/fr\/les-successions\/\",\"url\":\"https:\/\/dmimmobrokers.com\/fr\/les-successions\/\",\"name\":\"Les successions | Avocat Franco - Espagnol - DM Legal & Immobrokers\",\"isPartOf\":{\"@id\":\"https:\/\/dmimmobrokers.com\/fr\/#website\"},\"datePublished\":\"2018-01-25T11:14:14+00:00\",\"dateModified\":\"2020-04-21T14:33:32+00:00\",\"description\":\"DM Legal & Immobrokers est un cabinet d'avocats sp\u00e9cialis\u00e9s dans le droit successoral pour les clients francophones. Comment fonctionnent les successions internationales? Nous vous conseillons sur tous les aspects qui affectent vos successions. T\u00e9l: 674 75 18 13 ou info@dmimmobrokers.com.\",\"breadcrumb\":{\"@id\":\"https:\/\/dmimmobrokers.com\/fr\/les-successions\/#breadcrumb\"},\"inLanguage\":\"fr-FR\",\"potentialAction\":[{\"@type\":\"ReadAction\",\"target\":[\"https:\/\/dmimmobrokers.com\/fr\/les-successions\/\"]}]},{\"@type\":\"BreadcrumbList\",\"@id\":\"https:\/\/dmimmobrokers.com\/fr\/les-successions\/#breadcrumb\",\"itemListElement\":[{\"@type\":\"ListItem\",\"position\":1,\"name\":\"Portada\",\"item\":\"https:\/\/dmimmobrokers.com\/fr\/\"},{\"@type\":\"ListItem\",\"position\":2,\"name\":\"Les Successions\"}]},{\"@type\":\"WebSite\",\"@id\":\"https:\/\/dmimmobrokers.com\/fr\/#website\",\"url\":\"https:\/\/dmimmobrokers.com\/fr\/\",\"name\":\"dmimmobrokers\",\"description\":\"Servicios legales inmobiliarios\",\"potentialAction\":[{\"@type\":\"SearchAction\",\"target\":{\"@type\":\"EntryPoint\",\"urlTemplate\":\"https:\/\/dmimmobrokers.com\/fr\/?s={search_term_string}\"},\"query-input\":{\"@type\":\"PropertyValueSpecification\",\"valueRequired\":true,\"valueName\":\"search_term_string\"}}],\"inLanguage\":\"fr-FR\"}]}<\/script>\n<!-- \/ Yoast SEO plugin. -->","yoast_head_json":{"title":"Les successions | Avocat Franco - Espagnol - DM Legal & Immobrokers","description":"DM Legal & Immobrokers est un cabinet d'avocats sp\u00e9cialis\u00e9s dans le droit successoral pour les clients francophones. Comment fonctionnent les successions internationales? Nous vous conseillons sur tous les aspects qui affectent vos successions. T\u00e9l: 674 75 18 13 ou info@dmimmobrokers.com.","robots":{"index":"index","follow":"follow","max-snippet":"max-snippet:-1","max-image-preview":"max-image-preview:large","max-video-preview":"max-video-preview:-1"},"canonical":"https:\/\/dmimmobrokers.com\/fr\/les-successions\/","og_locale":"fr_FR","og_type":"article","og_title":"Les successions | Avocat Franco - Espagnol - DM Legal & Immobrokers","og_description":"DM Legal & Immobrokers est un cabinet d'avocats sp\u00e9cialis\u00e9s dans le droit successoral pour les clients francophones. Comment fonctionnent les successions internationales? Nous vous conseillons sur tous les aspects qui affectent vos successions. T\u00e9l: 674 75 18 13 ou info@dmimmobrokers.com.","og_url":"https:\/\/dmimmobrokers.com\/fr\/les-successions\/","og_site_name":"dmimmobrokers","article_publisher":"https:\/\/www.facebook.com\/DM-Legal-Immobrokers-181574149126257\/","article_modified_time":"2020-04-21T14:33:32+00:00","twitter_card":"summary_large_image","twitter_misc":{"Dur\u00e9e de lecture estim\u00e9e":"3 minutes"},"schema":{"@context":"https:\/\/schema.org","@graph":[{"@type":"WebPage","@id":"https:\/\/dmimmobrokers.com\/fr\/les-successions\/","url":"https:\/\/dmimmobrokers.com\/fr\/les-successions\/","name":"Les successions | Avocat Franco - Espagnol - DM Legal & Immobrokers","isPartOf":{"@id":"https:\/\/dmimmobrokers.com\/fr\/#website"},"datePublished":"2018-01-25T11:14:14+00:00","dateModified":"2020-04-21T14:33:32+00:00","description":"DM Legal & Immobrokers est un cabinet d'avocats sp\u00e9cialis\u00e9s dans le droit successoral pour les clients francophones. Comment fonctionnent les successions internationales? Nous vous conseillons sur tous les aspects qui affectent vos successions. T\u00e9l: 674 75 18 13 ou info@dmimmobrokers.com.","breadcrumb":{"@id":"https:\/\/dmimmobrokers.com\/fr\/les-successions\/#breadcrumb"},"inLanguage":"fr-FR","potentialAction":[{"@type":"ReadAction","target":["https:\/\/dmimmobrokers.com\/fr\/les-successions\/"]}]},{"@type":"BreadcrumbList","@id":"https:\/\/dmimmobrokers.com\/fr\/les-successions\/#breadcrumb","itemListElement":[{"@type":"ListItem","position":1,"name":"Portada","item":"https:\/\/dmimmobrokers.com\/fr\/"},{"@type":"ListItem","position":2,"name":"Les Successions"}]},{"@type":"WebSite","@id":"https:\/\/dmimmobrokers.com\/fr\/#website","url":"https:\/\/dmimmobrokers.com\/fr\/","name":"dmimmobrokers","description":"Servicios legales inmobiliarios","potentialAction":[{"@type":"SearchAction","target":{"@type":"EntryPoint","urlTemplate":"https:\/\/dmimmobrokers.com\/fr\/?s={search_term_string}"},"query-input":{"@type":"PropertyValueSpecification","valueRequired":true,"valueName":"search_term_string"}}],"inLanguage":"fr-FR"}]}},"_links":{"self":[{"href":"https:\/\/dmimmobrokers.com\/fr\/wp-json\/wp\/v2\/pages\/1385","targetHints":{"allow":["GET"]}}],"collection":[{"href":"https:\/\/dmimmobrokers.com\/fr\/wp-json\/wp\/v2\/pages"}],"about":[{"href":"https:\/\/dmimmobrokers.com\/fr\/wp-json\/wp\/v2\/types\/page"}],"author":[{"embeddable":true,"href":"https:\/\/dmimmobrokers.com\/fr\/wp-json\/wp\/v2\/users\/1"}],"replies":[{"embeddable":true,"href":"https:\/\/dmimmobrokers.com\/fr\/wp-json\/wp\/v2\/comments?post=1385"}],"version-history":[{"count":5,"href":"https:\/\/dmimmobrokers.com\/fr\/wp-json\/wp\/v2\/pages\/1385\/revisions"}],"predecessor-version":[{"id":2721,"href":"https:\/\/dmimmobrokers.com\/fr\/wp-json\/wp\/v2\/pages\/1385\/revisions\/2721"}],"wp:attachment":[{"href":"https:\/\/dmimmobrokers.com\/fr\/wp-json\/wp\/v2\/media?parent=1385"}],"curies":[{"name":"wp","href":"https:\/\/api.w.org\/{rel}","templated":true}]}}