{"id":1373,"date":"2018-01-25T11:14:32","date_gmt":"2018-01-25T11:14:32","guid":{"rendered":"http:\/\/dmimmobrokers.com\/representacion-fiscal\/"},"modified":"2020-04-21T16:20:37","modified_gmt":"2020-04-21T14:20:37","slug":"la-representation-fiscale","status":"publish","type":"page","link":"https:\/\/dmimmobrokers.com\/fr\/la-representation-fiscale\/","title":{"rendered":"La repr\u00e9sentation fiscale"},"content":{"rendered":"<div class=\"wpb-content-wrapper\"><p>[vc_row css_animation=\u00a0\u00bb\u00a0\u00bb row_type=\u00a0\u00bbrow\u00a0\u00bb use_row_as_full_screen_section=\u00a0\u00bbno\u00a0\u00bb type=\u00a0\u00bbgrid\u00a0\u00bb angled_section=\u00a0\u00bbno\u00a0\u00bb text_align=\u00a0\u00bbleft\u00a0\u00bb background_image_as_pattern=\u00a0\u00bbwithout_pattern\u00a0\u00bb css=\u00a0\u00bb.vc_custom_1519149013481{padding-top: 50px !important;padding-bottom: 50px !important;background-color: #ffffff !important;}\u00a0\u00bb][vc_column][vc_column_text]<\/p>\n<h2 style=\"text-align: center;\">Que signifie la Repr\u00e9sentation Fiscale? Pourquoi et comment dois-je nommer un repr\u00e9sentant fiscal en Espagne?<\/h2>\n<p>[\/vc_column_text][\/vc_column][\/vc_row][vc_row css_animation=\u00a0\u00bb\u00a0\u00bb row_type=\u00a0\u00bbrow\u00a0\u00bb use_row_as_full_screen_section=\u00a0\u00bbno\u00a0\u00bb type=\u00a0\u00bbgrid\u00a0\u00bb angled_section=\u00a0\u00bbno\u00a0\u00bb text_align=\u00a0\u00bbleft\u00a0\u00bb background_image_as_pattern=\u00a0\u00bbwithout_pattern\u00a0\u00bb css=\u00a0\u00bb.vc_custom_1517331530540{padding-top: 50px !important;padding-bottom: 50px !important;}\u00a0\u00bb][vc_column width=\u00a0\u00bb1\/2&Prime;][vc_column_text el_class=\u00a0\u00bbjustify\u00a0\u00bb]Aussi bien les entreprises sans \u00e9tablissement fixe et les personnes physiques titulaires d&rsquo;un bien immobilier en Espagne devraient d\u00e9signer leur repr\u00e9sentant fiscal pour assurer l&rsquo;accomplissement de toutes les proc\u00e9dures li\u00e9es \u00e0 l&rsquo;administration fiscale.[\/vc_column_text][vc_empty_space height=\u00a0\u00bb15px\u00a0\u00bb][vc_column_text el_class=\u00a0\u00bbjustify\u00a0\u00bb]Ce dernier est responsable vis-\u00e0-vis des administrations, il s&rsquo;engage \u00e0 respecter les d\u00e9clarations obligatoires correspondant \u00e0 son client et est aussi garant du respect de la l\u00e9gislation fiscale.[\/vc_column_text][vc_empty_space height=\u00a0\u00bb15px\u00a0\u00bb][vc_column_text el_class=\u00a0\u00bbjustify\u00a0\u00bb]La nomination du repr\u00e9sentant fiscal est libre, par cons\u00e9quent toute personne r\u00e9sidant en Espagne peut \u00eatre d\u00e9sign\u00e9 repr\u00e9sentant fiscal.[\/vc_column_text][vc_empty_space height=\u00a0\u00bb15px\u00a0\u00bb][vc_column_text el_class=\u00a0\u00bbjustify\u00a0\u00bb]Cependant, depuis notre cabinet, nous avertissons tous nos clients que la repr\u00e9sentation fiscale n&rsquo;est pas une simple bo\u00eete aux lettres dans laquelle les notifications arrivent, elle implique aussi des responsabilit\u00e9s qui, comme toujours, doivent \u00eatre couvertes par une assurance de responsabilit\u00e9 professionnelle, donc au\u00a0 moment de faire votre choix nous vous recommandons de consid\u00e9rer cet aspect.[\/vc_column_text][\/vc_column][vc_column width=\u00a0\u00bb1\/2&Prime;][vc_single_image image=\u00a0\u00bb252&Prime; img_size=\u00a0\u00bbfull\u00a0\u00bb alignment=\u00a0\u00bbcenter\u00a0\u00bb qode_css_animation=\u00a0\u00bb\u00a0\u00bb][\/vc_column][\/vc_row][vc_row css_animation=\u00a0\u00bb\u00a0\u00bb row_type=\u00a0\u00bbrow\u00a0\u00bb use_row_as_full_screen_section=\u00a0\u00bbno\u00a0\u00bb type=\u00a0\u00bbgrid\u00a0\u00bb angled_section=\u00a0\u00bbno\u00a0\u00bb text_align=\u00a0\u00bbleft\u00a0\u00bb background_image_as_pattern=\u00a0\u00bbwithout_pattern\u00a0\u00bb css=\u00a0\u00bb.vc_custom_1519149569066{padding-top: 50px !important;padding-bottom: 50px !important;background-color: #ffffff !important;}\u00a0\u00bb][vc_column]<blockquote class=' with_quote_icon' style=''><i class='fa fa-quote-right' style=''><\/i><h5 class='blockquote-text' style=''>Dans ce monde, il n'y a rien d'assur\u00e9 que la mort et les imp\u00f4ts. (Benjamin Franklin)<\/h5><\/blockquote>[\/vc_column][\/vc_row]<\/p>\n<\/div>","protected":false},"excerpt":{"rendered":"<p>[vc_row css_animation=\u00a0\u00bb\u00a0\u00bb row_type=\u00a0\u00bbrow\u00a0\u00bb use_row_as_full_screen_section=\u00a0\u00bbno\u00a0\u00bb type=\u00a0\u00bbgrid\u00a0\u00bb angled_section=\u00a0\u00bbno\u00a0\u00bb text_align=\u00a0\u00bbleft\u00a0\u00bb background_image_as_pattern=\u00a0\u00bbwithout_pattern\u00a0\u00bb css=\u00a0\u00bb.vc_custom_1519149013481{padding-top: 50px !important;padding-bottom: 50px !important;background-color: #ffffff !important;}\u00a0\u00bb][vc_column][vc_column_text] Que signifie la Repr\u00e9sentation Fiscale? Pourquoi et comment dois-je nommer un repr\u00e9sentant fiscal en Espagne? [\/vc_column_text][\/vc_column][\/vc_row][vc_row css_animation=\u00a0\u00bb\u00a0\u00bb row_type=\u00a0\u00bbrow\u00a0\u00bb use_row_as_full_screen_section=\u00a0\u00bbno\u00a0\u00bb type=\u00a0\u00bbgrid\u00a0\u00bb angled_section=\u00a0\u00bbno\u00a0\u00bb text_align=\u00a0\u00bbleft\u00a0\u00bb background_image_as_pattern=\u00a0\u00bbwithout_pattern\u00a0\u00bb css=\u00a0\u00bb.vc_custom_1517331530540{padding-top: 50px !important;padding-bottom: 50px !important;}\u00a0\u00bb][vc_column width=\u00a0\u00bb1\/2&Prime;][vc_column_text el_class=\u00a0\u00bbjustify\u00a0\u00bb]Aussi&#8230;<\/p>\n","protected":false},"author":1,"featured_media":0,"parent":0,"menu_order":0,"comment_status":"closed","ping_status":"closed","template":"full_width.php","meta":{"footnotes":""},"class_list":["post-1373","page","type-page","status-publish","hentry"],"yoast_head":"<!-- This site is optimized with the Yoast SEO plugin v27.1.1 - https:\/\/yoast.com\/product\/yoast-seo-wordpress\/ -->\n<title>La repr\u00e9sentation fiscale - DM Legal &amp; Immobrokers<\/title>\n<meta name=\"description\" content=\"DM Legal &amp; Immobrokers est un cabinet d&#039;avocats international sp\u00e9cialis\u00e9 dans plusieurs domaines du droit tels que le droit fiscal pour clients francophones et anglophones. Pourquoi ai-je besoin d&#039;un repr\u00e9sentant fiscal? Que signifie la repr\u00e9sentation fiscale? T\u00e9l: 674 75 18 13 ou par courriel: info@dmimmobrokers.com.\" \/>\n<meta name=\"robots\" content=\"index, follow, max-snippet:-1, max-image-preview:large, max-video-preview:-1\" \/>\n<link rel=\"canonical\" href=\"https:\/\/dmimmobrokers.com\/fr\/la-representation-fiscale\/\" \/>\n<meta property=\"og:locale\" content=\"fr_FR\" \/>\n<meta property=\"og:type\" content=\"article\" \/>\n<meta property=\"og:title\" content=\"La repr\u00e9sentation fiscale - DM Legal &amp; Immobrokers\" \/>\n<meta property=\"og:description\" content=\"DM Legal &amp; Immobrokers est un cabinet d&#039;avocats international sp\u00e9cialis\u00e9 dans plusieurs domaines du droit tels que le droit fiscal pour clients francophones et anglophones. Pourquoi ai-je besoin d&#039;un repr\u00e9sentant fiscal? Que signifie la repr\u00e9sentation fiscale? T\u00e9l: 674 75 18 13 ou par courriel: info@dmimmobrokers.com.\" \/>\n<meta property=\"og:url\" content=\"https:\/\/dmimmobrokers.com\/fr\/la-representation-fiscale\/\" \/>\n<meta property=\"og:site_name\" content=\"dmimmobrokers\" \/>\n<meta property=\"article:publisher\" content=\"https:\/\/www.facebook.com\/DM-Legal-Immobrokers-181574149126257\/\" \/>\n<meta property=\"article:modified_time\" content=\"2020-04-21T14:20:37+00:00\" \/>\n<meta name=\"twitter:card\" content=\"summary_large_image\" \/>\n<meta name=\"twitter:label1\" content=\"Dur\u00e9e de lecture estim\u00e9e\" \/>\n\t<meta name=\"twitter:data1\" content=\"2 minutes\" \/>\n<script type=\"application\/ld+json\" class=\"yoast-schema-graph\">{\"@context\":\"https:\/\/schema.org\",\"@graph\":[{\"@type\":\"WebPage\",\"@id\":\"https:\/\/dmimmobrokers.com\/fr\/la-representation-fiscale\/\",\"url\":\"https:\/\/dmimmobrokers.com\/fr\/la-representation-fiscale\/\",\"name\":\"La repr\u00e9sentation fiscale - DM Legal & Immobrokers\",\"isPartOf\":{\"@id\":\"https:\/\/dmimmobrokers.com\/fr\/#website\"},\"datePublished\":\"2018-01-25T11:14:32+00:00\",\"dateModified\":\"2020-04-21T14:20:37+00:00\",\"description\":\"DM Legal & Immobrokers est un cabinet d'avocats international sp\u00e9cialis\u00e9 dans plusieurs domaines du droit tels que le droit fiscal pour clients francophones et anglophones. Pourquoi ai-je besoin d'un repr\u00e9sentant fiscal? Que signifie la repr\u00e9sentation fiscale? T\u00e9l: 674 75 18 13 ou par courriel: info@dmimmobrokers.com.\",\"breadcrumb\":{\"@id\":\"https:\/\/dmimmobrokers.com\/fr\/la-representation-fiscale\/#breadcrumb\"},\"inLanguage\":\"fr-FR\",\"potentialAction\":[{\"@type\":\"ReadAction\",\"target\":[\"https:\/\/dmimmobrokers.com\/fr\/la-representation-fiscale\/\"]}]},{\"@type\":\"BreadcrumbList\",\"@id\":\"https:\/\/dmimmobrokers.com\/fr\/la-representation-fiscale\/#breadcrumb\",\"itemListElement\":[{\"@type\":\"ListItem\",\"position\":1,\"name\":\"Portada\",\"item\":\"https:\/\/dmimmobrokers.com\/fr\/\"},{\"@type\":\"ListItem\",\"position\":2,\"name\":\"La repr\u00e9sentation fiscale\"}]},{\"@type\":\"WebSite\",\"@id\":\"https:\/\/dmimmobrokers.com\/fr\/#website\",\"url\":\"https:\/\/dmimmobrokers.com\/fr\/\",\"name\":\"dmimmobrokers\",\"description\":\"Servicios legales inmobiliarios\",\"potentialAction\":[{\"@type\":\"SearchAction\",\"target\":{\"@type\":\"EntryPoint\",\"urlTemplate\":\"https:\/\/dmimmobrokers.com\/fr\/?s={search_term_string}\"},\"query-input\":{\"@type\":\"PropertyValueSpecification\",\"valueRequired\":true,\"valueName\":\"search_term_string\"}}],\"inLanguage\":\"fr-FR\"}]}<\/script>\n<!-- \/ Yoast SEO plugin. -->","yoast_head_json":{"title":"La repr\u00e9sentation fiscale - DM Legal & Immobrokers","description":"DM Legal & Immobrokers est un cabinet d'avocats international sp\u00e9cialis\u00e9 dans plusieurs domaines du droit tels que le droit fiscal pour clients francophones et anglophones. Pourquoi ai-je besoin d'un repr\u00e9sentant fiscal? Que signifie la repr\u00e9sentation fiscale? T\u00e9l: 674 75 18 13 ou par courriel: info@dmimmobrokers.com.","robots":{"index":"index","follow":"follow","max-snippet":"max-snippet:-1","max-image-preview":"max-image-preview:large","max-video-preview":"max-video-preview:-1"},"canonical":"https:\/\/dmimmobrokers.com\/fr\/la-representation-fiscale\/","og_locale":"fr_FR","og_type":"article","og_title":"La repr\u00e9sentation fiscale - DM Legal & Immobrokers","og_description":"DM Legal & Immobrokers est un cabinet d'avocats international sp\u00e9cialis\u00e9 dans plusieurs domaines du droit tels que le droit fiscal pour clients francophones et anglophones. Pourquoi ai-je besoin d'un repr\u00e9sentant fiscal? Que signifie la repr\u00e9sentation fiscale? T\u00e9l: 674 75 18 13 ou par courriel: info@dmimmobrokers.com.","og_url":"https:\/\/dmimmobrokers.com\/fr\/la-representation-fiscale\/","og_site_name":"dmimmobrokers","article_publisher":"https:\/\/www.facebook.com\/DM-Legal-Immobrokers-181574149126257\/","article_modified_time":"2020-04-21T14:20:37+00:00","twitter_card":"summary_large_image","twitter_misc":{"Dur\u00e9e de lecture estim\u00e9e":"2 minutes"},"schema":{"@context":"https:\/\/schema.org","@graph":[{"@type":"WebPage","@id":"https:\/\/dmimmobrokers.com\/fr\/la-representation-fiscale\/","url":"https:\/\/dmimmobrokers.com\/fr\/la-representation-fiscale\/","name":"La repr\u00e9sentation fiscale - DM Legal & Immobrokers","isPartOf":{"@id":"https:\/\/dmimmobrokers.com\/fr\/#website"},"datePublished":"2018-01-25T11:14:32+00:00","dateModified":"2020-04-21T14:20:37+00:00","description":"DM Legal & Immobrokers est un cabinet d'avocats international sp\u00e9cialis\u00e9 dans plusieurs domaines du droit tels que le droit fiscal pour clients francophones et anglophones. Pourquoi ai-je besoin d'un repr\u00e9sentant fiscal? Que signifie la repr\u00e9sentation fiscale? T\u00e9l: 674 75 18 13 ou par courriel: info@dmimmobrokers.com.","breadcrumb":{"@id":"https:\/\/dmimmobrokers.com\/fr\/la-representation-fiscale\/#breadcrumb"},"inLanguage":"fr-FR","potentialAction":[{"@type":"ReadAction","target":["https:\/\/dmimmobrokers.com\/fr\/la-representation-fiscale\/"]}]},{"@type":"BreadcrumbList","@id":"https:\/\/dmimmobrokers.com\/fr\/la-representation-fiscale\/#breadcrumb","itemListElement":[{"@type":"ListItem","position":1,"name":"Portada","item":"https:\/\/dmimmobrokers.com\/fr\/"},{"@type":"ListItem","position":2,"name":"La repr\u00e9sentation fiscale"}]},{"@type":"WebSite","@id":"https:\/\/dmimmobrokers.com\/fr\/#website","url":"https:\/\/dmimmobrokers.com\/fr\/","name":"dmimmobrokers","description":"Servicios legales inmobiliarios","potentialAction":[{"@type":"SearchAction","target":{"@type":"EntryPoint","urlTemplate":"https:\/\/dmimmobrokers.com\/fr\/?s={search_term_string}"},"query-input":{"@type":"PropertyValueSpecification","valueRequired":true,"valueName":"search_term_string"}}],"inLanguage":"fr-FR"}]}},"_links":{"self":[{"href":"https:\/\/dmimmobrokers.com\/fr\/wp-json\/wp\/v2\/pages\/1373","targetHints":{"allow":["GET"]}}],"collection":[{"href":"https:\/\/dmimmobrokers.com\/fr\/wp-json\/wp\/v2\/pages"}],"about":[{"href":"https:\/\/dmimmobrokers.com\/fr\/wp-json\/wp\/v2\/types\/page"}],"author":[{"embeddable":true,"href":"https:\/\/dmimmobrokers.com\/fr\/wp-json\/wp\/v2\/users\/1"}],"replies":[{"embeddable":true,"href":"https:\/\/dmimmobrokers.com\/fr\/wp-json\/wp\/v2\/comments?post=1373"}],"version-history":[{"count":6,"href":"https:\/\/dmimmobrokers.com\/fr\/wp-json\/wp\/v2\/pages\/1373\/revisions"}],"predecessor-version":[{"id":2715,"href":"https:\/\/dmimmobrokers.com\/fr\/wp-json\/wp\/v2\/pages\/1373\/revisions\/2715"}],"wp:attachment":[{"href":"https:\/\/dmimmobrokers.com\/fr\/wp-json\/wp\/v2\/media?parent=1373"}],"curies":[{"name":"wp","href":"https:\/\/api.w.org\/{rel}","templated":true}]}}