{"id":1325,"date":"2018-01-25T11:13:20","date_gmt":"2018-01-25T11:13:20","guid":{"rendered":"http:\/\/dmimmobrokers.com\/el-notario-espanol\/"},"modified":"2020-04-21T16:23:13","modified_gmt":"2020-04-21T14:23:13","slug":"le-notaire-espagnol","status":"publish","type":"page","link":"https:\/\/dmimmobrokers.com\/fr\/le-notaire-espagnol\/","title":{"rendered":"Le Notaire Espagnol"},"content":{"rendered":"<div class=\"wpb-content-wrapper\"><p>[vc_row css_animation=\u00a0\u00bb\u00a0\u00bb row_type=\u00a0\u00bbrow\u00a0\u00bb use_row_as_full_screen_section=\u00a0\u00bbno\u00a0\u00bb type=\u00a0\u00bbgrid\u00a0\u00bb angled_section=\u00a0\u00bbno\u00a0\u00bb text_align=\u00a0\u00bbleft\u00a0\u00bb background_image_as_pattern=\u00a0\u00bbwithout_pattern\u00a0\u00bb css=\u00a0\u00bb.vc_custom_1519148814874{padding-top: 50px !important;padding-bottom: 50px !important;background-color: #ffffff !important;}\u00a0\u00bb][vc_column][vc_column_text]<\/p>\n<h2 style=\"text-align: center;\">Le notaire espagnol: de l\u2019Office Public sans l\u2019activit\u00e9 de conseil.<\/h2>\n<p>[\/vc_column_text][\/vc_column][\/vc_row][vc_row css_animation=\u00a0\u00bb\u00a0\u00bb row_type=\u00a0\u00bbrow\u00a0\u00bb use_row_as_full_screen_section=\u00a0\u00bbno\u00a0\u00bb type=\u00a0\u00bbgrid\u00a0\u00bb angled_section=\u00a0\u00bbno\u00a0\u00bb text_align=\u00a0\u00bbleft\u00a0\u00bb background_image_as_pattern=\u00a0\u00bbwithout_pattern\u00a0\u00bb css=\u00a0\u00bb.vc_custom_1517330867122{padding-top: 50px !important;padding-bottom: 50px !important;}\u00a0\u00bb][vc_column width=\u00a0\u00bb3\/4&Prime;][vc_column_text el_class=\u00a0\u00bbjustify\u00a0\u00bb]L&rsquo;objectif d&rsquo;un Notaire est que le contrat, l\u2019acte ou la d\u00e9claration soient ajust\u00e9s \u00e0 la l\u00e9galit\u00e9 et soient inattaquables. L&rsquo;acte public est authentique aux yeux de la Justice: personne ne doute de sa v\u00e9racit\u00e9.[\/vc_column_text][vc_empty_space height=\u00a0\u00bb15px\u00a0\u00bb][vc_column_text el_class=\u00a0\u00bbjustify\u00a0\u00bb]Il est important de souligner que le r\u00f4le du Notaire en Espagne ne sera pas le m\u00eame que celui du Notaire dans d&rsquo;autres pays comme la France, donc un client \u00e9tranger habitu\u00e9 \u00e0 recevoir un service de son office notarial dans un autre pays devrait toujours penser qu&rsquo;il existe en Espagne des diff\u00e9rences quant aux obligations l\u00e9gales incombant aux Notaires qui n\u2019ont pas la vocation de Conseil simplement parce que ce n&rsquo;est pas le m\u00eame pays.[\/vc_column_text][\/vc_column][vc_column width=\u00a0\u00bb1\/4&Prime;][vc_single_image image=\u00a0\u00bb241&Prime; img_size=\u00a0\u00bbfull\u00a0\u00bb alignment=\u00a0\u00bbcenter\u00a0\u00bb qode_css_animation=\u00a0\u00bb\u00a0\u00bb][\/vc_column][\/vc_row][vc_row css_animation=\u00a0\u00bb\u00a0\u00bb row_type=\u00a0\u00bbrow\u00a0\u00bb use_row_as_full_screen_section=\u00a0\u00bbno\u00a0\u00bb type=\u00a0\u00bbgrid\u00a0\u00bb angled_section=\u00a0\u00bbno\u00a0\u00bb text_align=\u00a0\u00bbleft\u00a0\u00bb background_image_as_pattern=\u00a0\u00bbwithout_pattern\u00a0\u00bb css=\u00a0\u00bb.vc_custom_1519148826730{padding-top: 50px !important;padding-bottom: 50px !important;background-color: #ffffff !important;}\u00a0\u00bb][vc_column]<blockquote class=' with_quote_icon' style=''><i class='fa fa-quote-right' style=''><\/i><h5 class='blockquote-text' style=''>Posons d'abord pour premier principe que la plus mauvaise transaction, r\u00e9dig\u00e9e m\u00eame par un notaire ignorant, est meilleure que le meilleur proc\u00e8s. (Honor\u00e9 de Balzac)<\/h5><\/blockquote>[\/vc_column][\/vc_row]<\/p>\n<\/div>","protected":false},"excerpt":{"rendered":"<p>[vc_row css_animation=\u00a0\u00bb\u00a0\u00bb row_type=\u00a0\u00bbrow\u00a0\u00bb use_row_as_full_screen_section=\u00a0\u00bbno\u00a0\u00bb type=\u00a0\u00bbgrid\u00a0\u00bb angled_section=\u00a0\u00bbno\u00a0\u00bb text_align=\u00a0\u00bbleft\u00a0\u00bb background_image_as_pattern=\u00a0\u00bbwithout_pattern\u00a0\u00bb css=\u00a0\u00bb.vc_custom_1519148814874{padding-top: 50px !important;padding-bottom: 50px !important;background-color: #ffffff !important;}\u00a0\u00bb][vc_column][vc_column_text] Le notaire espagnol: de l\u2019Office Public sans l\u2019activit\u00e9 de conseil. [\/vc_column_text][\/vc_column][\/vc_row][vc_row css_animation=\u00a0\u00bb\u00a0\u00bb row_type=\u00a0\u00bbrow\u00a0\u00bb use_row_as_full_screen_section=\u00a0\u00bbno\u00a0\u00bb type=\u00a0\u00bbgrid\u00a0\u00bb angled_section=\u00a0\u00bbno\u00a0\u00bb text_align=\u00a0\u00bbleft\u00a0\u00bb background_image_as_pattern=\u00a0\u00bbwithout_pattern\u00a0\u00bb css=\u00a0\u00bb.vc_custom_1517330867122{padding-top: 50px !important;padding-bottom: 50px !important;}\u00a0\u00bb][vc_column width=\u00a0\u00bb3\/4&Prime;][vc_column_text el_class=\u00a0\u00bbjustify\u00a0\u00bb]L&rsquo;objectif d&rsquo;un Notaire est que le&#8230;<\/p>\n","protected":false},"author":1,"featured_media":0,"parent":0,"menu_order":0,"comment_status":"closed","ping_status":"closed","template":"full_width.php","meta":{"footnotes":""},"class_list":["post-1325","page","type-page","status-publish","hentry"],"yoast_head":"<!-- This site is optimized with the Yoast SEO plugin v27.1.1 - https:\/\/yoast.com\/product\/yoast-seo-wordpress\/ -->\n<title>Le Notaire Espagnol | Services L\u00e9gaux - DM Legal &amp; Immobrokers<\/title>\n<meta name=\"description\" content=\"DM Legal &amp; Immobrokers est un cabinet d&#039;avocats international sp\u00e9cialis\u00e9 dans plusieurs domaines du droit tels que le droit immobilier pour les clients francophones, anglophones et hispanophones. Nous vous aidons chez le Notaire Espagnol. T\u00e9l: 674 75 18 13 ou par courriel: info@dmimmobrokers.com.\" \/>\n<meta name=\"robots\" content=\"index, follow, max-snippet:-1, max-image-preview:large, max-video-preview:-1\" \/>\n<link rel=\"canonical\" href=\"https:\/\/dmimmobrokers.com\/fr\/le-notaire-espagnol\/\" \/>\n<meta property=\"og:locale\" content=\"fr_FR\" \/>\n<meta property=\"og:type\" content=\"article\" \/>\n<meta property=\"og:title\" content=\"Le Notaire Espagnol | Services L\u00e9gaux - DM Legal &amp; Immobrokers\" \/>\n<meta property=\"og:description\" content=\"DM Legal &amp; Immobrokers est un cabinet d&#039;avocats international sp\u00e9cialis\u00e9 dans plusieurs domaines du droit tels que le droit immobilier pour les clients francophones, anglophones et hispanophones. Nous vous aidons chez le Notaire Espagnol. T\u00e9l: 674 75 18 13 ou par courriel: info@dmimmobrokers.com.\" \/>\n<meta property=\"og:url\" content=\"https:\/\/dmimmobrokers.com\/fr\/le-notaire-espagnol\/\" \/>\n<meta property=\"og:site_name\" content=\"dmimmobrokers\" \/>\n<meta property=\"article:publisher\" content=\"https:\/\/www.facebook.com\/DM-Legal-Immobrokers-181574149126257\/\" \/>\n<meta property=\"article:modified_time\" content=\"2020-04-21T14:23:13+00:00\" \/>\n<meta name=\"twitter:card\" content=\"summary_large_image\" \/>\n<meta name=\"twitter:label1\" content=\"Dur\u00e9e de lecture estim\u00e9e\" \/>\n\t<meta name=\"twitter:data1\" content=\"2 minutes\" \/>\n<script type=\"application\/ld+json\" class=\"yoast-schema-graph\">{\"@context\":\"https:\/\/schema.org\",\"@graph\":[{\"@type\":\"WebPage\",\"@id\":\"https:\/\/dmimmobrokers.com\/fr\/le-notaire-espagnol\/\",\"url\":\"https:\/\/dmimmobrokers.com\/fr\/le-notaire-espagnol\/\",\"name\":\"Le Notaire Espagnol | Services L\u00e9gaux - DM Legal & Immobrokers\",\"isPartOf\":{\"@id\":\"https:\/\/dmimmobrokers.com\/fr\/#website\"},\"datePublished\":\"2018-01-25T11:13:20+00:00\",\"dateModified\":\"2020-04-21T14:23:13+00:00\",\"description\":\"DM Legal & Immobrokers est un cabinet d'avocats international sp\u00e9cialis\u00e9 dans plusieurs domaines du droit tels que le droit immobilier pour les clients francophones, anglophones et hispanophones. Nous vous aidons chez le Notaire Espagnol. T\u00e9l: 674 75 18 13 ou par courriel: info@dmimmobrokers.com.\",\"breadcrumb\":{\"@id\":\"https:\/\/dmimmobrokers.com\/fr\/le-notaire-espagnol\/#breadcrumb\"},\"inLanguage\":\"fr-FR\",\"potentialAction\":[{\"@type\":\"ReadAction\",\"target\":[\"https:\/\/dmimmobrokers.com\/fr\/le-notaire-espagnol\/\"]}]},{\"@type\":\"BreadcrumbList\",\"@id\":\"https:\/\/dmimmobrokers.com\/fr\/le-notaire-espagnol\/#breadcrumb\",\"itemListElement\":[{\"@type\":\"ListItem\",\"position\":1,\"name\":\"Portada\",\"item\":\"https:\/\/dmimmobrokers.com\/fr\/\"},{\"@type\":\"ListItem\",\"position\":2,\"name\":\"Le Notaire Espagnol\"}]},{\"@type\":\"WebSite\",\"@id\":\"https:\/\/dmimmobrokers.com\/fr\/#website\",\"url\":\"https:\/\/dmimmobrokers.com\/fr\/\",\"name\":\"dmimmobrokers\",\"description\":\"Servicios legales inmobiliarios\",\"potentialAction\":[{\"@type\":\"SearchAction\",\"target\":{\"@type\":\"EntryPoint\",\"urlTemplate\":\"https:\/\/dmimmobrokers.com\/fr\/?s={search_term_string}\"},\"query-input\":{\"@type\":\"PropertyValueSpecification\",\"valueRequired\":true,\"valueName\":\"search_term_string\"}}],\"inLanguage\":\"fr-FR\"}]}<\/script>\n<!-- \/ Yoast SEO plugin. -->","yoast_head_json":{"title":"Le Notaire Espagnol | Services L\u00e9gaux - DM Legal & Immobrokers","description":"DM Legal & Immobrokers est un cabinet d'avocats international sp\u00e9cialis\u00e9 dans plusieurs domaines du droit tels que le droit immobilier pour les clients francophones, anglophones et hispanophones. Nous vous aidons chez le Notaire Espagnol. T\u00e9l: 674 75 18 13 ou par courriel: info@dmimmobrokers.com.","robots":{"index":"index","follow":"follow","max-snippet":"max-snippet:-1","max-image-preview":"max-image-preview:large","max-video-preview":"max-video-preview:-1"},"canonical":"https:\/\/dmimmobrokers.com\/fr\/le-notaire-espagnol\/","og_locale":"fr_FR","og_type":"article","og_title":"Le Notaire Espagnol | Services L\u00e9gaux - DM Legal & Immobrokers","og_description":"DM Legal & Immobrokers est un cabinet d'avocats international sp\u00e9cialis\u00e9 dans plusieurs domaines du droit tels que le droit immobilier pour les clients francophones, anglophones et hispanophones. Nous vous aidons chez le Notaire Espagnol. T\u00e9l: 674 75 18 13 ou par courriel: info@dmimmobrokers.com.","og_url":"https:\/\/dmimmobrokers.com\/fr\/le-notaire-espagnol\/","og_site_name":"dmimmobrokers","article_publisher":"https:\/\/www.facebook.com\/DM-Legal-Immobrokers-181574149126257\/","article_modified_time":"2020-04-21T14:23:13+00:00","twitter_card":"summary_large_image","twitter_misc":{"Dur\u00e9e de lecture estim\u00e9e":"2 minutes"},"schema":{"@context":"https:\/\/schema.org","@graph":[{"@type":"WebPage","@id":"https:\/\/dmimmobrokers.com\/fr\/le-notaire-espagnol\/","url":"https:\/\/dmimmobrokers.com\/fr\/le-notaire-espagnol\/","name":"Le Notaire Espagnol | Services L\u00e9gaux - DM Legal & Immobrokers","isPartOf":{"@id":"https:\/\/dmimmobrokers.com\/fr\/#website"},"datePublished":"2018-01-25T11:13:20+00:00","dateModified":"2020-04-21T14:23:13+00:00","description":"DM Legal & Immobrokers est un cabinet d'avocats international sp\u00e9cialis\u00e9 dans plusieurs domaines du droit tels que le droit immobilier pour les clients francophones, anglophones et hispanophones. Nous vous aidons chez le Notaire Espagnol. T\u00e9l: 674 75 18 13 ou par courriel: info@dmimmobrokers.com.","breadcrumb":{"@id":"https:\/\/dmimmobrokers.com\/fr\/le-notaire-espagnol\/#breadcrumb"},"inLanguage":"fr-FR","potentialAction":[{"@type":"ReadAction","target":["https:\/\/dmimmobrokers.com\/fr\/le-notaire-espagnol\/"]}]},{"@type":"BreadcrumbList","@id":"https:\/\/dmimmobrokers.com\/fr\/le-notaire-espagnol\/#breadcrumb","itemListElement":[{"@type":"ListItem","position":1,"name":"Portada","item":"https:\/\/dmimmobrokers.com\/fr\/"},{"@type":"ListItem","position":2,"name":"Le Notaire Espagnol"}]},{"@type":"WebSite","@id":"https:\/\/dmimmobrokers.com\/fr\/#website","url":"https:\/\/dmimmobrokers.com\/fr\/","name":"dmimmobrokers","description":"Servicios legales inmobiliarios","potentialAction":[{"@type":"SearchAction","target":{"@type":"EntryPoint","urlTemplate":"https:\/\/dmimmobrokers.com\/fr\/?s={search_term_string}"},"query-input":{"@type":"PropertyValueSpecification","valueRequired":true,"valueName":"search_term_string"}}],"inLanguage":"fr-FR"}]}},"_links":{"self":[{"href":"https:\/\/dmimmobrokers.com\/fr\/wp-json\/wp\/v2\/pages\/1325","targetHints":{"allow":["GET"]}}],"collection":[{"href":"https:\/\/dmimmobrokers.com\/fr\/wp-json\/wp\/v2\/pages"}],"about":[{"href":"https:\/\/dmimmobrokers.com\/fr\/wp-json\/wp\/v2\/types\/page"}],"author":[{"embeddable":true,"href":"https:\/\/dmimmobrokers.com\/fr\/wp-json\/wp\/v2\/users\/1"}],"replies":[{"embeddable":true,"href":"https:\/\/dmimmobrokers.com\/fr\/wp-json\/wp\/v2\/comments?post=1325"}],"version-history":[{"count":4,"href":"https:\/\/dmimmobrokers.com\/fr\/wp-json\/wp\/v2\/pages\/1325\/revisions"}],"predecessor-version":[{"id":2717,"href":"https:\/\/dmimmobrokers.com\/fr\/wp-json\/wp\/v2\/pages\/1325\/revisions\/2717"}],"wp:attachment":[{"href":"https:\/\/dmimmobrokers.com\/fr\/wp-json\/wp\/v2\/media?parent=1325"}],"curies":[{"name":"wp","href":"https:\/\/api.w.org\/{rel}","templated":true}]}}