{"id":1313,"date":"2018-01-15T10:16:23","date_gmt":"2018-01-15T10:16:23","guid":{"rendered":"http:\/\/dmimmobrokers.com\/derecho-procesal-penal\/"},"modified":"2020-04-21T15:47:56","modified_gmt":"2020-04-21T13:47:56","slug":"droit-penal","status":"publish","type":"page","link":"https:\/\/dmimmobrokers.com\/fr\/droit-penal\/","title":{"rendered":"Droit p\u00e9nal"},"content":{"rendered":"<div class=\"wpb-content-wrapper\"><p>[vc_row css_animation=\u00a0\u00bb\u00a0\u00bb row_type=\u00a0\u00bbrow\u00a0\u00bb use_row_as_full_screen_section=\u00a0\u00bbno\u00a0\u00bb type=\u00a0\u00bbgrid\u00a0\u00bb angled_section=\u00a0\u00bbno\u00a0\u00bb text_align=\u00a0\u00bbleft\u00a0\u00bb background_image_as_pattern=\u00a0\u00bbwithout_pattern\u00a0\u00bb css=\u00a0\u00bb.vc_custom_1519146026034{padding-top: 50px !important;padding-bottom: 50px !important;background-color: #ffffff !important;}\u00a0\u00bb][vc_column][vc_column_text]<\/p>\n<h2 style=\"text-align: center;\">Le d\u00e9partement de droit p\u00e9nal couvre toutes les infractions p\u00e9nales pr\u00e9vues dans notre Code p\u00e9nal, nous avons une vaste exp\u00e9rience professionnelle dans la d\u00e9fense des int\u00e9r\u00eats des personnes physiques et morales, en soulignant en particulier les cas li\u00e9s aux \u00e9trangers accus\u00e9s dans des proc\u00e9dures judiciaires mais aussi en droit p\u00e9nal des affaires.<\/h2>\n<p>[\/vc_column_text][\/vc_column][\/vc_row][vc_row css_animation=\u00a0\u00bb\u00a0\u00bb row_type=\u00a0\u00bbrow\u00a0\u00bb use_row_as_full_screen_section=\u00a0\u00bbno\u00a0\u00bb type=\u00a0\u00bbgrid\u00a0\u00bb angled_section=\u00a0\u00bbno\u00a0\u00bb text_align=\u00a0\u00bbleft\u00a0\u00bb background_image_as_pattern=\u00a0\u00bbwithout_pattern\u00a0\u00bb css=\u00a0\u00bb.vc_custom_1519146053011{padding-top: 50px !important;padding-bottom: 50px !important;}\u00a0\u00bb][vc_column width=\u00a0\u00bb3\/4&Prime;][vc_column_text el_class=\u00a0\u00bbjustify\u00a0\u00bb]Notre \u00e9quipe combine les exigences d&rsquo;un environnement de plus en plus complexe et international, avec une relation tr\u00e8s proche avec le client pour lui proposer la strat\u00e9gie la plus appropri\u00e9e.[\/vc_column_text][vc_empty_space height=\u00a0\u00bb25px\u00a0\u00bb][vc_column_text el_class=\u00a0\u00bbjustify\u00a0\u00bb]Actuellement, nous mettons un accent particulier sur la d\u00e9fense des int\u00e9r\u00eats de nos clients d\u00fb \u00e0 la nouvelle r\u00e8glementation sur la responsabilit\u00e9 p\u00e9nale des personnes morales, en effet, nous avons d\u00e9velopp\u00e9 au cours des derni\u00e8res ann\u00e9es une sp\u00e9cialisation importante dans les d\u00e9lits \u00e9conomiques.[\/vc_column_text][\/vc_column][vc_column width=\u00a0\u00bb1\/4&Prime;][vc_single_image image=\u00a0\u00bb559&Prime; img_size=\u00a0\u00bbfull\u00a0\u00bb alignment=\u00a0\u00bbcenter\u00a0\u00bb qode_css_animation=\u00a0\u00bb\u00a0\u00bb][\/vc_column][\/vc_row][vc_row css_animation=\u00a0\u00bb\u00a0\u00bb row_type=\u00a0\u00bbrow\u00a0\u00bb use_row_as_full_screen_section=\u00a0\u00bbno\u00a0\u00bb type=\u00a0\u00bbgrid\u00a0\u00bb angled_section=\u00a0\u00bbno\u00a0\u00bb text_align=\u00a0\u00bbleft\u00a0\u00bb background_image_as_pattern=\u00a0\u00bbwithout_pattern\u00a0\u00bb css=\u00a0\u00bb.vc_custom_1519146402538{padding-top: 50px !important;padding-bottom: 50px !important;background-color: #ffffff !important;}\u00a0\u00bb][vc_column][vc_column_text el_class=\u00a0\u00bbjustify\u00a0\u00bb]<\/p>\n<h3>Nos services<\/h3>\n<p>[\/vc_column_text][vc_empty_space height=\u00a0\u00bb15px\u00a0\u00bb][vc_column_text el_class=\u00a0\u00bbjustify\u00a0\u00bb]<\/p>\n<ul>\n<li>Conseils juridiques et assistance judiciaire en mati\u00e8re p\u00e9nale.<\/li>\n<li>Une attention particuli\u00e8re aux \u00e9trangers accus\u00e9s par le bureau du procureur espagnol.<\/li>\n<li>Repr\u00e9sentation et d\u00e9fense des victimes de crimes devant les tribunaux espagnols.<\/li>\n<li>Avis sur les demandes d&rsquo;extradition entre l&rsquo;Espagne, et la France ou le Royaume-Uni<\/li>\n<li>Les d\u00e9lits au sein d&rsquo;entreprise. Droit p\u00e9nal de l&rsquo;entreprise. Plan de pr\u00e9vention criminelle.<\/li>\n<li>Crimes contre le patrimoine et contre l&rsquo;ordre socio-\u00e9conomique.<\/li>\n<li>Blanchiment d&rsquo;argent.<\/li>\n<li>Crimes contre l&rsquo;administration publique et contre l&rsquo;administration de la justice.<\/li>\n<li>Crimes contre le Tr\u00e9sor Public et la S\u00e9curit\u00e9 Sociale.<\/li>\n<li>Crimes contre la sant\u00e9 et la s\u00e9curit\u00e9 au travail.<\/li>\n<li>Crimes environnementaux.<\/li>\n<li>Crimes contre le march\u00e9 et les consommateurs.<\/li>\n<\/ul>\n<p>[\/vc_column_text][\/vc_column][\/vc_row][vc_row css_animation=\u00a0\u00bb\u00a0\u00bb row_type=\u00a0\u00bbrow\u00a0\u00bb use_row_as_full_screen_section=\u00a0\u00bbno\u00a0\u00bb type=\u00a0\u00bbgrid\u00a0\u00bb angled_section=\u00a0\u00bbno\u00a0\u00bb text_align=\u00a0\u00bbleft\u00a0\u00bb background_image_as_pattern=\u00a0\u00bbwithout_pattern\u00a0\u00bb css=\u00a0\u00bb.vc_custom_1516874165315{padding-top: 50px !important;padding-bottom: 50px !important;}\u00a0\u00bb][vc_column]<blockquote class=' with_quote_icon' style=''><i class='fa fa-quote-right' style=''><\/i><h5 class='blockquote-text' style=''>La moralisation de la soci\u00e9t\u00e9 entra\u00eene un d\u00e9veloppement important de la r\u00e9glementation p\u00e9nale et de son contentieux.<\/h5><\/blockquote>[\/vc_column][\/vc_row]<\/p>\n<\/div>","protected":false},"excerpt":{"rendered":"<p>[vc_row css_animation=\u00a0\u00bb\u00a0\u00bb row_type=\u00a0\u00bbrow\u00a0\u00bb use_row_as_full_screen_section=\u00a0\u00bbno\u00a0\u00bb type=\u00a0\u00bbgrid\u00a0\u00bb angled_section=\u00a0\u00bbno\u00a0\u00bb text_align=\u00a0\u00bbleft\u00a0\u00bb background_image_as_pattern=\u00a0\u00bbwithout_pattern\u00a0\u00bb css=\u00a0\u00bb.vc_custom_1519146026034{padding-top: 50px !important;padding-bottom: 50px !important;background-color: #ffffff !important;}\u00a0\u00bb][vc_column][vc_column_text] Le d\u00e9partement de droit p\u00e9nal couvre toutes les infractions p\u00e9nales pr\u00e9vues dans notre Code p\u00e9nal, nous avons une vaste exp\u00e9rience professionnelle dans la d\u00e9fense des int\u00e9r\u00eats des personnes physiques et&#8230;<\/p>\n","protected":false},"author":1,"featured_media":0,"parent":0,"menu_order":0,"comment_status":"closed","ping_status":"closed","template":"full_width.php","meta":{"footnotes":""},"class_list":["post-1313","page","type-page","status-publish","hentry"],"yoast_head":"<!-- This site is optimized with the Yoast SEO plugin v27.1.1 - https:\/\/yoast.com\/product\/yoast-seo-wordpress\/ -->\n<title>Droit P\u00e9nal | Droit p\u00e9nal des affaires - DM Legal &amp; Immobrokers<\/title>\n<meta name=\"description\" content=\"DM Legal &amp; Immobrokers est un cabinet d&#039;avocats international sp\u00e9cialis\u00e9 en droit p\u00e9nal pour les clients francophones, anglophones et hispanophones. Nous vous aidons \u00e0 la fois pour les plaintes et pour la d\u00e9fense de vos droits. Notre point fort est le droit p\u00e9nal des affaires. 674 75 18 13 ou info@dmimmobrokers.com.\" \/>\n<meta name=\"robots\" content=\"index, follow, max-snippet:-1, max-image-preview:large, max-video-preview:-1\" \/>\n<link rel=\"canonical\" href=\"https:\/\/dmimmobrokers.com\/fr\/droit-penal\/\" \/>\n<meta property=\"og:locale\" content=\"fr_FR\" \/>\n<meta property=\"og:type\" content=\"article\" \/>\n<meta property=\"og:title\" content=\"Droit P\u00e9nal | Droit p\u00e9nal des affaires - DM Legal &amp; Immobrokers\" \/>\n<meta property=\"og:description\" content=\"DM Legal &amp; Immobrokers est un cabinet d&#039;avocats international sp\u00e9cialis\u00e9 en droit p\u00e9nal pour les clients francophones, anglophones et hispanophones. Nous vous aidons \u00e0 la fois pour les plaintes et pour la d\u00e9fense de vos droits. Notre point fort est le droit p\u00e9nal des affaires. 674 75 18 13 ou info@dmimmobrokers.com.\" \/>\n<meta property=\"og:url\" content=\"https:\/\/dmimmobrokers.com\/fr\/droit-penal\/\" \/>\n<meta property=\"og:site_name\" content=\"dmimmobrokers\" \/>\n<meta property=\"article:publisher\" content=\"https:\/\/www.facebook.com\/DM-Legal-Immobrokers-181574149126257\/\" \/>\n<meta property=\"article:modified_time\" content=\"2020-04-21T13:47:56+00:00\" \/>\n<meta name=\"twitter:card\" content=\"summary_large_image\" \/>\n<meta name=\"twitter:label1\" content=\"Dur\u00e9e de lecture estim\u00e9e\" \/>\n\t<meta name=\"twitter:data1\" content=\"3 minutes\" \/>\n<script type=\"application\/ld+json\" class=\"yoast-schema-graph\">{\"@context\":\"https:\/\/schema.org\",\"@graph\":[{\"@type\":\"WebPage\",\"@id\":\"https:\/\/dmimmobrokers.com\/fr\/droit-penal\/\",\"url\":\"https:\/\/dmimmobrokers.com\/fr\/droit-penal\/\",\"name\":\"Droit P\u00e9nal | Droit p\u00e9nal des affaires - DM Legal & Immobrokers\",\"isPartOf\":{\"@id\":\"https:\/\/dmimmobrokers.com\/fr\/#website\"},\"datePublished\":\"2018-01-15T10:16:23+00:00\",\"dateModified\":\"2020-04-21T13:47:56+00:00\",\"description\":\"DM Legal & Immobrokers est un cabinet d'avocats international sp\u00e9cialis\u00e9 en droit p\u00e9nal pour les clients francophones, anglophones et hispanophones. Nous vous aidons \u00e0 la fois pour les plaintes et pour la d\u00e9fense de vos droits. Notre point fort est le droit p\u00e9nal des affaires. 674 75 18 13 ou info@dmimmobrokers.com.\",\"breadcrumb\":{\"@id\":\"https:\/\/dmimmobrokers.com\/fr\/droit-penal\/#breadcrumb\"},\"inLanguage\":\"fr-FR\",\"potentialAction\":[{\"@type\":\"ReadAction\",\"target\":[\"https:\/\/dmimmobrokers.com\/fr\/droit-penal\/\"]}]},{\"@type\":\"BreadcrumbList\",\"@id\":\"https:\/\/dmimmobrokers.com\/fr\/droit-penal\/#breadcrumb\",\"itemListElement\":[{\"@type\":\"ListItem\",\"position\":1,\"name\":\"Portada\",\"item\":\"https:\/\/dmimmobrokers.com\/fr\/\"},{\"@type\":\"ListItem\",\"position\":2,\"name\":\"Droit p\u00e9nal\"}]},{\"@type\":\"WebSite\",\"@id\":\"https:\/\/dmimmobrokers.com\/fr\/#website\",\"url\":\"https:\/\/dmimmobrokers.com\/fr\/\",\"name\":\"dmimmobrokers\",\"description\":\"Servicios legales inmobiliarios\",\"potentialAction\":[{\"@type\":\"SearchAction\",\"target\":{\"@type\":\"EntryPoint\",\"urlTemplate\":\"https:\/\/dmimmobrokers.com\/fr\/?s={search_term_string}\"},\"query-input\":{\"@type\":\"PropertyValueSpecification\",\"valueRequired\":true,\"valueName\":\"search_term_string\"}}],\"inLanguage\":\"fr-FR\"}]}<\/script>\n<!-- \/ Yoast SEO plugin. -->","yoast_head_json":{"title":"Droit P\u00e9nal | Droit p\u00e9nal des affaires - DM Legal & Immobrokers","description":"DM Legal & Immobrokers est un cabinet d'avocats international sp\u00e9cialis\u00e9 en droit p\u00e9nal pour les clients francophones, anglophones et hispanophones. Nous vous aidons \u00e0 la fois pour les plaintes et pour la d\u00e9fense de vos droits. Notre point fort est le droit p\u00e9nal des affaires. 674 75 18 13 ou info@dmimmobrokers.com.","robots":{"index":"index","follow":"follow","max-snippet":"max-snippet:-1","max-image-preview":"max-image-preview:large","max-video-preview":"max-video-preview:-1"},"canonical":"https:\/\/dmimmobrokers.com\/fr\/droit-penal\/","og_locale":"fr_FR","og_type":"article","og_title":"Droit P\u00e9nal | Droit p\u00e9nal des affaires - DM Legal & Immobrokers","og_description":"DM Legal & Immobrokers est un cabinet d'avocats international sp\u00e9cialis\u00e9 en droit p\u00e9nal pour les clients francophones, anglophones et hispanophones. Nous vous aidons \u00e0 la fois pour les plaintes et pour la d\u00e9fense de vos droits. Notre point fort est le droit p\u00e9nal des affaires. 674 75 18 13 ou info@dmimmobrokers.com.","og_url":"https:\/\/dmimmobrokers.com\/fr\/droit-penal\/","og_site_name":"dmimmobrokers","article_publisher":"https:\/\/www.facebook.com\/DM-Legal-Immobrokers-181574149126257\/","article_modified_time":"2020-04-21T13:47:56+00:00","twitter_card":"summary_large_image","twitter_misc":{"Dur\u00e9e de lecture estim\u00e9e":"3 minutes"},"schema":{"@context":"https:\/\/schema.org","@graph":[{"@type":"WebPage","@id":"https:\/\/dmimmobrokers.com\/fr\/droit-penal\/","url":"https:\/\/dmimmobrokers.com\/fr\/droit-penal\/","name":"Droit P\u00e9nal | Droit p\u00e9nal des affaires - DM Legal & Immobrokers","isPartOf":{"@id":"https:\/\/dmimmobrokers.com\/fr\/#website"},"datePublished":"2018-01-15T10:16:23+00:00","dateModified":"2020-04-21T13:47:56+00:00","description":"DM Legal & Immobrokers est un cabinet d'avocats international sp\u00e9cialis\u00e9 en droit p\u00e9nal pour les clients francophones, anglophones et hispanophones. Nous vous aidons \u00e0 la fois pour les plaintes et pour la d\u00e9fense de vos droits. Notre point fort est le droit p\u00e9nal des affaires. 674 75 18 13 ou info@dmimmobrokers.com.","breadcrumb":{"@id":"https:\/\/dmimmobrokers.com\/fr\/droit-penal\/#breadcrumb"},"inLanguage":"fr-FR","potentialAction":[{"@type":"ReadAction","target":["https:\/\/dmimmobrokers.com\/fr\/droit-penal\/"]}]},{"@type":"BreadcrumbList","@id":"https:\/\/dmimmobrokers.com\/fr\/droit-penal\/#breadcrumb","itemListElement":[{"@type":"ListItem","position":1,"name":"Portada","item":"https:\/\/dmimmobrokers.com\/fr\/"},{"@type":"ListItem","position":2,"name":"Droit p\u00e9nal"}]},{"@type":"WebSite","@id":"https:\/\/dmimmobrokers.com\/fr\/#website","url":"https:\/\/dmimmobrokers.com\/fr\/","name":"dmimmobrokers","description":"Servicios legales inmobiliarios","potentialAction":[{"@type":"SearchAction","target":{"@type":"EntryPoint","urlTemplate":"https:\/\/dmimmobrokers.com\/fr\/?s={search_term_string}"},"query-input":{"@type":"PropertyValueSpecification","valueRequired":true,"valueName":"search_term_string"}}],"inLanguage":"fr-FR"}]}},"_links":{"self":[{"href":"https:\/\/dmimmobrokers.com\/fr\/wp-json\/wp\/v2\/pages\/1313","targetHints":{"allow":["GET"]}}],"collection":[{"href":"https:\/\/dmimmobrokers.com\/fr\/wp-json\/wp\/v2\/pages"}],"about":[{"href":"https:\/\/dmimmobrokers.com\/fr\/wp-json\/wp\/v2\/types\/page"}],"author":[{"embeddable":true,"href":"https:\/\/dmimmobrokers.com\/fr\/wp-json\/wp\/v2\/users\/1"}],"replies":[{"embeddable":true,"href":"https:\/\/dmimmobrokers.com\/fr\/wp-json\/wp\/v2\/comments?post=1313"}],"version-history":[{"count":5,"href":"https:\/\/dmimmobrokers.com\/fr\/wp-json\/wp\/v2\/pages\/1313\/revisions"}],"predecessor-version":[{"id":2708,"href":"https:\/\/dmimmobrokers.com\/fr\/wp-json\/wp\/v2\/pages\/1313\/revisions\/2708"}],"wp:attachment":[{"href":"https:\/\/dmimmobrokers.com\/fr\/wp-json\/wp\/v2\/media?parent=1313"}],"curies":[{"name":"wp","href":"https:\/\/api.w.org\/{rel}","templated":true}]}}