{"id":1301,"date":"2018-01-15T10:36:54","date_gmt":"2018-01-15T10:36:54","guid":{"rendered":"http:\/\/dmimmobrokers.com\/derecho-procesal-mercantil\/"},"modified":"2020-04-21T09:50:17","modified_gmt":"2020-04-21T07:50:17","slug":"droit-du-commerce-et-des-societes","status":"publish","type":"page","link":"https:\/\/dmimmobrokers.com\/fr\/droit-du-commerce-et-des-societes\/","title":{"rendered":"Droit du commerce et des soci\u00e9t\u00e9s"},"content":{"rendered":"<div class=\"wpb-content-wrapper\"><p>[vc_row css_animation=\u00a0\u00bb\u00a0\u00bb row_type=\u00a0\u00bbrow\u00a0\u00bb use_row_as_full_screen_section=\u00a0\u00bbno\u00a0\u00bb type=\u00a0\u00bbgrid\u00a0\u00bb angled_section=\u00a0\u00bbno\u00a0\u00bb text_align=\u00a0\u00bbleft\u00a0\u00bb background_image_as_pattern=\u00a0\u00bbwithout_pattern\u00a0\u00bb css=\u00a0\u00bb.vc_custom_1518543875247{padding-top: 50px !important;padding-bottom: 50px !important;background-color: #ffffff !important;}\u00a0\u00bb][vc_column][vc_column_text]<\/p>\n<h2 style=\"text-align: center;\">Le Droit du Commerce et des Soci\u00e9t\u00e9s ainsi que ses op\u00e9rations commerciales sont probablement les plus importantes dans l&rsquo;\u00e9conomie des entreprises, et surtout quand elles se d\u00e9roulent dans un pays qui n\u2019est pas r\u00e9gul\u00e9 par la m\u00eame loi, ses us et coutumes. C&rsquo;est pourquoi il est essentiel d&rsquo;avoir des conseils complets dans sa propre langue et culture et d&rsquo;anticiper les \u00e9ventuels conflits qui pourraient surgir, en leur donnant une solution efficace et d\u00e9finitive.<\/h2>\n<p>[\/vc_column_text][\/vc_column][\/vc_row][vc_row css_animation=\u00a0\u00bb\u00a0\u00bb row_type=\u00a0\u00bbrow\u00a0\u00bb use_row_as_full_screen_section=\u00a0\u00bbno\u00a0\u00bb type=\u00a0\u00bbgrid\u00a0\u00bb angled_section=\u00a0\u00bbno\u00a0\u00bb text_align=\u00a0\u00bbleft\u00a0\u00bb background_image_as_pattern=\u00a0\u00bbwithout_pattern\u00a0\u00bb background_color=\u00a0\u00bb#ffffff\u00a0\u00bb css=\u00a0\u00bb.vc_custom_1518544199328{padding-top: 50px !important;padding-bottom: 50px !important;}\u00a0\u00bb][vc_column][vc_column_text el_class=\u00a0\u00bbjustify\u00a0\u00bb]De ce fait, notre expertise en droit du commerce et des soci\u00e9t\u00e9s nous permet d&rsquo;aborder avec succ\u00e8s les proc\u00e9dures contestant les accords soci\u00e9taires au sein de l\u2019entreprise, la responsabilit\u00e9 des g\u00e9rants, la protection des consommateurs \u00e0 tous les niveaux, ainsi que toute autre gestion qui peut \u00eatre englob\u00e9e dans le droit du commerce et des soci\u00e9t\u00e9s (franchises, agence, concurrence d\u00e9loyale, etc.).[\/vc_column_text][vc_empty_space height=\u00a0\u00bb15px\u00a0\u00bb][vc_column_text el_class=\u00a0\u00bbjustify\u00a0\u00bb]Enfin, notre d\u00e9partement en mati\u00e8re de droit du commerce et des soci\u00e9t\u00e9s poss\u00e8de une vaste exp\u00e9rience dans la planification de la faillite, ainsi que dans la proc\u00e9dure de redressement et liquidation judiciaire, nous\u00a0 pouvons intervenir au nom de la soci\u00e9t\u00e9 en difficult\u00e9, ses g\u00e9rants ou de tout cr\u00e9ancier.[\/vc_column_text][vc_empty_space height=\u00a0\u00bb15px\u00a0\u00bb][vc_column_text el_class=\u00a0\u00bbjustify\u00a0\u00bb]Au sein du service de planification de la faillite, nous offrons \u00e9galement des conseils juridiques dans tous les types d&rsquo;incidents d&rsquo;insolvabilit\u00e9, en soulignant notre intervention dans les incidents d&rsquo;opposition \u00e0 la qualification coupable de la liquidation judiciaire.[\/vc_column_text][\/vc_column][\/vc_row][vc_row css_animation=\u00a0\u00bb\u00a0\u00bb row_type=\u00a0\u00bbrow\u00a0\u00bb use_row_as_full_screen_section=\u00a0\u00bbno\u00a0\u00bb type=\u00a0\u00bbgrid\u00a0\u00bb angled_section=\u00a0\u00bbno\u00a0\u00bb text_align=\u00a0\u00bbleft\u00a0\u00bb background_image_as_pattern=\u00a0\u00bbwithout_pattern\u00a0\u00bb css=\u00a0\u00bb.vc_custom_1516873806308{padding-top: 50px !important;padding-bottom: 50px !important;}\u00a0\u00bb][vc_column width=\u00a0\u00bb1\/2&Prime;][vc_column_text el_class=\u00a0\u00bbjustify\u00a0\u00bb]<\/p>\n<h3>Nos services<\/h3>\n<p>[\/vc_column_text][vc_empty_space height=\u00a0\u00bb15px\u00a0\u00bb][vc_column_text el_class=\u00a0\u00bbjustify\u00a0\u00bb]<\/p>\n<ul>\n<li>Contestation des accords soci\u00e9taires.<\/li>\n<li>Responsabilit\u00e9 des g\u00e9rants.<\/li>\n<li>Protection des consommateurs.<\/li>\n<li>Concurrence d\u00e9loyale.<\/li>\n<li>Dossiers de juridiction volontaire pour la convocation de l&rsquo;assembl\u00e9e g\u00e9n\u00e9rale des actionnaires.<\/li>\n<li>Direction de la proc\u00e9dure de faillite repr\u00e9sentant aussi bien l\u2019entreprise, ses g\u00e9rants ou ses cr\u00e9anciers.<\/li>\n<li>Conseils en phase de redressement judiciaire.<\/li>\n<li>Pr\u00e9paration de toute la proc\u00e9dure de liquidation judiciaire.<\/li>\n<\/ul>\n<p>[\/vc_column_text][\/vc_column][vc_column width=\u00a0\u00bb1\/2&Prime;][vc_single_image image=\u00a0\u00bb270&Prime; img_size=\u00a0\u00bbfull\u00a0\u00bb alignment=\u00a0\u00bbcenter\u00a0\u00bb qode_css_animation=\u00a0\u00bb\u00a0\u00bb][\/vc_column][\/vc_row][vc_row css_animation=\u00a0\u00bb\u00a0\u00bb row_type=\u00a0\u00bbrow\u00a0\u00bb use_row_as_full_screen_section=\u00a0\u00bbno\u00a0\u00bb type=\u00a0\u00bbgrid\u00a0\u00bb angled_section=\u00a0\u00bbno\u00a0\u00bb text_align=\u00a0\u00bbleft\u00a0\u00bb background_image_as_pattern=\u00a0\u00bbwithout_pattern\u00a0\u00bb css=\u00a0\u00bb.vc_custom_1518544825342{padding-top: 50px !important;padding-bottom: 50px !important;background-color: #ffffff !important;}\u00a0\u00bb][vc_column]<blockquote class=' with_quote_icon' style=''><i class='fa fa-quote-right' style=''><\/i><h5 class='blockquote-text' style=''>Du point de vue du commerce, le monde entier n\u2019est qu\u2019une seule nation ou un seul peuple, \u00e0 l\u2019int\u00e9rieur duquel les nations sont comme des personnes. (Sir Dudley NORTH 1641-1691)<\/h5><\/blockquote>[\/vc_column][\/vc_row]<\/p>\n<\/div>","protected":false},"excerpt":{"rendered":"<p>[vc_row css_animation=\u00a0\u00bb\u00a0\u00bb row_type=\u00a0\u00bbrow\u00a0\u00bb use_row_as_full_screen_section=\u00a0\u00bbno\u00a0\u00bb type=\u00a0\u00bbgrid\u00a0\u00bb angled_section=\u00a0\u00bbno\u00a0\u00bb text_align=\u00a0\u00bbleft\u00a0\u00bb background_image_as_pattern=\u00a0\u00bbwithout_pattern\u00a0\u00bb css=\u00a0\u00bb.vc_custom_1518543875247{padding-top: 50px !important;padding-bottom: 50px !important;background-color: #ffffff !important;}\u00a0\u00bb][vc_column][vc_column_text] Le Droit du Commerce et des Soci\u00e9t\u00e9s ainsi que ses op\u00e9rations commerciales sont probablement les plus importantes dans l&rsquo;\u00e9conomie des entreprises, et surtout quand elles se d\u00e9roulent dans un pays&#8230;<\/p>\n","protected":false},"author":1,"featured_media":0,"parent":0,"menu_order":0,"comment_status":"closed","ping_status":"closed","template":"full_width.php","meta":{"footnotes":""},"class_list":["post-1301","page","type-page","status-publish","hentry"],"yoast_head":"<!-- This site is optimized with the Yoast SEO plugin v27.1.1 - https:\/\/yoast.com\/product\/yoast-seo-wordpress\/ -->\n<title>Droit du Commerce et des soci\u00e9t\u00e9s - DM Legal &amp; Immobrokers<\/title>\n<meta name=\"description\" content=\"DM Legal &amp; Immobrokers est un cabinet d&#039;avocats international sp\u00e9cialis\u00e9 en droit du commerce et des soci\u00e9t\u00e9s. Ainsi nous vous aiderons dans vos op\u00e9rations commerciales, ses r\u00e9clamations connexes, Contrats, liquidation judiciaire ou Droit p\u00e9nal \u00e9conomique. T\u00e9l: 674 75 18 13 ou info@dmimmobrokers.com.\" \/>\n<meta name=\"robots\" content=\"index, follow, max-snippet:-1, max-image-preview:large, max-video-preview:-1\" \/>\n<link rel=\"canonical\" href=\"https:\/\/dmimmobrokers.com\/fr\/droit-du-commerce-et-des-societes\/\" \/>\n<meta property=\"og:locale\" content=\"fr_FR\" \/>\n<meta property=\"og:type\" content=\"article\" \/>\n<meta property=\"og:title\" content=\"Droit du Commerce et des soci\u00e9t\u00e9s - DM Legal &amp; Immobrokers\" \/>\n<meta property=\"og:description\" content=\"DM Legal &amp; Immobrokers est un cabinet d&#039;avocats international sp\u00e9cialis\u00e9 en droit du commerce et des soci\u00e9t\u00e9s. Ainsi nous vous aiderons dans vos op\u00e9rations commerciales, ses r\u00e9clamations connexes, Contrats, liquidation judiciaire ou Droit p\u00e9nal \u00e9conomique. T\u00e9l: 674 75 18 13 ou info@dmimmobrokers.com.\" \/>\n<meta property=\"og:url\" content=\"https:\/\/dmimmobrokers.com\/fr\/droit-du-commerce-et-des-societes\/\" \/>\n<meta property=\"og:site_name\" content=\"dmimmobrokers\" \/>\n<meta property=\"article:publisher\" content=\"https:\/\/www.facebook.com\/DM-Legal-Immobrokers-181574149126257\/\" \/>\n<meta property=\"article:modified_time\" content=\"2020-04-21T07:50:17+00:00\" \/>\n<meta name=\"twitter:card\" content=\"summary_large_image\" \/>\n<meta name=\"twitter:label1\" content=\"Dur\u00e9e de lecture estim\u00e9e\" \/>\n\t<meta name=\"twitter:data1\" content=\"3 minutes\" \/>\n<script type=\"application\/ld+json\" class=\"yoast-schema-graph\">{\"@context\":\"https:\/\/schema.org\",\"@graph\":[{\"@type\":\"WebPage\",\"@id\":\"https:\/\/dmimmobrokers.com\/fr\/droit-du-commerce-et-des-societes\/\",\"url\":\"https:\/\/dmimmobrokers.com\/fr\/droit-du-commerce-et-des-societes\/\",\"name\":\"Droit du Commerce et des soci\u00e9t\u00e9s - DM Legal & Immobrokers\",\"isPartOf\":{\"@id\":\"https:\/\/dmimmobrokers.com\/fr\/#website\"},\"datePublished\":\"2018-01-15T10:36:54+00:00\",\"dateModified\":\"2020-04-21T07:50:17+00:00\",\"description\":\"DM Legal & Immobrokers est un cabinet d'avocats international sp\u00e9cialis\u00e9 en droit du commerce et des soci\u00e9t\u00e9s. Ainsi nous vous aiderons dans vos op\u00e9rations commerciales, ses r\u00e9clamations connexes, Contrats, liquidation judiciaire ou Droit p\u00e9nal \u00e9conomique. T\u00e9l: 674 75 18 13 ou info@dmimmobrokers.com.\",\"breadcrumb\":{\"@id\":\"https:\/\/dmimmobrokers.com\/fr\/droit-du-commerce-et-des-societes\/#breadcrumb\"},\"inLanguage\":\"fr-FR\",\"potentialAction\":[{\"@type\":\"ReadAction\",\"target\":[\"https:\/\/dmimmobrokers.com\/fr\/droit-du-commerce-et-des-societes\/\"]}]},{\"@type\":\"BreadcrumbList\",\"@id\":\"https:\/\/dmimmobrokers.com\/fr\/droit-du-commerce-et-des-societes\/#breadcrumb\",\"itemListElement\":[{\"@type\":\"ListItem\",\"position\":1,\"name\":\"Portada\",\"item\":\"https:\/\/dmimmobrokers.com\/fr\/\"},{\"@type\":\"ListItem\",\"position\":2,\"name\":\"Droit du commerce et des soci\u00e9t\u00e9s\"}]},{\"@type\":\"WebSite\",\"@id\":\"https:\/\/dmimmobrokers.com\/fr\/#website\",\"url\":\"https:\/\/dmimmobrokers.com\/fr\/\",\"name\":\"dmimmobrokers\",\"description\":\"Servicios legales inmobiliarios\",\"potentialAction\":[{\"@type\":\"SearchAction\",\"target\":{\"@type\":\"EntryPoint\",\"urlTemplate\":\"https:\/\/dmimmobrokers.com\/fr\/?s={search_term_string}\"},\"query-input\":{\"@type\":\"PropertyValueSpecification\",\"valueRequired\":true,\"valueName\":\"search_term_string\"}}],\"inLanguage\":\"fr-FR\"}]}<\/script>\n<!-- \/ Yoast SEO plugin. -->","yoast_head_json":{"title":"Droit du Commerce et des soci\u00e9t\u00e9s - DM Legal & Immobrokers","description":"DM Legal & Immobrokers est un cabinet d'avocats international sp\u00e9cialis\u00e9 en droit du commerce et des soci\u00e9t\u00e9s. Ainsi nous vous aiderons dans vos op\u00e9rations commerciales, ses r\u00e9clamations connexes, Contrats, liquidation judiciaire ou Droit p\u00e9nal \u00e9conomique. T\u00e9l: 674 75 18 13 ou info@dmimmobrokers.com.","robots":{"index":"index","follow":"follow","max-snippet":"max-snippet:-1","max-image-preview":"max-image-preview:large","max-video-preview":"max-video-preview:-1"},"canonical":"https:\/\/dmimmobrokers.com\/fr\/droit-du-commerce-et-des-societes\/","og_locale":"fr_FR","og_type":"article","og_title":"Droit du Commerce et des soci\u00e9t\u00e9s - DM Legal & Immobrokers","og_description":"DM Legal & Immobrokers est un cabinet d'avocats international sp\u00e9cialis\u00e9 en droit du commerce et des soci\u00e9t\u00e9s. Ainsi nous vous aiderons dans vos op\u00e9rations commerciales, ses r\u00e9clamations connexes, Contrats, liquidation judiciaire ou Droit p\u00e9nal \u00e9conomique. T\u00e9l: 674 75 18 13 ou info@dmimmobrokers.com.","og_url":"https:\/\/dmimmobrokers.com\/fr\/droit-du-commerce-et-des-societes\/","og_site_name":"dmimmobrokers","article_publisher":"https:\/\/www.facebook.com\/DM-Legal-Immobrokers-181574149126257\/","article_modified_time":"2020-04-21T07:50:17+00:00","twitter_card":"summary_large_image","twitter_misc":{"Dur\u00e9e de lecture estim\u00e9e":"3 minutes"},"schema":{"@context":"https:\/\/schema.org","@graph":[{"@type":"WebPage","@id":"https:\/\/dmimmobrokers.com\/fr\/droit-du-commerce-et-des-societes\/","url":"https:\/\/dmimmobrokers.com\/fr\/droit-du-commerce-et-des-societes\/","name":"Droit du Commerce et des soci\u00e9t\u00e9s - DM Legal & Immobrokers","isPartOf":{"@id":"https:\/\/dmimmobrokers.com\/fr\/#website"},"datePublished":"2018-01-15T10:36:54+00:00","dateModified":"2020-04-21T07:50:17+00:00","description":"DM Legal & Immobrokers est un cabinet d'avocats international sp\u00e9cialis\u00e9 en droit du commerce et des soci\u00e9t\u00e9s. Ainsi nous vous aiderons dans vos op\u00e9rations commerciales, ses r\u00e9clamations connexes, Contrats, liquidation judiciaire ou Droit p\u00e9nal \u00e9conomique. T\u00e9l: 674 75 18 13 ou info@dmimmobrokers.com.","breadcrumb":{"@id":"https:\/\/dmimmobrokers.com\/fr\/droit-du-commerce-et-des-societes\/#breadcrumb"},"inLanguage":"fr-FR","potentialAction":[{"@type":"ReadAction","target":["https:\/\/dmimmobrokers.com\/fr\/droit-du-commerce-et-des-societes\/"]}]},{"@type":"BreadcrumbList","@id":"https:\/\/dmimmobrokers.com\/fr\/droit-du-commerce-et-des-societes\/#breadcrumb","itemListElement":[{"@type":"ListItem","position":1,"name":"Portada","item":"https:\/\/dmimmobrokers.com\/fr\/"},{"@type":"ListItem","position":2,"name":"Droit du commerce et des soci\u00e9t\u00e9s"}]},{"@type":"WebSite","@id":"https:\/\/dmimmobrokers.com\/fr\/#website","url":"https:\/\/dmimmobrokers.com\/fr\/","name":"dmimmobrokers","description":"Servicios legales inmobiliarios","potentialAction":[{"@type":"SearchAction","target":{"@type":"EntryPoint","urlTemplate":"https:\/\/dmimmobrokers.com\/fr\/?s={search_term_string}"},"query-input":{"@type":"PropertyValueSpecification","valueRequired":true,"valueName":"search_term_string"}}],"inLanguage":"fr-FR"}]}},"_links":{"self":[{"href":"https:\/\/dmimmobrokers.com\/fr\/wp-json\/wp\/v2\/pages\/1301","targetHints":{"allow":["GET"]}}],"collection":[{"href":"https:\/\/dmimmobrokers.com\/fr\/wp-json\/wp\/v2\/pages"}],"about":[{"href":"https:\/\/dmimmobrokers.com\/fr\/wp-json\/wp\/v2\/types\/page"}],"author":[{"embeddable":true,"href":"https:\/\/dmimmobrokers.com\/fr\/wp-json\/wp\/v2\/users\/1"}],"replies":[{"embeddable":true,"href":"https:\/\/dmimmobrokers.com\/fr\/wp-json\/wp\/v2\/comments?post=1301"}],"version-history":[{"count":5,"href":"https:\/\/dmimmobrokers.com\/fr\/wp-json\/wp\/v2\/pages\/1301\/revisions"}],"predecessor-version":[{"id":2695,"href":"https:\/\/dmimmobrokers.com\/fr\/wp-json\/wp\/v2\/pages\/1301\/revisions\/2695"}],"wp:attachment":[{"href":"https:\/\/dmimmobrokers.com\/fr\/wp-json\/wp\/v2\/media?parent=1301"}],"curies":[{"name":"wp","href":"https:\/\/api.w.org\/{rel}","templated":true}]}}