{"id":1286,"date":"2018-01-11T16:39:09","date_gmt":"2018-01-11T16:39:09","guid":{"rendered":"http:\/\/dmimmobrokers.com\/derecho-procesal-de-familia\/"},"modified":"2020-04-21T09:42:45","modified_gmt":"2020-04-21T07:42:45","slug":"droit-de-la-famille","status":"publish","type":"page","link":"https:\/\/dmimmobrokers.com\/fr\/droit-de-la-famille\/","title":{"rendered":"Droit de la Famille"},"content":{"rendered":"<div class=\"wpb-content-wrapper\"><p>[vc_row css_animation=\u00a0\u00bb\u00a0\u00bb row_type=\u00a0\u00bbrow\u00a0\u00bb use_row_as_full_screen_section=\u00a0\u00bbno\u00a0\u00bb type=\u00a0\u00bbgrid\u00a0\u00bb angled_section=\u00a0\u00bbno\u00a0\u00bb text_align=\u00a0\u00bbleft\u00a0\u00bb background_image_as_pattern=\u00a0\u00bbwithout_pattern\u00a0\u00bb css=\u00a0\u00bb.vc_custom_1518542823856{padding-top: 50px !important;padding-bottom: 50px !important;background-color: #ffffff !important;}\u00a0\u00bb][vc_column][vc_column_text]<\/p>\n<h2 style=\"text-align: center;\">Les questions r\u00e9currentes en Droit de la Famille sont probablement les plus importantes dans la vie des gens et surtout quand l&rsquo;une des parties est \u00e9trang\u00e8re et vit dans un pays qui n&rsquo;est pas le sien.<\/h2>\n<p>[\/vc_column_text][\/vc_column][\/vc_row][vc_row css_animation=\u00a0\u00bb\u00a0\u00bb row_type=\u00a0\u00bbrow\u00a0\u00bb use_row_as_full_screen_section=\u00a0\u00bbno\u00a0\u00bb type=\u00a0\u00bbgrid\u00a0\u00bb angled_section=\u00a0\u00bbno\u00a0\u00bb text_align=\u00a0\u00bbleft\u00a0\u00bb background_image_as_pattern=\u00a0\u00bbwithout_pattern\u00a0\u00bb css=\u00a0\u00bb.vc_custom_1518543014810{padding-top: 50px !important;padding-bottom: 50px !important;}\u00a0\u00bb][vc_column][vc_column_text el_class=\u00a0\u00bbjustify\u00a0\u00bb]Nous sommes des experts en droit de la famille et des successions \u00e0 caract\u00e8re international depuis plus de 10 ans, ayant aid\u00e9 de nombreuses familles dans leur processus de rupture. Cela nous permet d&rsquo;offrir \u00e0 nos clients un service personnalis\u00e9 bas\u00e9 sur une rigueur technique profonde et la connaissance des pratiques habituelles dans les crises matrimoniales de mariages mixtes.[\/vc_column_text][vc_empty_space height=\u00a0\u00bb15px\u00a0\u00bb][vc_column_text el_class=\u00a0\u00bbjustify\u00a0\u00bb]Nous sommes des experts en droit de la famille et des successions \u00e0 caract\u00e8re international depuis plus de 10 ans, ayant aid\u00e9 de nombreuses familles dans leur processus de rupture. Cela nous permet d&rsquo;offrir \u00e0 nos clients un service personnalis\u00e9 bas\u00e9 sur une rigueur technique profonde et la connaissance des pratiques habituelles dans les crises matrimoniales de mariages mixtes.[\/vc_column_text][\/vc_column][\/vc_row][vc_row css_animation=\u00a0\u00bb\u00a0\u00bb row_type=\u00a0\u00bbrow\u00a0\u00bb use_row_as_full_screen_section=\u00a0\u00bbno\u00a0\u00bb type=\u00a0\u00bbgrid\u00a0\u00bb angled_section=\u00a0\u00bbno\u00a0\u00bb text_align=\u00a0\u00bbleft\u00a0\u00bb background_image_as_pattern=\u00a0\u00bbwithout_pattern\u00a0\u00bb css=\u00a0\u00bb.vc_custom_1518543058352{padding-top: 50px !important;padding-bottom: 50px !important;background-color: #ffffff !important;}\u00a0\u00bb][vc_column width=\u00a0\u00bb1\/2&Prime;][vc_column_text el_class=\u00a0\u00bbjustify\u00a0\u00bb]<\/p>\n<h3>Nos services<\/h3>\n<p>[\/vc_column_text][vc_empty_space height=\u00a0\u00bb15px\u00a0\u00bb][vc_column_text el_class=\u00a0\u00bbjustify\u00a0\u00bb]<\/p>\n<ul>\n<li>Conseils sur les s\u00e9parations et les divorces d&rsquo;un commun accord et contentieux.<\/li>\n<li>Avis pr\u00e9alable concernant le droit au mariage fran\u00e7ais, anglais et espagnol famille, ainsi qu\u2019\u00e9tude du droit international priv\u00e9.<\/li>\n<li>Demande de pensions transfrontali\u00e8res.<\/li>\n<li>Attribution de la garde des enfants.<\/li>\n<li>Plan parental. Garde partag\u00e9e.<\/li>\n<li>R\u00e9gulation des relations parents-enfants.<\/li>\n<li>Droits de visite transfrontaliers.<\/li>\n<li>Droits de visite des grands-parents.<\/li>\n<li>Modification des mesures et non respect du r\u00e9gime de visite.<\/li>\n<li>R\u00e9clamations de paternit\u00e9 et filiation.<\/li>\n<li>Conseils sur les cons\u00e9quences \u00e9conomiques du divorce.<\/li>\n<li>Reconnaissance des jugements \u00e9trangers.<\/li>\n<li>Pactes en pr\u00e9vision de la rupture.<\/li>\n<li>R\u00e9daction de capitulations matrimoniales.<\/li>\n<li>Liquidation du r\u00e9gime \u00e9conomique matrimonial et liquidation du patrimoine commun.<\/li>\n<\/ul>\n<p>[\/vc_column_text][vc_empty_space height=\u00a0\u00bb15px\u00a0\u00bb][vc_column_text el_class=\u00a0\u00bbjustify\u00a0\u00bb]Nous remercions tout particuli\u00e8rement \u00e0 notre Consoeur de CQF avocat de Versailles, (<a href=\"https:\/\/cqf-avocat.com\/\">https:\/\/cqf-avocat.com\/<\/a>) pour nous avoir fourni certaines de nos images pour notre page web.[\/vc_column_text][\/vc_column][vc_column width=\u00a0\u00bb1\/2&Prime;][vc_single_image image=\u00a0\u00bb272&Prime; img_size=\u00a0\u00bbfull\u00a0\u00bb qode_css_animation=\u00a0\u00bb\u00a0\u00bb][\/vc_column][\/vc_row][vc_row css_animation=\u00a0\u00bb\u00a0\u00bb row_type=\u00a0\u00bbrow\u00a0\u00bb use_row_as_full_screen_section=\u00a0\u00bbno\u00a0\u00bb type=\u00a0\u00bbgrid\u00a0\u00bb angled_section=\u00a0\u00bbno\u00a0\u00bb text_align=\u00a0\u00bbleft\u00a0\u00bb background_image_as_pattern=\u00a0\u00bbwithout_pattern\u00a0\u00bb css=\u00a0\u00bb.vc_custom_1518543678072{padding-top: 50px !important;padding-bottom: 50px !important;}\u00a0\u00bb][vc_column]<blockquote class=' with_quote_icon' style=''><i class='fa fa-quote-right' style=''><\/i><h5 class='blockquote-text' style=''>Rien ne contribue plus \u00e0 l'attachement mutuel que la facult\u00e9 du divorce : un mari et une femme sont port\u00e9s \u00e0 soutenir patiemment les peines domestiques, sachant qu'ils sont ma\u00eetres de les faire finir. (Montesquieu Lettres Persanes CXVII)<\/h5><\/blockquote>[\/vc_column][\/vc_row]<\/p>\n<\/div>","protected":false},"excerpt":{"rendered":"<p>[vc_row css_animation=\u00a0\u00bb\u00a0\u00bb row_type=\u00a0\u00bbrow\u00a0\u00bb use_row_as_full_screen_section=\u00a0\u00bbno\u00a0\u00bb type=\u00a0\u00bbgrid\u00a0\u00bb angled_section=\u00a0\u00bbno\u00a0\u00bb text_align=\u00a0\u00bbleft\u00a0\u00bb background_image_as_pattern=\u00a0\u00bbwithout_pattern\u00a0\u00bb css=\u00a0\u00bb.vc_custom_1518542823856{padding-top: 50px !important;padding-bottom: 50px !important;background-color: #ffffff !important;}\u00a0\u00bb][vc_column][vc_column_text] Les questions r\u00e9currentes en Droit de la Famille sont probablement les plus importantes dans la vie des gens et surtout quand l&rsquo;une des parties est \u00e9trang\u00e8re et vit dans un&#8230;<\/p>\n","protected":false},"author":1,"featured_media":0,"parent":0,"menu_order":0,"comment_status":"closed","ping_status":"closed","template":"full_width.php","meta":{"footnotes":""},"class_list":["post-1286","page","type-page","status-publish","hentry"],"yoast_head":"<!-- This site is optimized with the Yoast SEO plugin v27.1.1 - https:\/\/yoast.com\/product\/yoast-seo-wordpress\/ -->\n<title>Droit de la Famille | Divorce,questions familiales -DM Legal &amp; Immobrokers<\/title>\n<meta name=\"description\" content=\"DM Legal &amp; Immobrokers est un cabinet d&#039;avocats internationaux sp\u00e9cialis\u00e9s en droit de la famille pour les clients francophones, anglophones et hispanophones. Nous vous aidons avec vos divorces, la dissolution du r\u00e9gime matrimonial ou la garde des enfants. T\u00e9l: 674 75 18 13 ou par courriel: info@dmimmobrokers.com.\" \/>\n<meta name=\"robots\" content=\"index, follow, max-snippet:-1, max-image-preview:large, max-video-preview:-1\" \/>\n<link rel=\"canonical\" href=\"https:\/\/dmimmobrokers.com\/fr\/droit-de-la-famille\/\" \/>\n<meta property=\"og:locale\" content=\"fr_FR\" \/>\n<meta property=\"og:type\" content=\"article\" \/>\n<meta property=\"og:title\" content=\"Droit de la Famille | Divorce,questions familiales -DM Legal &amp; Immobrokers\" \/>\n<meta property=\"og:description\" content=\"DM Legal &amp; Immobrokers est un cabinet d&#039;avocats internationaux sp\u00e9cialis\u00e9s en droit de la famille pour les clients francophones, anglophones et hispanophones. Nous vous aidons avec vos divorces, la dissolution du r\u00e9gime matrimonial ou la garde des enfants. T\u00e9l: 674 75 18 13 ou par courriel: info@dmimmobrokers.com.\" \/>\n<meta property=\"og:url\" content=\"https:\/\/dmimmobrokers.com\/fr\/droit-de-la-famille\/\" \/>\n<meta property=\"og:site_name\" content=\"dmimmobrokers\" \/>\n<meta property=\"article:publisher\" content=\"https:\/\/www.facebook.com\/DM-Legal-Immobrokers-181574149126257\/\" \/>\n<meta property=\"article:modified_time\" content=\"2020-04-21T07:42:45+00:00\" \/>\n<meta name=\"twitter:card\" content=\"summary_large_image\" \/>\n<meta name=\"twitter:label1\" content=\"Dur\u00e9e de lecture estim\u00e9e\" \/>\n\t<meta name=\"twitter:data1\" content=\"3 minutes\" \/>\n<script type=\"application\/ld+json\" class=\"yoast-schema-graph\">{\"@context\":\"https:\/\/schema.org\",\"@graph\":[{\"@type\":\"WebPage\",\"@id\":\"https:\/\/dmimmobrokers.com\/fr\/droit-de-la-famille\/\",\"url\":\"https:\/\/dmimmobrokers.com\/fr\/droit-de-la-famille\/\",\"name\":\"Droit de la Famille | Divorce,questions familiales -DM Legal & Immobrokers\",\"isPartOf\":{\"@id\":\"https:\/\/dmimmobrokers.com\/fr\/#website\"},\"datePublished\":\"2018-01-11T16:39:09+00:00\",\"dateModified\":\"2020-04-21T07:42:45+00:00\",\"description\":\"DM Legal & Immobrokers est un cabinet d'avocats internationaux sp\u00e9cialis\u00e9s en droit de la famille pour les clients francophones, anglophones et hispanophones. Nous vous aidons avec vos divorces, la dissolution du r\u00e9gime matrimonial ou la garde des enfants. T\u00e9l: 674 75 18 13 ou par courriel: info@dmimmobrokers.com.\",\"breadcrumb\":{\"@id\":\"https:\/\/dmimmobrokers.com\/fr\/droit-de-la-famille\/#breadcrumb\"},\"inLanguage\":\"fr-FR\",\"potentialAction\":[{\"@type\":\"ReadAction\",\"target\":[\"https:\/\/dmimmobrokers.com\/fr\/droit-de-la-famille\/\"]}]},{\"@type\":\"BreadcrumbList\",\"@id\":\"https:\/\/dmimmobrokers.com\/fr\/droit-de-la-famille\/#breadcrumb\",\"itemListElement\":[{\"@type\":\"ListItem\",\"position\":1,\"name\":\"Portada\",\"item\":\"https:\/\/dmimmobrokers.com\/fr\/\"},{\"@type\":\"ListItem\",\"position\":2,\"name\":\"Droit de la Famille\"}]},{\"@type\":\"WebSite\",\"@id\":\"https:\/\/dmimmobrokers.com\/fr\/#website\",\"url\":\"https:\/\/dmimmobrokers.com\/fr\/\",\"name\":\"dmimmobrokers\",\"description\":\"Servicios legales inmobiliarios\",\"potentialAction\":[{\"@type\":\"SearchAction\",\"target\":{\"@type\":\"EntryPoint\",\"urlTemplate\":\"https:\/\/dmimmobrokers.com\/fr\/?s={search_term_string}\"},\"query-input\":{\"@type\":\"PropertyValueSpecification\",\"valueRequired\":true,\"valueName\":\"search_term_string\"}}],\"inLanguage\":\"fr-FR\"}]}<\/script>\n<!-- \/ Yoast SEO plugin. -->","yoast_head_json":{"title":"Droit de la Famille | Divorce,questions familiales -DM Legal & Immobrokers","description":"DM Legal & Immobrokers est un cabinet d'avocats internationaux sp\u00e9cialis\u00e9s en droit de la famille pour les clients francophones, anglophones et hispanophones. Nous vous aidons avec vos divorces, la dissolution du r\u00e9gime matrimonial ou la garde des enfants. T\u00e9l: 674 75 18 13 ou par courriel: info@dmimmobrokers.com.","robots":{"index":"index","follow":"follow","max-snippet":"max-snippet:-1","max-image-preview":"max-image-preview:large","max-video-preview":"max-video-preview:-1"},"canonical":"https:\/\/dmimmobrokers.com\/fr\/droit-de-la-famille\/","og_locale":"fr_FR","og_type":"article","og_title":"Droit de la Famille | Divorce,questions familiales -DM Legal & Immobrokers","og_description":"DM Legal & Immobrokers est un cabinet d'avocats internationaux sp\u00e9cialis\u00e9s en droit de la famille pour les clients francophones, anglophones et hispanophones. Nous vous aidons avec vos divorces, la dissolution du r\u00e9gime matrimonial ou la garde des enfants. T\u00e9l: 674 75 18 13 ou par courriel: info@dmimmobrokers.com.","og_url":"https:\/\/dmimmobrokers.com\/fr\/droit-de-la-famille\/","og_site_name":"dmimmobrokers","article_publisher":"https:\/\/www.facebook.com\/DM-Legal-Immobrokers-181574149126257\/","article_modified_time":"2020-04-21T07:42:45+00:00","twitter_card":"summary_large_image","twitter_misc":{"Dur\u00e9e de lecture estim\u00e9e":"3 minutes"},"schema":{"@context":"https:\/\/schema.org","@graph":[{"@type":"WebPage","@id":"https:\/\/dmimmobrokers.com\/fr\/droit-de-la-famille\/","url":"https:\/\/dmimmobrokers.com\/fr\/droit-de-la-famille\/","name":"Droit de la Famille | Divorce,questions familiales -DM Legal & Immobrokers","isPartOf":{"@id":"https:\/\/dmimmobrokers.com\/fr\/#website"},"datePublished":"2018-01-11T16:39:09+00:00","dateModified":"2020-04-21T07:42:45+00:00","description":"DM Legal & Immobrokers est un cabinet d'avocats internationaux sp\u00e9cialis\u00e9s en droit de la famille pour les clients francophones, anglophones et hispanophones. Nous vous aidons avec vos divorces, la dissolution du r\u00e9gime matrimonial ou la garde des enfants. T\u00e9l: 674 75 18 13 ou par courriel: info@dmimmobrokers.com.","breadcrumb":{"@id":"https:\/\/dmimmobrokers.com\/fr\/droit-de-la-famille\/#breadcrumb"},"inLanguage":"fr-FR","potentialAction":[{"@type":"ReadAction","target":["https:\/\/dmimmobrokers.com\/fr\/droit-de-la-famille\/"]}]},{"@type":"BreadcrumbList","@id":"https:\/\/dmimmobrokers.com\/fr\/droit-de-la-famille\/#breadcrumb","itemListElement":[{"@type":"ListItem","position":1,"name":"Portada","item":"https:\/\/dmimmobrokers.com\/fr\/"},{"@type":"ListItem","position":2,"name":"Droit de la Famille"}]},{"@type":"WebSite","@id":"https:\/\/dmimmobrokers.com\/fr\/#website","url":"https:\/\/dmimmobrokers.com\/fr\/","name":"dmimmobrokers","description":"Servicios legales inmobiliarios","potentialAction":[{"@type":"SearchAction","target":{"@type":"EntryPoint","urlTemplate":"https:\/\/dmimmobrokers.com\/fr\/?s={search_term_string}"},"query-input":{"@type":"PropertyValueSpecification","valueRequired":true,"valueName":"search_term_string"}}],"inLanguage":"fr-FR"}]}},"_links":{"self":[{"href":"https:\/\/dmimmobrokers.com\/fr\/wp-json\/wp\/v2\/pages\/1286","targetHints":{"allow":["GET"]}}],"collection":[{"href":"https:\/\/dmimmobrokers.com\/fr\/wp-json\/wp\/v2\/pages"}],"about":[{"href":"https:\/\/dmimmobrokers.com\/fr\/wp-json\/wp\/v2\/types\/page"}],"author":[{"embeddable":true,"href":"https:\/\/dmimmobrokers.com\/fr\/wp-json\/wp\/v2\/users\/1"}],"replies":[{"embeddable":true,"href":"https:\/\/dmimmobrokers.com\/fr\/wp-json\/wp\/v2\/comments?post=1286"}],"version-history":[{"count":9,"href":"https:\/\/dmimmobrokers.com\/fr\/wp-json\/wp\/v2\/pages\/1286\/revisions"}],"predecessor-version":[{"id":2691,"href":"https:\/\/dmimmobrokers.com\/fr\/wp-json\/wp\/v2\/pages\/1286\/revisions\/2691"}],"wp:attachment":[{"href":"https:\/\/dmimmobrokers.com\/fr\/wp-json\/wp\/v2\/media?parent=1286"}],"curies":[{"name":"wp","href":"https:\/\/api.w.org\/{rel}","templated":true}]}}