{"id":1232,"date":"2018-01-15T09:50:25","date_gmt":"2018-01-15T09:50:25","guid":{"rendered":"http:\/\/dmimmobrokers.com\/derecho-procesal-civil\/"},"modified":"2020-04-21T09:38:16","modified_gmt":"2020-04-21T07:38:16","slug":"litiges-civil-contentieux-droit","status":"publish","type":"page","link":"https:\/\/dmimmobrokers.com\/fr\/litiges-civil-contentieux-droit\/","title":{"rendered":"Contentieux Civil"},"content":{"rendered":"<div class=\"wpb-content-wrapper\"><p>[vc_row css_animation=\u00a0\u00bb\u00a0\u00bb row_type=\u00a0\u00bbrow\u00a0\u00bb use_row_as_full_screen_section=\u00a0\u00bbno\u00a0\u00bb type=\u00a0\u00bbgrid\u00a0\u00bb angled_section=\u00a0\u00bbno\u00a0\u00bb text_align=\u00a0\u00bbleft\u00a0\u00bb background_image_as_pattern=\u00a0\u00bbwithout_pattern\u00a0\u00bb css=\u00a0\u00bb.vc_custom_1518541186425{padding-top: 50px !important;padding-bottom: 50px !important;background-color: #ffffff !important;}\u00a0\u00bb][vc_column][vc_column_text]<\/p>\n<h2 style=\"text-align: center;\">En Contentieux Civil, nous transf\u00e9rons les questions de droit priv\u00e9 qui doivent \u00eatre d\u00e9velopp\u00e9es dans le domaine judiciaire. L&rsquo;objectif principal du droit du contentieux civil est d&rsquo;obtenir une r\u00e9solution judiciaire lorsque la sph\u00e8re amicale a \u00e9chou\u00e9.<\/h2>\n<p>[\/vc_column_text][\/vc_column][\/vc_row][vc_row css_animation=\u00a0\u00bb\u00a0\u00bb row_type=\u00a0\u00bbrow\u00a0\u00bb use_row_as_full_screen_section=\u00a0\u00bbno\u00a0\u00bb type=\u00a0\u00bbgrid\u00a0\u00bb angled_section=\u00a0\u00bbno\u00a0\u00bb text_align=\u00a0\u00bbleft\u00a0\u00bb background_image_as_pattern=\u00a0\u00bbwithout_pattern\u00a0\u00bb css=\u00a0\u00bb.vc_custom_1516873398669{padding-top: 50px !important;padding-bottom: 50px !important;}\u00a0\u00bb][vc_column width=\u00a0\u00bb1\/4&Prime;][vc_single_image image=\u00a0\u00bb255&Prime; img_size=\u00a0\u00bblarge\u00a0\u00bb qode_css_animation=\u00a0\u00bb\u00a0\u00bb][\/vc_column][vc_column width=\u00a0\u00bb3\/4&Prime;][vc_column_text]<\/p>\n<h3>Nos points forts<\/h3>\n<p>[\/vc_column_text][vc_empty_space height=\u00a0\u00bb15px\u00a0\u00bb][vc_column_text el_class=\u00a0\u00bbjustify\u00a0\u00bb]Au sein du d\u00e9partement de droit du contentieux civil, nous avons des avocats d&rsquo;horizons diff\u00e9rents, certains ayant plus de connaissances en droit de l&rsquo;achat, de la vente et de la construction, et d&rsquo;autres ayant une sp\u00e9cialit\u00e9 particuli\u00e8re en mati\u00e8re de succession et d&rsquo;administration. En outre, nous devons mentionner en particulier que la diversit\u00e9 culturelle de nos professionnels (espagnol et fran\u00e7ais) signifie que nous pouvons avoir un accent international sur toutes ces questions.[\/vc_column_text][\/vc_column][\/vc_row][vc_row css_animation=\u00a0\u00bb\u00a0\u00bb row_type=\u00a0\u00bbrow\u00a0\u00bb use_row_as_full_screen_section=\u00a0\u00bbno\u00a0\u00bb type=\u00a0\u00bbgrid\u00a0\u00bb angled_section=\u00a0\u00bbno\u00a0\u00bb text_align=\u00a0\u00bbleft\u00a0\u00bb background_image_as_pattern=\u00a0\u00bbwithout_pattern\u00a0\u00bb css=\u00a0\u00bb.vc_custom_1518541212562{padding-top: 50px !important;padding-bottom: 50px !important;background-color: #ffffff !important;}\u00a0\u00bb][vc_column][vc_column_text el_class=\u00a0\u00bbjustify\u00a0\u00bb]<\/p>\n<h3>Nos services<\/h3>\n<p>[\/vc_column_text][vc_empty_space height=\u00a0\u00bb15px\u00a0\u00bb][vc_column_text el_class=\u00a0\u00bbjustify\u00a0\u00bb]Les litiges civils r\u00e9sultent du traitement judiciaire de tous les domaines de travail de nos d\u00e9partements du droit immobilier, fiscal ou successoral, dans lesquels la situation a entra\u00een\u00e9 des litiges.<\/p>\n<p>[\/vc_column_text][vc_empty_space height=\u00a0\u00bb15px\u00a0\u00bb][vc_column_text el_class=\u00a0\u00bbjustify\u00a0\u00bb]Nous pouvons souligner ce qui suit comme des cas plus habituels:[\/vc_column_text][vc_empty_space height=\u00a0\u00bb15px\u00a0\u00bb][vc_column_text el_class=\u00a0\u00bbjustify\u00a0\u00bb]<\/p>\n<ul>\n<li>Conflits dus aux contrats immobiliers.<\/li>\n<li>Ex\u00e9cutions hypoth\u00e9caires.<\/li>\n<li>R\u00e9clamations de quantit\u00e9s.<\/li>\n<li>Ex\u00e9cutions de jugements \u00e9trangers (exequatur).<\/li>\n<li>Conflits entre h\u00e9ritiers.<\/li>\n<li>R\u00e9clamations administratives \u00e9conomiques (Taxes, conseils municipaux, etc &#8230;).<\/li>\n<\/ul>\n<p>[\/vc_column_text][\/vc_column][\/vc_row][vc_row css_animation=\u00a0\u00bb\u00a0\u00bb row_type=\u00a0\u00bbrow\u00a0\u00bb use_row_as_full_screen_section=\u00a0\u00bbno\u00a0\u00bb type=\u00a0\u00bbgrid\u00a0\u00bb angled_section=\u00a0\u00bbno\u00a0\u00bb text_align=\u00a0\u00bbleft\u00a0\u00bb background_image_as_pattern=\u00a0\u00bbwithout_pattern\u00a0\u00bb css=\u00a0\u00bb.vc_custom_1518541786558{padding-top: 50px !important;padding-bottom: 50px !important;}\u00a0\u00bb][vc_column]<div class=\"q_image_with_text_over\"><div class=\"shader\" ><\/div><img decoding=\"async\" itemprop=\"image\" src=\"https:\/\/dmimmobrokers.com\/wp-content\/uploads\/2018\/02\/businessman-3075837_1920.jpg\" alt=\"\" \/><div class=\"text\"><table><tr><td><h3 class=\"caption no_icon\" style=\"\"><\/h3><\/td><\/tr><\/table><table><tr><td><div class=\"desc\"><span style=\"font-family: 'book antiqua', palatino, serif;\"><strong><em><span style=\"font-size: 24pt;\">Dans un processus judiciaire en Espagne, une grande vari\u00e9t\u00e9 de circonstances doivent \u00eatre prises en compte. Outre le fait qui motive l&rsquo;action en justice, chaque fois qu&rsquo;un litige doit \u00eatre engag\u00e9, une s\u00e9rie de questions li\u00e9es \u00e0 la proc\u00e9dure elle-m\u00eame doit \u00eatre consid\u00e9r\u00e9e. Pour illustrer l&rsquo;engagement de notre cabinet d&rsquo;un point de vue judiciaire, il peut \u00eatre divis\u00e9 en:<\/span><\/em><\/strong><\/span><\/p>\n<p>&nbsp;<\/p>\n<p>&nbsp;<\/p>\n<p><span style=\"font-family: 'book antiqua', palatino, serif;\"><strong><em><span style=\"font-size: 24pt;\">Une premi\u00e8re phase d&rsquo;analyse de la mati\u00e8re valorisant les possibilit\u00e9s, les prescriptions, etc &#8230;<\/span><\/em><\/strong><\/span><\/p>\n<p>&nbsp;<\/p>\n<p>&nbsp;<\/p>\n<p><span style=\"font-family: 'book antiqua', palatino, serif;\"><strong><em><span style=\"font-size: 24pt;\">Une deuxi\u00e8me phase de collecte et d&rsquo;analyse de la documentation, de recherche d&rsquo;actifs et, le cas \u00e9ch\u00e9ant, de r\u00e9clamation extrajudiciaire et de n\u00e9gociation avec la partie adverse.<\/span><\/em><\/strong><\/span><\/p>\n<p>&nbsp;<\/p>\n<p>&nbsp;<\/p>\n<p><span style=\"font-family: 'book antiqua', palatino, serif;\"><strong><em><span style=\"font-size: 24pt;\">Une phase finale dans laquelle le dossier sera pr\u00e9sent\u00e9 devant les tribunaux.<\/span><\/em><\/strong><\/span><\/div><\/td><\/tr><\/table><\/div><\/div>[\/vc_column][\/vc_row][vc_row css_animation=\u00a0\u00bb\u00a0\u00bb row_type=\u00a0\u00bbrow\u00a0\u00bb use_row_as_full_screen_section=\u00a0\u00bbno\u00a0\u00bb type=\u00a0\u00bbgrid\u00a0\u00bb angled_section=\u00a0\u00bbno\u00a0\u00bb text_align=\u00a0\u00bbleft\u00a0\u00bb background_image_as_pattern=\u00a0\u00bbwithout_pattern\u00a0\u00bb css=\u00a0\u00bb.vc_custom_1518541984201{padding-top: 50px !important;padding-bottom: 50px !important;background-color: #ffffff !important;}\u00a0\u00bb][vc_column]<blockquote class=' with_quote_icon' style=''><i class='fa fa-quote-right' style=''><\/i><h5 class='blockquote-text' style=''>Nous avons une exp\u00e9rience extraordinaire dans le conseil de clients \u00e9trangers sur la l\u00e9gislation espagnole et les questions judiciaires en Espagne, puisque la plupart de nos affaires contiennent des \u00e9l\u00e9ments internationaux impliquant des pays francophones ou anglophones.<\/h5><\/blockquote>[\/vc_column][\/vc_row]<\/p>\n<\/div>","protected":false},"excerpt":{"rendered":"<p>[vc_row css_animation=\u00a0\u00bb\u00a0\u00bb row_type=\u00a0\u00bbrow\u00a0\u00bb use_row_as_full_screen_section=\u00a0\u00bbno\u00a0\u00bb type=\u00a0\u00bbgrid\u00a0\u00bb angled_section=\u00a0\u00bbno\u00a0\u00bb text_align=\u00a0\u00bbleft\u00a0\u00bb background_image_as_pattern=\u00a0\u00bbwithout_pattern\u00a0\u00bb css=\u00a0\u00bb.vc_custom_1518541186425{padding-top: 50px !important;padding-bottom: 50px !important;background-color: #ffffff !important;}\u00a0\u00bb][vc_column][vc_column_text] En Contentieux Civil, nous transf\u00e9rons les questions de droit priv\u00e9 qui doivent \u00eatre d\u00e9velopp\u00e9es dans le domaine judiciaire. L&rsquo;objectif principal du droit du contentieux civil est d&rsquo;obtenir une r\u00e9solution judiciaire&#8230;<\/p>\n","protected":false},"author":1,"featured_media":0,"parent":0,"menu_order":0,"comment_status":"closed","ping_status":"closed","template":"full_width.php","meta":{"footnotes":""},"class_list":["post-1232","page","type-page","status-publish","hentry"],"yoast_head":"<!-- This site is optimized with the Yoast SEO plugin v27.1.1 - https:\/\/yoast.com\/product\/yoast-seo-wordpress\/ -->\n<title>Droit du Contentieux Civil et Litiges en droit civil - DM Legal &amp; Immobrokers<\/title>\n<meta name=\"description\" content=\"DM Legal &amp; Immobrokers, cabinet d&#039;avocats internationaux sp\u00e9cialis\u00e9s en droit civil pour les clients francophones. Nous vous aidons avec vos r\u00e9clamations civiles et commerciales.\" \/>\n<meta name=\"robots\" content=\"index, follow, max-snippet:-1, max-image-preview:large, max-video-preview:-1\" \/>\n<link rel=\"canonical\" href=\"https:\/\/dmimmobrokers.com\/fr\/litiges-civil-contentieux-droit\/\" \/>\n<meta property=\"og:locale\" content=\"fr_FR\" \/>\n<meta property=\"og:type\" content=\"article\" \/>\n<meta property=\"og:title\" content=\"Droit du Contentieux Civil et Litiges en droit civil - DM Legal &amp; Immobrokers\" \/>\n<meta property=\"og:description\" content=\"DM Legal &amp; Immobrokers, cabinet d&#039;avocats internationaux sp\u00e9cialis\u00e9s en droit civil pour les clients francophones. Nous vous aidons avec vos r\u00e9clamations civiles et commerciales.\" \/>\n<meta property=\"og:url\" content=\"https:\/\/dmimmobrokers.com\/fr\/litiges-civil-contentieux-droit\/\" \/>\n<meta property=\"og:site_name\" content=\"dmimmobrokers\" \/>\n<meta property=\"article:publisher\" content=\"https:\/\/www.facebook.com\/DM-Legal-Immobrokers-181574149126257\/\" \/>\n<meta property=\"article:modified_time\" content=\"2020-04-21T07:38:16+00:00\" \/>\n<meta name=\"twitter:card\" content=\"summary_large_image\" \/>\n<meta name=\"twitter:label1\" content=\"Dur\u00e9e de lecture estim\u00e9e\" \/>\n\t<meta name=\"twitter:data1\" content=\"4 minutes\" \/>\n<script type=\"application\/ld+json\" class=\"yoast-schema-graph\">{\"@context\":\"https:\/\/schema.org\",\"@graph\":[{\"@type\":\"WebPage\",\"@id\":\"https:\/\/dmimmobrokers.com\/fr\/litiges-civil-contentieux-droit\/\",\"url\":\"https:\/\/dmimmobrokers.com\/fr\/litiges-civil-contentieux-droit\/\",\"name\":\"Droit du Contentieux Civil et Litiges en droit civil - DM Legal & Immobrokers\",\"isPartOf\":{\"@id\":\"https:\/\/dmimmobrokers.com\/fr\/#website\"},\"datePublished\":\"2018-01-15T09:50:25+00:00\",\"dateModified\":\"2020-04-21T07:38:16+00:00\",\"description\":\"DM Legal & Immobrokers, cabinet d'avocats internationaux sp\u00e9cialis\u00e9s en droit civil pour les clients francophones. Nous vous aidons avec vos r\u00e9clamations civiles et commerciales.\",\"breadcrumb\":{\"@id\":\"https:\/\/dmimmobrokers.com\/fr\/litiges-civil-contentieux-droit\/#breadcrumb\"},\"inLanguage\":\"fr-FR\",\"potentialAction\":[{\"@type\":\"ReadAction\",\"target\":[\"https:\/\/dmimmobrokers.com\/fr\/litiges-civil-contentieux-droit\/\"]}]},{\"@type\":\"BreadcrumbList\",\"@id\":\"https:\/\/dmimmobrokers.com\/fr\/litiges-civil-contentieux-droit\/#breadcrumb\",\"itemListElement\":[{\"@type\":\"ListItem\",\"position\":1,\"name\":\"Portada\",\"item\":\"https:\/\/dmimmobrokers.com\/fr\/\"},{\"@type\":\"ListItem\",\"position\":2,\"name\":\"Contentieux Civil\"}]},{\"@type\":\"WebSite\",\"@id\":\"https:\/\/dmimmobrokers.com\/fr\/#website\",\"url\":\"https:\/\/dmimmobrokers.com\/fr\/\",\"name\":\"dmimmobrokers\",\"description\":\"Servicios legales inmobiliarios\",\"potentialAction\":[{\"@type\":\"SearchAction\",\"target\":{\"@type\":\"EntryPoint\",\"urlTemplate\":\"https:\/\/dmimmobrokers.com\/fr\/?s={search_term_string}\"},\"query-input\":{\"@type\":\"PropertyValueSpecification\",\"valueRequired\":true,\"valueName\":\"search_term_string\"}}],\"inLanguage\":\"fr-FR\"}]}<\/script>\n<!-- \/ Yoast SEO plugin. -->","yoast_head_json":{"title":"Droit du Contentieux Civil et Litiges en droit civil - DM Legal & Immobrokers","description":"DM Legal & Immobrokers, cabinet d'avocats internationaux sp\u00e9cialis\u00e9s en droit civil pour les clients francophones. Nous vous aidons avec vos r\u00e9clamations civiles et commerciales.","robots":{"index":"index","follow":"follow","max-snippet":"max-snippet:-1","max-image-preview":"max-image-preview:large","max-video-preview":"max-video-preview:-1"},"canonical":"https:\/\/dmimmobrokers.com\/fr\/litiges-civil-contentieux-droit\/","og_locale":"fr_FR","og_type":"article","og_title":"Droit du Contentieux Civil et Litiges en droit civil - DM Legal & Immobrokers","og_description":"DM Legal & Immobrokers, cabinet d'avocats internationaux sp\u00e9cialis\u00e9s en droit civil pour les clients francophones. Nous vous aidons avec vos r\u00e9clamations civiles et commerciales.","og_url":"https:\/\/dmimmobrokers.com\/fr\/litiges-civil-contentieux-droit\/","og_site_name":"dmimmobrokers","article_publisher":"https:\/\/www.facebook.com\/DM-Legal-Immobrokers-181574149126257\/","article_modified_time":"2020-04-21T07:38:16+00:00","twitter_card":"summary_large_image","twitter_misc":{"Dur\u00e9e de lecture estim\u00e9e":"4 minutes"},"schema":{"@context":"https:\/\/schema.org","@graph":[{"@type":"WebPage","@id":"https:\/\/dmimmobrokers.com\/fr\/litiges-civil-contentieux-droit\/","url":"https:\/\/dmimmobrokers.com\/fr\/litiges-civil-contentieux-droit\/","name":"Droit du Contentieux Civil et Litiges en droit civil - DM Legal & Immobrokers","isPartOf":{"@id":"https:\/\/dmimmobrokers.com\/fr\/#website"},"datePublished":"2018-01-15T09:50:25+00:00","dateModified":"2020-04-21T07:38:16+00:00","description":"DM Legal & Immobrokers, cabinet d'avocats internationaux sp\u00e9cialis\u00e9s en droit civil pour les clients francophones. Nous vous aidons avec vos r\u00e9clamations civiles et commerciales.","breadcrumb":{"@id":"https:\/\/dmimmobrokers.com\/fr\/litiges-civil-contentieux-droit\/#breadcrumb"},"inLanguage":"fr-FR","potentialAction":[{"@type":"ReadAction","target":["https:\/\/dmimmobrokers.com\/fr\/litiges-civil-contentieux-droit\/"]}]},{"@type":"BreadcrumbList","@id":"https:\/\/dmimmobrokers.com\/fr\/litiges-civil-contentieux-droit\/#breadcrumb","itemListElement":[{"@type":"ListItem","position":1,"name":"Portada","item":"https:\/\/dmimmobrokers.com\/fr\/"},{"@type":"ListItem","position":2,"name":"Contentieux Civil"}]},{"@type":"WebSite","@id":"https:\/\/dmimmobrokers.com\/fr\/#website","url":"https:\/\/dmimmobrokers.com\/fr\/","name":"dmimmobrokers","description":"Servicios legales inmobiliarios","potentialAction":[{"@type":"SearchAction","target":{"@type":"EntryPoint","urlTemplate":"https:\/\/dmimmobrokers.com\/fr\/?s={search_term_string}"},"query-input":{"@type":"PropertyValueSpecification","valueRequired":true,"valueName":"search_term_string"}}],"inLanguage":"fr-FR"}]}},"_links":{"self":[{"href":"https:\/\/dmimmobrokers.com\/fr\/wp-json\/wp\/v2\/pages\/1232","targetHints":{"allow":["GET"]}}],"collection":[{"href":"https:\/\/dmimmobrokers.com\/fr\/wp-json\/wp\/v2\/pages"}],"about":[{"href":"https:\/\/dmimmobrokers.com\/fr\/wp-json\/wp\/v2\/types\/page"}],"author":[{"embeddable":true,"href":"https:\/\/dmimmobrokers.com\/fr\/wp-json\/wp\/v2\/users\/1"}],"replies":[{"embeddable":true,"href":"https:\/\/dmimmobrokers.com\/fr\/wp-json\/wp\/v2\/comments?post=1232"}],"version-history":[{"count":8,"href":"https:\/\/dmimmobrokers.com\/fr\/wp-json\/wp\/v2\/pages\/1232\/revisions"}],"predecessor-version":[{"id":2689,"href":"https:\/\/dmimmobrokers.com\/fr\/wp-json\/wp\/v2\/pages\/1232\/revisions\/2689"}],"wp:attachment":[{"href":"https:\/\/dmimmobrokers.com\/fr\/wp-json\/wp\/v2\/media?parent=1232"}],"curies":[{"name":"wp","href":"https:\/\/api.w.org\/{rel}","templated":true}]}}