{"id":1224,"date":"2018-01-11T16:32:38","date_gmt":"2018-01-11T16:32:38","guid":{"rendered":"http:\/\/dmimmobrokers.com\/derecho-procesal\/"},"modified":"2020-04-21T09:57:02","modified_gmt":"2020-04-21T07:57:02","slug":"droit-du-contentieux","status":"publish","type":"page","link":"https:\/\/dmimmobrokers.com\/fr\/droit-du-contentieux\/","title":{"rendered":"Droit du contentieux"},"content":{"rendered":"<div class=\"wpb-content-wrapper\"><p>[vc_row css_animation=\u00a0\u00bb\u00a0\u00bb row_type=\u00a0\u00bbrow\u00a0\u00bb use_row_as_full_screen_section=\u00a0\u00bbno\u00a0\u00bb type=\u00a0\u00bbgrid\u00a0\u00bb angled_section=\u00a0\u00bbno\u00a0\u00bb text_align=\u00a0\u00bbleft\u00a0\u00bb background_image_as_pattern=\u00a0\u00bbwithout_pattern\u00a0\u00bb css=\u00a0\u00bb.vc_custom_1522837091249{padding-top: 50px !important;padding-bottom: 50px !important;}\u00a0\u00bb][vc_column][vc_column_text]<\/p>\n<h2 style=\"text-align: center;\">Le droit du contentieux est l&rsquo;ensemble des r\u00e8gles qui r\u00e9gissent le processus judiciaire, c&rsquo;est-\u00e0-dire qui r\u00e9git les exigences, le d\u00e9veloppement et les effets du processus.<\/h2>\n<p>[\/vc_column_text][\/vc_column][\/vc_row][vc_row css_animation=\u00a0\u00bb\u00a0\u00bb row_type=\u00a0\u00bbrow\u00a0\u00bb use_row_as_full_screen_section=\u00a0\u00bbno\u00a0\u00bb type=\u00a0\u00bbgrid\u00a0\u00bb angled_section=\u00a0\u00bbno\u00a0\u00bb text_align=\u00a0\u00bbleft\u00a0\u00bb background_image_as_pattern=\u00a0\u00bbwithout_pattern\u00a0\u00bb css=\u00a0\u00bb.vc_custom_1518539064819{padding-top: 50px !important;padding-bottom: 50px !important;}\u00a0\u00bb][vc_column width=\u00a0\u00bb1\/2&Prime;][vc_single_image image=\u00a0\u00bb511&Prime; alignment=\u00a0\u00bbcenter\u00a0\u00bb qode_css_animation=\u00a0\u00bb\u00a0\u00bb][vc_empty_space][vc_column_text el_class=\u00a0\u00bbjustify\u00a0\u00bb]<\/p>\n<h3 style=\"text-align: center;\">Contentieux civil<\/h3>\n<p>[\/vc_column_text][vc_empty_space height=\u00a0\u00bb20px\u00a0\u00bb][vc_column_text el_class=\u00a0\u00bbjustify\u00a0\u00bb]La \u00a0proc\u00e9dure civile est le droit qui englobe les processus initi\u00e9s ou pr\u00e9vus pour les personnes physiques, les r\u00e9clamations din\u00e9raires, les obligations de faire, tout litige entre personnes physiques r\u00e9glement\u00e9 par les principes du droit civil.[\/vc_column_text][\/vc_column][vc_column width=\u00a0\u00bb1\/2&Prime;][vc_single_image image=\u00a0\u00bb480&Prime; alignment=\u00a0\u00bbcenter\u00a0\u00bb qode_css_animation=\u00a0\u00bb\u00a0\u00bb][vc_empty_space][vc_column_text el_class=\u00a0\u00bbjustify\u00a0\u00bb]<\/p>\n<h3 style=\"text-align: center;\">Contentieux commercial<\/h3>\n<p>[\/vc_column_text][vc_empty_space height=\u00a0\u00bb20px\u00a0\u00bb][vc_column_text el_class=\u00a0\u00bbjustify\u00a0\u00bb]Ces proc\u00e9dures sont celles qui impliquent essentiellement des personnes morales, des entreprises. Nous pouvons citer le droit de la faillite, les r\u00e9clamations commerciales, les r\u00e9clamations d&rsquo;entreprises, les litiges r\u00e9glement\u00e9s essentiellement par le droit commercial.[\/vc_column_text][\/vc_column][\/vc_row][vc_row css_animation=\u00a0\u00bb\u00a0\u00bb row_type=\u00a0\u00bbrow\u00a0\u00bb use_row_as_full_screen_section=\u00a0\u00bbno\u00a0\u00bb type=\u00a0\u00bbgrid\u00a0\u00bb angled_section=\u00a0\u00bbno\u00a0\u00bb text_align=\u00a0\u00bbleft\u00a0\u00bb background_image_as_pattern=\u00a0\u00bbwithout_pattern\u00a0\u00bb css=\u00a0\u00bb.vc_custom_1518540528530{padding-top: 50px !important;padding-bottom: 50px !important;background-color: #ffffff !important;}\u00a0\u00bb][vc_column]<blockquote class=' with_quote_icon' style=''><i class='fa fa-quote-right' style=''><\/i><h5 class='blockquote-text' style=''>DM Legal &amp; Immobrokers est la solution adapt\u00e9e \u00e0 tout probl\u00e8me juridique dans nos domaines de sp\u00e9cialit\u00e9<\/h5><\/blockquote>[\/vc_column][\/vc_row][vc_row css_animation=\u00a0\u00bb\u00a0\u00bb row_type=\u00a0\u00bbrow\u00a0\u00bb use_row_as_full_screen_section=\u00a0\u00bbno\u00a0\u00bb type=\u00a0\u00bbgrid\u00a0\u00bb angled_section=\u00a0\u00bbno\u00a0\u00bb text_align=\u00a0\u00bbleft\u00a0\u00bb background_image_as_pattern=\u00a0\u00bbwithout_pattern\u00a0\u00bb css=\u00a0\u00bb.vc_custom_1516872753060{padding-top: 50px !important;padding-bottom: 50px !important;}\u00a0\u00bb][vc_column width=\u00a0\u00bb1\/2&Prime;][vc_single_image image=\u00a0\u00bb499&Prime; alignment=\u00a0\u00bbcenter\u00a0\u00bb qode_css_animation=\u00a0\u00bb\u00a0\u00bb][vc_empty_space][vc_column_text el_class=\u00a0\u00bbjustify\u00a0\u00bb]<\/p>\n<h3 style=\"text-align: center;\">Droit de la famille<\/h3>\n<p>[\/vc_column_text][vc_empty_space height=\u00a0\u00bb20px\u00a0\u00bb][vc_column_text el_class=\u00a0\u00bbjustify\u00a0\u00bb]Le droit de la famille est une branche sp\u00e9cifique de la proc\u00e9dure civile dans laquelle nous incluons les services li\u00e9s aux ruptures familiales, le degr\u00e9 de capacit\u00e9 des personnes physiques (protection judiciaire, curatelle, etc.) et les successions.[\/vc_column_text][\/vc_column][vc_column width=\u00a0\u00bb1\/2&Prime;][vc_single_image image=\u00a0\u00bb512&Prime; alignment=\u00a0\u00bbcenter\u00a0\u00bb qode_css_animation=\u00a0\u00bb\u00a0\u00bb][vc_empty_space][vc_column_text el_class=\u00a0\u00bbjustify\u00a0\u00bb]<\/p>\n<h3 style=\"text-align: center;\">Contentieux p\u00e9nal<\/h3>\n<p>[\/vc_column_text][vc_empty_space height=\u00a0\u00bb20px\u00a0\u00bb][vc_column_text el_class=\u00a0\u00bbjustify\u00a0\u00bb]Le droit p\u00e9nal est un domaine tr\u00e8s vaste dans lequel plusieurs branches coexistent. Notre cabinet, malgr\u00e9 la ma\u00eetrise de tout type de proc\u00e9dure p\u00e9nale, est essentiellement sp\u00e9cialis\u00e9 dans les proc\u00e9dures p\u00e9nales \u00e9conomiques.[\/vc_column_text][\/vc_column][\/vc_row][vc_row css_animation=\u00a0\u00bb\u00a0\u00bb row_type=\u00a0\u00bbrow\u00a0\u00bb use_row_as_full_screen_section=\u00a0\u00bbno\u00a0\u00bb type=\u00a0\u00bbgrid\u00a0\u00bb angled_section=\u00a0\u00bbno\u00a0\u00bb text_align=\u00a0\u00bbleft\u00a0\u00bb background_image_as_pattern=\u00a0\u00bbwithout_pattern\u00a0\u00bb css=\u00a0\u00bb.vc_custom_1518540455410{padding-top: 50px !important;padding-bottom: 50px !important;background-color: #ffffff !important;}\u00a0\u00bb][vc_column width=\u00a0\u00bb1\/3&Prime;][vc_column_text]<\/p>\n<h2 style=\"text-align: center;\">Nous garantissons une attention personnelle dans toutes les affaires qui nous sont confi\u00e9es<\/h2>\n<p>[\/vc_column_text][\/vc_column][vc_column width=\u00a0\u00bb1\/3&Prime;][vc_column_text]<\/p>\n<h2 style=\"text-align: center;\">L&rsquo;excellence et l&rsquo;attention au d\u00e9tail sont nos principes les plus fondamentaux dans tous les types de questions et pour tous les types de clients<\/h2>\n<p>[\/vc_column_text][\/vc_column][vc_column width=\u00a0\u00bb1\/3&Prime;][vc_column_text]<\/p>\n<h2 style=\"text-align: center;\">Nous innovons pour influencer et aider \u00e0 am\u00e9liorer et transformer les affaires, les activit\u00e9s et les int\u00e9r\u00eats de nos clients<\/h2>\n<p>[\/vc_column_text][\/vc_column][\/vc_row]<\/p>\n<\/div>","protected":false},"excerpt":{"rendered":"<p>[vc_row css_animation=\u00a0\u00bb\u00a0\u00bb row_type=\u00a0\u00bbrow\u00a0\u00bb use_row_as_full_screen_section=\u00a0\u00bbno\u00a0\u00bb type=\u00a0\u00bbgrid\u00a0\u00bb angled_section=\u00a0\u00bbno\u00a0\u00bb text_align=\u00a0\u00bbleft\u00a0\u00bb background_image_as_pattern=\u00a0\u00bbwithout_pattern\u00a0\u00bb css=\u00a0\u00bb.vc_custom_1522837091249{padding-top: 50px !important;padding-bottom: 50px !important;}\u00a0\u00bb][vc_column][vc_column_text] Le droit du contentieux est l&rsquo;ensemble des r\u00e8gles qui r\u00e9gissent le processus judiciaire, c&rsquo;est-\u00e0-dire qui r\u00e9git les exigences, le d\u00e9veloppement et les effets du processus. [\/vc_column_text][\/vc_column][\/vc_row][vc_row css_animation=\u00a0\u00bb\u00a0\u00bb row_type=\u00a0\u00bbrow\u00a0\u00bb use_row_as_full_screen_section=\u00a0\u00bbno\u00a0\u00bb type=\u00a0\u00bbgrid\u00a0\u00bb angled_section=\u00a0\u00bbno\u00a0\u00bb text_align=\u00a0\u00bbleft\u00a0\u00bb&#8230;<\/p>\n","protected":false},"author":1,"featured_media":0,"parent":0,"menu_order":0,"comment_status":"closed","ping_status":"closed","template":"full_width.php","meta":{"footnotes":""},"class_list":["post-1224","page","type-page","status-publish","hentry"],"yoast_head":"<!-- This site is optimized with the Yoast SEO plugin v27.1.1 - https:\/\/yoast.com\/product\/yoast-seo-wordpress\/ -->\n<title>Droit du contentieux et Litiges - DM Legal &amp; Immobrokers<\/title>\n<meta name=\"description\" content=\"DM Legal &amp; Immobrokers est un cabinet avec des avocats internationaux sp\u00e9cialis\u00e9s en droit du contentieux pour les clients francophones, anglophones et hispanophones. Nous vous aidons avec vos r\u00e9clamations l\u00e9gales et judiciaires. Contactez-nous maintenant T\u00e9l: 674 75 18 13 ou par courriel: info@dmimmobrokers.com.\" \/>\n<meta name=\"robots\" content=\"index, follow, max-snippet:-1, max-image-preview:large, max-video-preview:-1\" \/>\n<link rel=\"canonical\" href=\"https:\/\/dmimmobrokers.com\/fr\/droit-du-contentieux\/\" \/>\n<meta property=\"og:locale\" content=\"fr_FR\" \/>\n<meta property=\"og:type\" content=\"article\" \/>\n<meta property=\"og:title\" content=\"Droit du contentieux et Litiges - DM Legal &amp; Immobrokers\" \/>\n<meta property=\"og:description\" content=\"DM Legal &amp; Immobrokers est un cabinet avec des avocats internationaux sp\u00e9cialis\u00e9s en droit du contentieux pour les clients francophones, anglophones et hispanophones. Nous vous aidons avec vos r\u00e9clamations l\u00e9gales et judiciaires. Contactez-nous maintenant T\u00e9l: 674 75 18 13 ou par courriel: info@dmimmobrokers.com.\" \/>\n<meta property=\"og:url\" content=\"https:\/\/dmimmobrokers.com\/fr\/droit-du-contentieux\/\" \/>\n<meta property=\"og:site_name\" content=\"dmimmobrokers\" \/>\n<meta property=\"article:publisher\" content=\"https:\/\/www.facebook.com\/DM-Legal-Immobrokers-181574149126257\/\" \/>\n<meta property=\"article:modified_time\" content=\"2020-04-21T07:57:02+00:00\" \/>\n<meta name=\"twitter:card\" content=\"summary_large_image\" \/>\n<meta name=\"twitter:label1\" content=\"Dur\u00e9e de lecture estim\u00e9e\" \/>\n\t<meta name=\"twitter:data1\" content=\"3 minutes\" \/>\n<script type=\"application\/ld+json\" class=\"yoast-schema-graph\">{\"@context\":\"https:\/\/schema.org\",\"@graph\":[{\"@type\":\"WebPage\",\"@id\":\"https:\/\/dmimmobrokers.com\/fr\/droit-du-contentieux\/\",\"url\":\"https:\/\/dmimmobrokers.com\/fr\/droit-du-contentieux\/\",\"name\":\"Droit du contentieux et Litiges - DM Legal & Immobrokers\",\"isPartOf\":{\"@id\":\"https:\/\/dmimmobrokers.com\/fr\/#website\"},\"datePublished\":\"2018-01-11T16:32:38+00:00\",\"dateModified\":\"2020-04-21T07:57:02+00:00\",\"description\":\"DM Legal & Immobrokers est un cabinet avec des avocats internationaux sp\u00e9cialis\u00e9s en droit du contentieux pour les clients francophones, anglophones et hispanophones. Nous vous aidons avec vos r\u00e9clamations l\u00e9gales et judiciaires. Contactez-nous maintenant T\u00e9l: 674 75 18 13 ou par courriel: info@dmimmobrokers.com.\",\"breadcrumb\":{\"@id\":\"https:\/\/dmimmobrokers.com\/fr\/droit-du-contentieux\/#breadcrumb\"},\"inLanguage\":\"fr-FR\",\"potentialAction\":[{\"@type\":\"ReadAction\",\"target\":[\"https:\/\/dmimmobrokers.com\/fr\/droit-du-contentieux\/\"]}]},{\"@type\":\"BreadcrumbList\",\"@id\":\"https:\/\/dmimmobrokers.com\/fr\/droit-du-contentieux\/#breadcrumb\",\"itemListElement\":[{\"@type\":\"ListItem\",\"position\":1,\"name\":\"Portada\",\"item\":\"https:\/\/dmimmobrokers.com\/fr\/\"},{\"@type\":\"ListItem\",\"position\":2,\"name\":\"Droit du contentieux\"}]},{\"@type\":\"WebSite\",\"@id\":\"https:\/\/dmimmobrokers.com\/fr\/#website\",\"url\":\"https:\/\/dmimmobrokers.com\/fr\/\",\"name\":\"dmimmobrokers\",\"description\":\"Servicios legales inmobiliarios\",\"potentialAction\":[{\"@type\":\"SearchAction\",\"target\":{\"@type\":\"EntryPoint\",\"urlTemplate\":\"https:\/\/dmimmobrokers.com\/fr\/?s={search_term_string}\"},\"query-input\":{\"@type\":\"PropertyValueSpecification\",\"valueRequired\":true,\"valueName\":\"search_term_string\"}}],\"inLanguage\":\"fr-FR\"}]}<\/script>\n<!-- \/ Yoast SEO plugin. -->","yoast_head_json":{"title":"Droit du contentieux et Litiges - DM Legal & Immobrokers","description":"DM Legal & Immobrokers est un cabinet avec des avocats internationaux sp\u00e9cialis\u00e9s en droit du contentieux pour les clients francophones, anglophones et hispanophones. Nous vous aidons avec vos r\u00e9clamations l\u00e9gales et judiciaires. Contactez-nous maintenant T\u00e9l: 674 75 18 13 ou par courriel: info@dmimmobrokers.com.","robots":{"index":"index","follow":"follow","max-snippet":"max-snippet:-1","max-image-preview":"max-image-preview:large","max-video-preview":"max-video-preview:-1"},"canonical":"https:\/\/dmimmobrokers.com\/fr\/droit-du-contentieux\/","og_locale":"fr_FR","og_type":"article","og_title":"Droit du contentieux et Litiges - DM Legal & Immobrokers","og_description":"DM Legal & Immobrokers est un cabinet avec des avocats internationaux sp\u00e9cialis\u00e9s en droit du contentieux pour les clients francophones, anglophones et hispanophones. Nous vous aidons avec vos r\u00e9clamations l\u00e9gales et judiciaires. Contactez-nous maintenant T\u00e9l: 674 75 18 13 ou par courriel: info@dmimmobrokers.com.","og_url":"https:\/\/dmimmobrokers.com\/fr\/droit-du-contentieux\/","og_site_name":"dmimmobrokers","article_publisher":"https:\/\/www.facebook.com\/DM-Legal-Immobrokers-181574149126257\/","article_modified_time":"2020-04-21T07:57:02+00:00","twitter_card":"summary_large_image","twitter_misc":{"Dur\u00e9e de lecture estim\u00e9e":"3 minutes"},"schema":{"@context":"https:\/\/schema.org","@graph":[{"@type":"WebPage","@id":"https:\/\/dmimmobrokers.com\/fr\/droit-du-contentieux\/","url":"https:\/\/dmimmobrokers.com\/fr\/droit-du-contentieux\/","name":"Droit du contentieux et Litiges - DM Legal & Immobrokers","isPartOf":{"@id":"https:\/\/dmimmobrokers.com\/fr\/#website"},"datePublished":"2018-01-11T16:32:38+00:00","dateModified":"2020-04-21T07:57:02+00:00","description":"DM Legal & Immobrokers est un cabinet avec des avocats internationaux sp\u00e9cialis\u00e9s en droit du contentieux pour les clients francophones, anglophones et hispanophones. Nous vous aidons avec vos r\u00e9clamations l\u00e9gales et judiciaires. Contactez-nous maintenant T\u00e9l: 674 75 18 13 ou par courriel: info@dmimmobrokers.com.","breadcrumb":{"@id":"https:\/\/dmimmobrokers.com\/fr\/droit-du-contentieux\/#breadcrumb"},"inLanguage":"fr-FR","potentialAction":[{"@type":"ReadAction","target":["https:\/\/dmimmobrokers.com\/fr\/droit-du-contentieux\/"]}]},{"@type":"BreadcrumbList","@id":"https:\/\/dmimmobrokers.com\/fr\/droit-du-contentieux\/#breadcrumb","itemListElement":[{"@type":"ListItem","position":1,"name":"Portada","item":"https:\/\/dmimmobrokers.com\/fr\/"},{"@type":"ListItem","position":2,"name":"Droit du contentieux"}]},{"@type":"WebSite","@id":"https:\/\/dmimmobrokers.com\/fr\/#website","url":"https:\/\/dmimmobrokers.com\/fr\/","name":"dmimmobrokers","description":"Servicios legales inmobiliarios","potentialAction":[{"@type":"SearchAction","target":{"@type":"EntryPoint","urlTemplate":"https:\/\/dmimmobrokers.com\/fr\/?s={search_term_string}"},"query-input":{"@type":"PropertyValueSpecification","valueRequired":true,"valueName":"search_term_string"}}],"inLanguage":"fr-FR"}]}},"_links":{"self":[{"href":"https:\/\/dmimmobrokers.com\/fr\/wp-json\/wp\/v2\/pages\/1224","targetHints":{"allow":["GET"]}}],"collection":[{"href":"https:\/\/dmimmobrokers.com\/fr\/wp-json\/wp\/v2\/pages"}],"about":[{"href":"https:\/\/dmimmobrokers.com\/fr\/wp-json\/wp\/v2\/types\/page"}],"author":[{"embeddable":true,"href":"https:\/\/dmimmobrokers.com\/fr\/wp-json\/wp\/v2\/users\/1"}],"replies":[{"embeddable":true,"href":"https:\/\/dmimmobrokers.com\/fr\/wp-json\/wp\/v2\/comments?post=1224"}],"version-history":[{"count":7,"href":"https:\/\/dmimmobrokers.com\/fr\/wp-json\/wp\/v2\/pages\/1224\/revisions"}],"predecessor-version":[{"id":2697,"href":"https:\/\/dmimmobrokers.com\/fr\/wp-json\/wp\/v2\/pages\/1224\/revisions\/2697"}],"wp:attachment":[{"href":"https:\/\/dmimmobrokers.com\/fr\/wp-json\/wp\/v2\/media?parent=1224"}],"curies":[{"name":"wp","href":"https:\/\/api.w.org\/{rel}","templated":true}]}}