{"id":1206,"date":"2017-12-05T12:10:44","date_gmt":"2017-12-05T12:10:44","guid":{"rendered":"http:\/\/dmimmobrokers.com\/derecho-inmobiliario\/"},"modified":"2020-04-21T10:09:55","modified_gmt":"2020-04-21T08:09:55","slug":"droit-immobilier","status":"publish","type":"page","link":"https:\/\/dmimmobrokers.com\/fr\/droit-immobilier\/","title":{"rendered":"Droit Immobilier"},"content":{"rendered":"<div class=\"wpb-content-wrapper\"><p>[vc_row css_animation=\u00a0\u00bb\u00a0\u00bb row_type=\u00a0\u00bbrow\u00a0\u00bb use_row_as_full_screen_section=\u00a0\u00bbno\u00a0\u00bb type=\u00a0\u00bbgrid\u00a0\u00bb angled_section=\u00a0\u00bbno\u00a0\u00bb text_align=\u00a0\u00bbleft\u00a0\u00bb background_image_as_pattern=\u00a0\u00bbwithout_pattern\u00a0\u00bb css=\u00a0\u00bb.vc_custom_1519147451668{padding-top: 50px !important;padding-bottom: 50px !important;background-color: #ffffff !important;}\u00a0\u00bb][vc_column][vc_column_text]<\/p>\n<h2 style=\"text-align: center;\">Le Droit immobilier est l&rsquo;ensemble des r\u00e8gles qui affectent l&rsquo;immobilier, r\u00e9glant des questions telles que la propri\u00e9t\u00e9, les droits r\u00e9els, et les affaires juridiques les concernant: contrats d&rsquo;acquisition, vente, multipropri\u00e9t\u00e9, location, par exemple. Il comprend \u00e9galement des questions li\u00e9es \u00e0 la gestion des biens immobiliers tels que les licences urbaines, les permis de construire ou les communaut\u00e9s de propri\u00e9taires, ainsi que les normes d&rsquo;urbanisme.<\/h2>\n<p>[\/vc_column_text][\/vc_column][\/vc_row][vc_row css_animation=\u00a0\u00bb\u00a0\u00bb row_type=\u00a0\u00bbrow\u00a0\u00bb use_row_as_full_screen_section=\u00a0\u00bbno\u00a0\u00bb type=\u00a0\u00bbgrid\u00a0\u00bb angled_section=\u00a0\u00bbno\u00a0\u00bb text_align=\u00a0\u00bbleft\u00a0\u00bb background_image_as_pattern=\u00a0\u00bbwithout_pattern\u00a0\u00bb background_color=\u00a0\u00bb#ffffff\u00a0\u00bb css=\u00a0\u00bb.vc_custom_1519147475050{padding-top: 50px !important;padding-bottom: 50px !important;}\u00a0\u00bb][vc_column width=\u00a0\u00bb1\/2&Prime;][vc_column_text el_class=\u00a0\u00bbjustify\u00a0\u00bb]<\/p>\n<h2>Nos services<\/h2>\n<p>[\/vc_column_text][vc_empty_space height=\u00a0\u00bb15px\u00a0\u00bb][vc_column_text el_class=\u00a0\u00bbjustify\u00a0\u00bb]Dans notre \u00e9quipe, nous avons des professionnels fran\u00e7ais et espagnols qui ma\u00eetrisent \u00e9galement la langue anglaise. En outre, avec l&rsquo;\u00e9quipe de droit du contentieux, nous avons consolid\u00e9 une pratique sp\u00e9ciale dans les proc\u00e9dures judiciaires li\u00e9es \u00e0 l&rsquo;immobilier, aussi complexe que l&rsquo;ex\u00e9cution des biens immobiliers dans les proc\u00e9dures de faillite, contrats et hypoth\u00e8ques, etc.[\/vc_column_text][\/vc_column][vc_column width=\u00a0\u00bb1\/2&Prime;][vc_column_text el_class=\u00a0\u00bbjustify\u00a0\u00bb]<\/p>\n<h2>Nos points forts<\/h2>\n<p>[\/vc_column_text][vc_empty_space height=\u00a0\u00bb15px\u00a0\u00bb][vc_column_text el_class=\u00a0\u00bbjustify\u00a0\u00bb]Notre \u00e9quipe de droit immobilier est form\u00e9e d&rsquo;avocats ayant une formation et une exp\u00e9rience h\u00e9t\u00e9rog\u00e8nes et internationales, ce qui nous permet d&rsquo;offrir un service complet dans ce domaine aux particuliers, promoteurs immobiliers, banques, fonds d&rsquo;investissement, investisseurs non r\u00e9sidents, avocats francophones ou Anglophones.[\/vc_column_text][\/vc_column][\/vc_row][vc_row css_animation=\u00a0\u00bb\u00a0\u00bb row_type=\u00a0\u00bbrow\u00a0\u00bb use_row_as_full_screen_section=\u00a0\u00bbno\u00a0\u00bb type=\u00a0\u00bbgrid\u00a0\u00bb angled_section=\u00a0\u00bbno\u00a0\u00bb text_align=\u00a0\u00bbleft\u00a0\u00bb background_image_as_pattern=\u00a0\u00bbwithout_pattern\u00a0\u00bb css=\u00a0\u00bb.vc_custom_1519147506146{padding-top: 50px !important;padding-bottom: 50px !important;background-color: #ffffff !important;}\u00a0\u00bb][vc_column width=\u00a0\u00bb1\/2&Prime;][vc_empty_space height=\u00a0\u00bb80px\u00a0\u00bb][vc_column_text el_class=\u00a0\u00bbjustify\u00a0\u00bb]<\/p>\n<h3>Dans notre travail nous nous concentrons essentiellement sur:<\/h3>\n<p>[\/vc_column_text][vc_empty_space height=\u00a0\u00bb15px\u00a0\u00bb][vc_column_text el_class=\u00a0\u00bbjustify\u00a0\u00bb]<\/p>\n<ul>\n<li>Pr\u00e9paration et r\u00e9vision des contrats de vente.<\/li>\n<li>\u00c9tude du statut juridique de la propri\u00e9t\u00e9.<\/li>\n<li>Transmissions de propri\u00e9t\u00e9s.<\/li>\n<li>Constitution de SCI.<\/li>\n<li>S\u00e9paration des biens en cas de divorce.<\/li>\n<li>Financement et pr\u00e9paration des hypoth\u00e8ques.<\/li>\n<li>Contr\u00f4le l\u00e9gal en mati\u00e8re de construction.<\/li>\n<li>Comparutions chez les notaires et les registres de la propri\u00e9t\u00e9.<\/li>\n<li>Contentieux.<\/li>\n<\/ul>\n<p>[\/vc_column_text][\/vc_column][vc_column width=\u00a0\u00bb1\/2&Prime;][vc_single_image image=\u00a0\u00bb261&Prime; img_size=\u00a0\u00bbfull\u00a0\u00bb alignment=\u00a0\u00bbcenter\u00a0\u00bb style=\u00a0\u00bbvc_box_border\u00a0\u00bb qode_css_animation=\u00a0\u00bb\u00a0\u00bb][\/vc_column][\/vc_row][vc_row css_animation=\u00a0\u00bb\u00a0\u00bb row_type=\u00a0\u00bbrow\u00a0\u00bb use_row_as_full_screen_section=\u00a0\u00bbno\u00a0\u00bb type=\u00a0\u00bbgrid\u00a0\u00bb angled_section=\u00a0\u00bbno\u00a0\u00bb text_align=\u00a0\u00bbleft\u00a0\u00bb background_image_as_pattern=\u00a0\u00bbwithout_pattern\u00a0\u00bb css=\u00a0\u00bb.vc_custom_1519147518257{padding-top: 50px !important;padding-bottom: 50px !important;}\u00a0\u00bb][vc_column]<blockquote class=' with_quote_icon' style=''><i class='fa fa-quote-right' style=''><\/i><h5 class='blockquote-text' style=''>Apr\u00e8s plus de 10 ans de conseil aux \u00e9trangers, nous avons r\u00e9ussi \u00e0 mieux comprendre les besoins de nos clients<\/h5><\/blockquote>[\/vc_column][\/vc_row]<\/p>\n<\/div>","protected":false},"excerpt":{"rendered":"<p>[vc_row css_animation=\u00a0\u00bb\u00a0\u00bb row_type=\u00a0\u00bbrow\u00a0\u00bb use_row_as_full_screen_section=\u00a0\u00bbno\u00a0\u00bb type=\u00a0\u00bbgrid\u00a0\u00bb angled_section=\u00a0\u00bbno\u00a0\u00bb text_align=\u00a0\u00bbleft\u00a0\u00bb background_image_as_pattern=\u00a0\u00bbwithout_pattern\u00a0\u00bb css=\u00a0\u00bb.vc_custom_1519147451668{padding-top: 50px !important;padding-bottom: 50px !important;background-color: #ffffff !important;}\u00a0\u00bb][vc_column][vc_column_text] Le Droit immobilier est l&rsquo;ensemble des r\u00e8gles qui affectent l&rsquo;immobilier, r\u00e9glant des questions telles que la propri\u00e9t\u00e9, les droits r\u00e9els, et les affaires juridiques les concernant: contrats d&rsquo;acquisition, vente, multipropri\u00e9t\u00e9,&#8230;<\/p>\n","protected":false},"author":1,"featured_media":0,"parent":0,"menu_order":0,"comment_status":"closed","ping_status":"closed","template":"full_width.php","meta":{"footnotes":""},"class_list":["post-1206","page","type-page","status-publish","hentry"],"yoast_head":"<!-- This site is optimized with the Yoast SEO plugin v27.1.1 - https:\/\/yoast.com\/product\/yoast-seo-wordpress\/ -->\n<title>Droit Immobilier - Avocat immobilier Fran\u00e7ais en Espagne<\/title>\n<meta name=\"description\" content=\"DM Legal &amp; Immobrokers est un cabinet d&#039;avocats international sp\u00e9cialis\u00e9 en droit immobilier et hypoth\u00e9caire pour les clients francophones, anglophones et hispanophones. Nous vous aidons avec vos achats, contrats et hypoth\u00e8ques. Contactez-nous maintenant T\u00e9l: 674 75 18 13 ou par courriel: info@dmimmobrokers.com.\" \/>\n<meta name=\"robots\" content=\"index, follow, max-snippet:-1, max-image-preview:large, max-video-preview:-1\" \/>\n<link rel=\"canonical\" href=\"https:\/\/dmimmobrokers.com\/fr\/droit-immobilier\/\" \/>\n<meta property=\"og:locale\" content=\"fr_FR\" \/>\n<meta property=\"og:type\" content=\"article\" \/>\n<meta property=\"og:title\" content=\"Droit Immobilier - Avocat immobilier Fran\u00e7ais en Espagne\" \/>\n<meta property=\"og:description\" content=\"DM Legal &amp; Immobrokers est un cabinet d&#039;avocats international sp\u00e9cialis\u00e9 en droit immobilier et hypoth\u00e9caire pour les clients francophones, anglophones et hispanophones. Nous vous aidons avec vos achats, contrats et hypoth\u00e8ques. Contactez-nous maintenant T\u00e9l: 674 75 18 13 ou par courriel: info@dmimmobrokers.com.\" \/>\n<meta property=\"og:url\" content=\"https:\/\/dmimmobrokers.com\/fr\/droit-immobilier\/\" \/>\n<meta property=\"og:site_name\" content=\"dmimmobrokers\" \/>\n<meta property=\"article:publisher\" content=\"https:\/\/www.facebook.com\/DM-Legal-Immobrokers-181574149126257\/\" \/>\n<meta property=\"article:modified_time\" content=\"2020-04-21T08:09:55+00:00\" \/>\n<meta name=\"twitter:card\" content=\"summary_large_image\" \/>\n<meta name=\"twitter:label1\" content=\"Dur\u00e9e de lecture estim\u00e9e\" \/>\n\t<meta name=\"twitter:data1\" content=\"3 minutes\" \/>\n<script type=\"application\/ld+json\" class=\"yoast-schema-graph\">{\"@context\":\"https:\/\/schema.org\",\"@graph\":[{\"@type\":\"WebPage\",\"@id\":\"https:\/\/dmimmobrokers.com\/fr\/droit-immobilier\/\",\"url\":\"https:\/\/dmimmobrokers.com\/fr\/droit-immobilier\/\",\"name\":\"Droit Immobilier - Avocat immobilier Fran\u00e7ais en Espagne\",\"isPartOf\":{\"@id\":\"https:\/\/dmimmobrokers.com\/fr\/#website\"},\"datePublished\":\"2017-12-05T12:10:44+00:00\",\"dateModified\":\"2020-04-21T08:09:55+00:00\",\"description\":\"DM Legal & Immobrokers est un cabinet d'avocats international sp\u00e9cialis\u00e9 en droit immobilier et hypoth\u00e9caire pour les clients francophones, anglophones et hispanophones. Nous vous aidons avec vos achats, contrats et hypoth\u00e8ques. Contactez-nous maintenant T\u00e9l: 674 75 18 13 ou par courriel: info@dmimmobrokers.com.\",\"breadcrumb\":{\"@id\":\"https:\/\/dmimmobrokers.com\/fr\/droit-immobilier\/#breadcrumb\"},\"inLanguage\":\"fr-FR\",\"potentialAction\":[{\"@type\":\"ReadAction\",\"target\":[\"https:\/\/dmimmobrokers.com\/fr\/droit-immobilier\/\"]}]},{\"@type\":\"BreadcrumbList\",\"@id\":\"https:\/\/dmimmobrokers.com\/fr\/droit-immobilier\/#breadcrumb\",\"itemListElement\":[{\"@type\":\"ListItem\",\"position\":1,\"name\":\"Portada\",\"item\":\"https:\/\/dmimmobrokers.com\/fr\/\"},{\"@type\":\"ListItem\",\"position\":2,\"name\":\"Droit Immobilier\"}]},{\"@type\":\"WebSite\",\"@id\":\"https:\/\/dmimmobrokers.com\/fr\/#website\",\"url\":\"https:\/\/dmimmobrokers.com\/fr\/\",\"name\":\"dmimmobrokers\",\"description\":\"Servicios legales inmobiliarios\",\"potentialAction\":[{\"@type\":\"SearchAction\",\"target\":{\"@type\":\"EntryPoint\",\"urlTemplate\":\"https:\/\/dmimmobrokers.com\/fr\/?s={search_term_string}\"},\"query-input\":{\"@type\":\"PropertyValueSpecification\",\"valueRequired\":true,\"valueName\":\"search_term_string\"}}],\"inLanguage\":\"fr-FR\"}]}<\/script>\n<!-- \/ Yoast SEO plugin. -->","yoast_head_json":{"title":"Droit Immobilier - Avocat immobilier Fran\u00e7ais en Espagne","description":"DM Legal & Immobrokers est un cabinet d'avocats international sp\u00e9cialis\u00e9 en droit immobilier et hypoth\u00e9caire pour les clients francophones, anglophones et hispanophones. Nous vous aidons avec vos achats, contrats et hypoth\u00e8ques. Contactez-nous maintenant T\u00e9l: 674 75 18 13 ou par courriel: info@dmimmobrokers.com.","robots":{"index":"index","follow":"follow","max-snippet":"max-snippet:-1","max-image-preview":"max-image-preview:large","max-video-preview":"max-video-preview:-1"},"canonical":"https:\/\/dmimmobrokers.com\/fr\/droit-immobilier\/","og_locale":"fr_FR","og_type":"article","og_title":"Droit Immobilier - Avocat immobilier Fran\u00e7ais en Espagne","og_description":"DM Legal & Immobrokers est un cabinet d'avocats international sp\u00e9cialis\u00e9 en droit immobilier et hypoth\u00e9caire pour les clients francophones, anglophones et hispanophones. Nous vous aidons avec vos achats, contrats et hypoth\u00e8ques. Contactez-nous maintenant T\u00e9l: 674 75 18 13 ou par courriel: info@dmimmobrokers.com.","og_url":"https:\/\/dmimmobrokers.com\/fr\/droit-immobilier\/","og_site_name":"dmimmobrokers","article_publisher":"https:\/\/www.facebook.com\/DM-Legal-Immobrokers-181574149126257\/","article_modified_time":"2020-04-21T08:09:55+00:00","twitter_card":"summary_large_image","twitter_misc":{"Dur\u00e9e de lecture estim\u00e9e":"3 minutes"},"schema":{"@context":"https:\/\/schema.org","@graph":[{"@type":"WebPage","@id":"https:\/\/dmimmobrokers.com\/fr\/droit-immobilier\/","url":"https:\/\/dmimmobrokers.com\/fr\/droit-immobilier\/","name":"Droit Immobilier - Avocat immobilier Fran\u00e7ais en Espagne","isPartOf":{"@id":"https:\/\/dmimmobrokers.com\/fr\/#website"},"datePublished":"2017-12-05T12:10:44+00:00","dateModified":"2020-04-21T08:09:55+00:00","description":"DM Legal & Immobrokers est un cabinet d'avocats international sp\u00e9cialis\u00e9 en droit immobilier et hypoth\u00e9caire pour les clients francophones, anglophones et hispanophones. Nous vous aidons avec vos achats, contrats et hypoth\u00e8ques. Contactez-nous maintenant T\u00e9l: 674 75 18 13 ou par courriel: info@dmimmobrokers.com.","breadcrumb":{"@id":"https:\/\/dmimmobrokers.com\/fr\/droit-immobilier\/#breadcrumb"},"inLanguage":"fr-FR","potentialAction":[{"@type":"ReadAction","target":["https:\/\/dmimmobrokers.com\/fr\/droit-immobilier\/"]}]},{"@type":"BreadcrumbList","@id":"https:\/\/dmimmobrokers.com\/fr\/droit-immobilier\/#breadcrumb","itemListElement":[{"@type":"ListItem","position":1,"name":"Portada","item":"https:\/\/dmimmobrokers.com\/fr\/"},{"@type":"ListItem","position":2,"name":"Droit Immobilier"}]},{"@type":"WebSite","@id":"https:\/\/dmimmobrokers.com\/fr\/#website","url":"https:\/\/dmimmobrokers.com\/fr\/","name":"dmimmobrokers","description":"Servicios legales inmobiliarios","potentialAction":[{"@type":"SearchAction","target":{"@type":"EntryPoint","urlTemplate":"https:\/\/dmimmobrokers.com\/fr\/?s={search_term_string}"},"query-input":{"@type":"PropertyValueSpecification","valueRequired":true,"valueName":"search_term_string"}}],"inLanguage":"fr-FR"}]}},"_links":{"self":[{"href":"https:\/\/dmimmobrokers.com\/fr\/wp-json\/wp\/v2\/pages\/1206","targetHints":{"allow":["GET"]}}],"collection":[{"href":"https:\/\/dmimmobrokers.com\/fr\/wp-json\/wp\/v2\/pages"}],"about":[{"href":"https:\/\/dmimmobrokers.com\/fr\/wp-json\/wp\/v2\/types\/page"}],"author":[{"embeddable":true,"href":"https:\/\/dmimmobrokers.com\/fr\/wp-json\/wp\/v2\/users\/1"}],"replies":[{"embeddable":true,"href":"https:\/\/dmimmobrokers.com\/fr\/wp-json\/wp\/v2\/comments?post=1206"}],"version-history":[{"count":4,"href":"https:\/\/dmimmobrokers.com\/fr\/wp-json\/wp\/v2\/pages\/1206\/revisions"}],"predecessor-version":[{"id":2703,"href":"https:\/\/dmimmobrokers.com\/fr\/wp-json\/wp\/v2\/pages\/1206\/revisions\/2703"}],"wp:attachment":[{"href":"https:\/\/dmimmobrokers.com\/fr\/wp-json\/wp\/v2\/media?parent=1206"}],"curies":[{"name":"wp","href":"https:\/\/api.w.org\/{rel}","templated":true}]}}