{"id":1192,"date":"2018-01-11T16:17:24","date_gmt":"2018-01-11T16:17:24","guid":{"rendered":"http:\/\/dmimmobrokers.com\/derecho-de-sucesiones\/"},"modified":"2020-04-21T09:46:30","modified_gmt":"2020-04-21T07:46:30","slug":"droit-des-successions-famille","status":"publish","type":"page","link":"https:\/\/dmimmobrokers.com\/fr\/droit-des-successions-famille\/","title":{"rendered":"Droit des successions"},"content":{"rendered":"<div class=\"wpb-content-wrapper\"><p>[vc_row css_animation=\u00a0\u00bb\u00a0\u00bb row_type=\u00a0\u00bbrow\u00a0\u00bb use_row_as_full_screen_section=\u00a0\u00bbno\u00a0\u00bb type=\u00a0\u00bbgrid\u00a0\u00bb angled_section=\u00a0\u00bbno\u00a0\u00bb text_align=\u00a0\u00bbleft\u00a0\u00bb background_image_as_pattern=\u00a0\u00bbwithout_pattern\u00a0\u00bb background_color=\u00a0\u00bb#ffffff\u00a0\u00bb css=\u00a0\u00bb.vc_custom_1516872005246{padding-top: 50px !important;padding-bottom: 50px !important;}\u00a0\u00bb][vc_column][vc_column_text]<\/p>\n<h2 style=\"text-align: center;\">Les successions en Espagne ne peuvent \u00eatre initi\u00e9es que par les h\u00e9ritiers et ne se r\u00e9alisent pas automatiquement. Il y a une courte p\u00e9riode pour liquider l&rsquo;imp\u00f4t sur les successions.<\/h2>\n<p>[\/vc_column_text][\/vc_column][\/vc_row][vc_row css_animation=\u00a0\u00bb\u00a0\u00bb row_type=\u00a0\u00bbrow\u00a0\u00bb use_row_as_full_screen_section=\u00a0\u00bbno\u00a0\u00bb type=\u00a0\u00bbgrid\u00a0\u00bb angled_section=\u00a0\u00bbno\u00a0\u00bb text_align=\u00a0\u00bbleft\u00a0\u00bb background_image_as_pattern=\u00a0\u00bbwithout_pattern\u00a0\u00bb css=\u00a0\u00bb.vc_custom_1518436813507{padding-top: 50px !important;padding-bottom: 50px !important;}\u00a0\u00bb][vc_column][vc_column_text el_class=\u00a0\u00bbjustify\u00a0\u00bb]<\/p>\n<h2>Nos services<\/h2>\n<p>[\/vc_column_text][vc_empty_space height=\u00a0\u00bb15px\u00a0\u00bb][vc_column_text el_class=\u00a0\u00bbjustify\u00a0\u00bb]<\/p>\n<ul>\n<li>Conseils juridiques en mati\u00e8re de droit successoral national et international, y compris la planification juridique et fiscale de la succession testamentaire.<\/li>\n<li>Assistance juridique en mati\u00e8re de d\u00e9fense d&rsquo;int\u00e9r\u00eats des h\u00e9ritiers tant devant les tribunaux qu&rsquo;en dehors d&rsquo;eux.<\/li>\n<li>Revendications de r\u00e9serves h\u00e9r\u00e9ditaires et de legs.<\/li>\n<li>Contester testaments et d\u00e9clarations d&rsquo;h\u00e9ritiers.<\/li>\n<li>Intervention dans l&rsquo;administration l\u00e9gale des successions agissant en qualit\u00e9 d&rsquo;ex\u00e9cuteurs testamentaires et de repr\u00e9sentants des h\u00e9ritiers.<\/li>\n<li>R\u00e8glement des droits de succession et de donation.<\/li>\n<li>Planification de la succession en cas d\u2019entreprise familiale.<\/li>\n<\/ul>\n<p>[\/vc_column_text][\/vc_column][\/vc_row][vc_row css_animation=\u00a0\u00bb\u00a0\u00bb row_type=\u00a0\u00bbrow\u00a0\u00bb use_row_as_full_screen_section=\u00a0\u00bbno\u00a0\u00bb type=\u00a0\u00bbgrid\u00a0\u00bb angled_section=\u00a0\u00bbno\u00a0\u00bb text_align=\u00a0\u00bbleft\u00a0\u00bb background_image_as_pattern=\u00a0\u00bbwithout_pattern\u00a0\u00bb css=\u00a0\u00bb.vc_custom_1518436884154{padding-top: 50px !important;padding-bottom: 50px !important;background-color: #ffffff !important;}\u00a0\u00bb][vc_column width=\u00a0\u00bb1\/3&Prime;][vc_single_image image=\u00a0\u00bb241&Prime; img_size=\u00a0\u00bbfull\u00a0\u00bb alignment=\u00a0\u00bbcenter\u00a0\u00bb qode_css_animation=\u00a0\u00bb\u00a0\u00bb][\/vc_column][vc_column width=\u00a0\u00bb2\/3&Prime;]<blockquote class=' with_quote_icon' style=''><i class='fa fa-quote-right' style=''><\/i><h5 class='blockquote-text' style=''>Nous recommandons \u00e0 tous les \u00e9trangers qui poss\u00e8dent une propri\u00e9t\u00e9 en Espagne, d'\u00e9tablir un testament dans ce pays, ind\u00e9pendamment qu'ils soient r\u00e9sidents ou non-r\u00e9sidents en Espagne afin d'\u00e9viter tout probl\u00e8me au moment de la r\u00e9solution de la succession.<\/h5><\/blockquote>[\/vc_column][\/vc_row]<\/p>\n<\/div>","protected":false},"excerpt":{"rendered":"<p>[vc_row css_animation=\u00a0\u00bb\u00a0\u00bb row_type=\u00a0\u00bbrow\u00a0\u00bb use_row_as_full_screen_section=\u00a0\u00bbno\u00a0\u00bb type=\u00a0\u00bbgrid\u00a0\u00bb angled_section=\u00a0\u00bbno\u00a0\u00bb text_align=\u00a0\u00bbleft\u00a0\u00bb background_image_as_pattern=\u00a0\u00bbwithout_pattern\u00a0\u00bb background_color=\u00a0\u00bb#ffffff\u00a0\u00bb css=\u00a0\u00bb.vc_custom_1516872005246{padding-top: 50px !important;padding-bottom: 50px !important;}\u00a0\u00bb][vc_column][vc_column_text] Les successions en Espagne ne peuvent \u00eatre initi\u00e9es que par les h\u00e9ritiers et ne se r\u00e9alisent pas automatiquement. Il y a une courte p\u00e9riode pour liquider l&rsquo;imp\u00f4t sur les successions. [\/vc_column_text][\/vc_column][\/vc_row][vc_row&#8230;<\/p>\n","protected":false},"author":1,"featured_media":0,"parent":0,"menu_order":0,"comment_status":"closed","ping_status":"closed","template":"full_width.php","meta":{"footnotes":""},"class_list":["post-1192","page","type-page","status-publish","hentry"],"yoast_head":"<!-- This site is optimized with the Yoast SEO plugin v27.1.1 - https:\/\/yoast.com\/product\/yoast-seo-wordpress\/ -->\n<title>Droit de la famille et des Successions - DM Legal &amp; Immobrokers<\/title>\n<meta name=\"description\" content=\"DM Legal &amp; Immobrokers est un cabinet d&#039;avocats \u00e0 vocation internationale sp\u00e9cialis\u00e9 en Droit de la Famille, du Patrimoine et des Successions pour ses clients francophones. Nous vous aidons avec vos testaments ou vos successions. Contactez-nous maintenant T\u00e9l: 674 75 18 13 ou par email: info@dmimmobrokers.com.\" \/>\n<meta name=\"robots\" content=\"index, follow, max-snippet:-1, max-image-preview:large, max-video-preview:-1\" \/>\n<link rel=\"canonical\" href=\"https:\/\/dmimmobrokers.com\/fr\/droit-des-successions-famille\/\" \/>\n<meta property=\"og:locale\" content=\"fr_FR\" \/>\n<meta property=\"og:type\" content=\"article\" \/>\n<meta property=\"og:title\" content=\"Droit de la famille et des Successions - DM Legal &amp; Immobrokers\" \/>\n<meta property=\"og:description\" content=\"DM Legal &amp; Immobrokers est un cabinet d&#039;avocats \u00e0 vocation internationale sp\u00e9cialis\u00e9 en Droit de la Famille, du Patrimoine et des Successions pour ses clients francophones. Nous vous aidons avec vos testaments ou vos successions. Contactez-nous maintenant T\u00e9l: 674 75 18 13 ou par email: info@dmimmobrokers.com.\" \/>\n<meta property=\"og:url\" content=\"https:\/\/dmimmobrokers.com\/fr\/droit-des-successions-famille\/\" \/>\n<meta property=\"og:site_name\" content=\"dmimmobrokers\" \/>\n<meta property=\"article:publisher\" content=\"https:\/\/www.facebook.com\/DM-Legal-Immobrokers-181574149126257\/\" \/>\n<meta property=\"article:modified_time\" content=\"2020-04-21T07:46:30+00:00\" \/>\n<meta name=\"twitter:card\" content=\"summary_large_image\" \/>\n<meta name=\"twitter:label1\" content=\"Dur\u00e9e de lecture estim\u00e9e\" \/>\n\t<meta name=\"twitter:data1\" content=\"2 minutes\" \/>\n<script type=\"application\/ld+json\" class=\"yoast-schema-graph\">{\"@context\":\"https:\/\/schema.org\",\"@graph\":[{\"@type\":\"WebPage\",\"@id\":\"https:\/\/dmimmobrokers.com\/fr\/droit-des-successions-famille\/\",\"url\":\"https:\/\/dmimmobrokers.com\/fr\/droit-des-successions-famille\/\",\"name\":\"Droit de la famille et des Successions - DM Legal & Immobrokers\",\"isPartOf\":{\"@id\":\"https:\/\/dmimmobrokers.com\/fr\/#website\"},\"datePublished\":\"2018-01-11T16:17:24+00:00\",\"dateModified\":\"2020-04-21T07:46:30+00:00\",\"description\":\"DM Legal & Immobrokers est un cabinet d'avocats \u00e0 vocation internationale sp\u00e9cialis\u00e9 en Droit de la Famille, du Patrimoine et des Successions pour ses clients francophones. Nous vous aidons avec vos testaments ou vos successions. Contactez-nous maintenant T\u00e9l: 674 75 18 13 ou par email: info@dmimmobrokers.com.\",\"breadcrumb\":{\"@id\":\"https:\/\/dmimmobrokers.com\/fr\/droit-des-successions-famille\/#breadcrumb\"},\"inLanguage\":\"fr-FR\",\"potentialAction\":[{\"@type\":\"ReadAction\",\"target\":[\"https:\/\/dmimmobrokers.com\/fr\/droit-des-successions-famille\/\"]}]},{\"@type\":\"BreadcrumbList\",\"@id\":\"https:\/\/dmimmobrokers.com\/fr\/droit-des-successions-famille\/#breadcrumb\",\"itemListElement\":[{\"@type\":\"ListItem\",\"position\":1,\"name\":\"Portada\",\"item\":\"https:\/\/dmimmobrokers.com\/fr\/\"},{\"@type\":\"ListItem\",\"position\":2,\"name\":\"Droit des successions\"}]},{\"@type\":\"WebSite\",\"@id\":\"https:\/\/dmimmobrokers.com\/fr\/#website\",\"url\":\"https:\/\/dmimmobrokers.com\/fr\/\",\"name\":\"dmimmobrokers\",\"description\":\"Servicios legales inmobiliarios\",\"potentialAction\":[{\"@type\":\"SearchAction\",\"target\":{\"@type\":\"EntryPoint\",\"urlTemplate\":\"https:\/\/dmimmobrokers.com\/fr\/?s={search_term_string}\"},\"query-input\":{\"@type\":\"PropertyValueSpecification\",\"valueRequired\":true,\"valueName\":\"search_term_string\"}}],\"inLanguage\":\"fr-FR\"}]}<\/script>\n<!-- \/ Yoast SEO plugin. -->","yoast_head_json":{"title":"Droit de la famille et des Successions - DM Legal & Immobrokers","description":"DM Legal & Immobrokers est un cabinet d'avocats \u00e0 vocation internationale sp\u00e9cialis\u00e9 en Droit de la Famille, du Patrimoine et des Successions pour ses clients francophones. Nous vous aidons avec vos testaments ou vos successions. Contactez-nous maintenant T\u00e9l: 674 75 18 13 ou par email: info@dmimmobrokers.com.","robots":{"index":"index","follow":"follow","max-snippet":"max-snippet:-1","max-image-preview":"max-image-preview:large","max-video-preview":"max-video-preview:-1"},"canonical":"https:\/\/dmimmobrokers.com\/fr\/droit-des-successions-famille\/","og_locale":"fr_FR","og_type":"article","og_title":"Droit de la famille et des Successions - DM Legal & Immobrokers","og_description":"DM Legal & Immobrokers est un cabinet d'avocats \u00e0 vocation internationale sp\u00e9cialis\u00e9 en Droit de la Famille, du Patrimoine et des Successions pour ses clients francophones. Nous vous aidons avec vos testaments ou vos successions. Contactez-nous maintenant T\u00e9l: 674 75 18 13 ou par email: info@dmimmobrokers.com.","og_url":"https:\/\/dmimmobrokers.com\/fr\/droit-des-successions-famille\/","og_site_name":"dmimmobrokers","article_publisher":"https:\/\/www.facebook.com\/DM-Legal-Immobrokers-181574149126257\/","article_modified_time":"2020-04-21T07:46:30+00:00","twitter_card":"summary_large_image","twitter_misc":{"Dur\u00e9e de lecture estim\u00e9e":"2 minutes"},"schema":{"@context":"https:\/\/schema.org","@graph":[{"@type":"WebPage","@id":"https:\/\/dmimmobrokers.com\/fr\/droit-des-successions-famille\/","url":"https:\/\/dmimmobrokers.com\/fr\/droit-des-successions-famille\/","name":"Droit de la famille et des Successions - DM Legal & Immobrokers","isPartOf":{"@id":"https:\/\/dmimmobrokers.com\/fr\/#website"},"datePublished":"2018-01-11T16:17:24+00:00","dateModified":"2020-04-21T07:46:30+00:00","description":"DM Legal & Immobrokers est un cabinet d'avocats \u00e0 vocation internationale sp\u00e9cialis\u00e9 en Droit de la Famille, du Patrimoine et des Successions pour ses clients francophones. Nous vous aidons avec vos testaments ou vos successions. Contactez-nous maintenant T\u00e9l: 674 75 18 13 ou par email: info@dmimmobrokers.com.","breadcrumb":{"@id":"https:\/\/dmimmobrokers.com\/fr\/droit-des-successions-famille\/#breadcrumb"},"inLanguage":"fr-FR","potentialAction":[{"@type":"ReadAction","target":["https:\/\/dmimmobrokers.com\/fr\/droit-des-successions-famille\/"]}]},{"@type":"BreadcrumbList","@id":"https:\/\/dmimmobrokers.com\/fr\/droit-des-successions-famille\/#breadcrumb","itemListElement":[{"@type":"ListItem","position":1,"name":"Portada","item":"https:\/\/dmimmobrokers.com\/fr\/"},{"@type":"ListItem","position":2,"name":"Droit des successions"}]},{"@type":"WebSite","@id":"https:\/\/dmimmobrokers.com\/fr\/#website","url":"https:\/\/dmimmobrokers.com\/fr\/","name":"dmimmobrokers","description":"Servicios legales inmobiliarios","potentialAction":[{"@type":"SearchAction","target":{"@type":"EntryPoint","urlTemplate":"https:\/\/dmimmobrokers.com\/fr\/?s={search_term_string}"},"query-input":{"@type":"PropertyValueSpecification","valueRequired":true,"valueName":"search_term_string"}}],"inLanguage":"fr-FR"}]}},"_links":{"self":[{"href":"https:\/\/dmimmobrokers.com\/fr\/wp-json\/wp\/v2\/pages\/1192","targetHints":{"allow":["GET"]}}],"collection":[{"href":"https:\/\/dmimmobrokers.com\/fr\/wp-json\/wp\/v2\/pages"}],"about":[{"href":"https:\/\/dmimmobrokers.com\/fr\/wp-json\/wp\/v2\/types\/page"}],"author":[{"embeddable":true,"href":"https:\/\/dmimmobrokers.com\/fr\/wp-json\/wp\/v2\/users\/1"}],"replies":[{"embeddable":true,"href":"https:\/\/dmimmobrokers.com\/fr\/wp-json\/wp\/v2\/comments?post=1192"}],"version-history":[{"count":5,"href":"https:\/\/dmimmobrokers.com\/fr\/wp-json\/wp\/v2\/pages\/1192\/revisions"}],"predecessor-version":[{"id":2693,"href":"https:\/\/dmimmobrokers.com\/fr\/wp-json\/wp\/v2\/pages\/1192\/revisions\/2693"}],"wp:attachment":[{"href":"https:\/\/dmimmobrokers.com\/fr\/wp-json\/wp\/v2\/media?parent=1192"}],"curies":[{"name":"wp","href":"https:\/\/api.w.org\/{rel}","templated":true}]}}